{"id":40849,"date":"2026-04-15T00:02:28","date_gmt":"2026-04-14T21:02:28","guid":{"rendered":"https:\/\/alleegalerii.ee\/?post_type=product&#038;p=40849"},"modified":"2026-04-16T14:12:23","modified_gmt":"2026-04-16T11:12:23","slug":"89-leonhard-lapin-naine-masin-xxiv","status":"publish","type":"product","link":"https:\/\/alleegalerii.ee\/en\/shop\/89-leonhard-lapin-naine-masin-xxiv\/","title":{"rendered":"89. Leonhard Lapin \u201cWoman-Machine XXIV\u201d"},"content":{"rendered":"<div class=\"wpb-content-wrapper\"><p>[vc_row][vc_column][vc_column_text css=&#8221;&#8221; woodmart_inline=&#8221;no&#8221; text_larger=&#8221;no&#8221;]<\/p>\n<h5>K\u00f5rgtr\u00fckk paberil. 1978.<br \/>\nAll paremal: NAINE-MASIN XXIV K\u00d5RGTR\u00dcKK A.E XVIII<br \/>\nAll paremal: LLapin 1978<\/h5>\n<p>Leonhard Lapin (1947-2022) oli eesti avangardkunsti keskseid kujusid, kelle looming \u00fchendas arhitektuuri, graafika ja kontseptuaalse m\u00f5tlemise. 1970. aastatel kujunes tema t\u00f6\u00f6de oluliseks teemaks inimese ja tehnoloogilise keskkonna suhe, mida ta k\u00e4sitles sageli iroonilise ja m\u00e4ngulise kujundikeele kaudu.<\/p>\n<p>K\u00e4esolev, ikoonilisse \u201eNaine-masin\u201c sarja kuuluv teos eristub teistest oma figuurirohkusega. Ringide, joonte ja mehhaaniliste vormidega r\u00e4gastikku p\u00f5imunud naised loovad mulje s\u00fcsteemist, kus inimene ja masin moodustavad \u00fche terviku. Mustvalge kontrast, tugevad kontuurid ja korduvad motiivid annavad t\u00f6\u00f6le aga r\u00fctmilise ja peaaegu ornamentaalse iseloomu.<\/p>\n<p style=\"text-align: right;\">Tekst: Katre Palm<\/p>\n<p>[\/vc_column_text][\/vc_column][\/vc_row]<\/p>\n<\/div>","protected":false},"excerpt":{"rendered":"<p>[vc_row][vc_column][vc_column_text css=&#8221;&#8221; woodmart_inline=&#8221;no&#8221; text_larger=&#8221;no&#8221;] K\u00f5rgtr\u00fckk paberil. 1978. All paremal: NAINE-MASIN XXIV K\u00d5RGTR\u00dcKK A.E XVIII All paremal: LLapin 1978 Leonhard Lapin<\/p>\n","protected":false},"featured_media":39656,"template":"","meta":{"_acf_changed":false},"product_brand":[],"product_cat":[435],"product_tag":[],"class_list":{"0":"post-40849","1":"product","2":"type-product","3":"status-publish","4":"has-post-thumbnail","6":"product_cat-kevadoksjon-2026","7":"auction-is-open","9":"first","10":"instock","11":"shipping-taxable","12":"purchasable","13":"product-type-auction"},"acf":[],"_links":{"self":[{"href":"https:\/\/alleegalerii.ee\/en\/wp-json\/wp\/v2\/product\/40849","targetHints":{"allow":["GET"]}}],"collection":[{"href":"https:\/\/alleegalerii.ee\/en\/wp-json\/wp\/v2\/product"}],"about":[{"href":"https:\/\/alleegalerii.ee\/en\/wp-json\/wp\/v2\/types\/product"}],"wp:featuredmedia":[{"embeddable":true,"href":"https:\/\/alleegalerii.ee\/en\/wp-json\/wp\/v2\/media\/39656"}],"wp:attachment":[{"href":"https:\/\/alleegalerii.ee\/en\/wp-json\/wp\/v2\/media?parent=40849"}],"wp:term":[{"taxonomy":"product_brand","embeddable":true,"href":"https:\/\/alleegalerii.ee\/en\/wp-json\/wp\/v2\/product_brand?post=40849"},{"taxonomy":"product_cat","embeddable":true,"href":"https:\/\/alleegalerii.ee\/en\/wp-json\/wp\/v2\/product_cat?post=40849"},{"taxonomy":"product_tag","embeddable":true,"href":"https:\/\/alleegalerii.ee\/en\/wp-json\/wp\/v2\/product_tag?post=40849"}],"curies":[{"name":"wp","href":"https:\/\/api.w.org\/{rel}","templated":true}]}}