{"id":40847,"date":"2026-04-15T00:00:47","date_gmt":"2026-04-14T21:00:47","guid":{"rendered":"https:\/\/alleegalerii.ee\/?post_type=product&#038;p=40847"},"modified":"2026-04-16T14:08:37","modified_gmt":"2026-04-16T11:08:37","slug":"87-laurentsius-yummy-cxxx","status":"publish","type":"product","link":"https:\/\/alleegalerii.ee\/en\/shop\/87-laurentsius-yummy-cxxx\/","title":{"rendered":"87. Laurentsius \"Yummy CXXX\""},"content":{"rendered":"<div class=\"wpb-content-wrapper\"><p>[vc_row][vc_column][vc_column_text css=&#8221;&#8221; woodmart_inline=&#8221;no&#8221; text_larger=&#8221;no&#8221;]<\/p>\n<h5>\u00d5li l\u00f5uendil. 2010.<br \/>\nP\u00f6\u00f6rdel: Laurentsius &amp; Co. &#8220;YUMMY CXXX 2010 \u00d5LI L\u00d5UENDIL 15&#215;15 cm<\/h5>\n<p>Eesti metaf\u00fc\u00fcsikasse ja s\u00fcrrealismi kalduva campkunsti esinumbri Laurentsiuse (kodanikunimega Lauri Sillak, s. 1969) maal kujutab vilja. Aga k\u00fcsimus, kas meie ees on puu- v\u00f5i juurvili, on intellektuaalse spekulatsiooni k\u00f5rgpilotaa\u017ei v\u00e4\u00e4rt &#8211; kuigi, kas me siis ikkagi t\u00f5eni j\u00f5uame? Maali seisukohalt aga polegi see oluline, t\u00e4htis on teosest \u00f5hkuv visuaalne intriig ja maaliline t\u00e4iuslikkus. Laurentsiuse v\u00f5ime leida viljadest ammendamatut inspiratsiooni ning seda meile igal korral taas v\u00e4rskena esitleda, on kadestamisv\u00e4\u00e4rne. Illusoorne realism on tema loomingus endiselt esiplaanil, nagu ka maailma tajumine kummaliste asjade kogumina.<\/p>\n<p style=\"text-align: right;\">Tekst: Harry Liivrand<\/p>\n<p>[\/vc_column_text][\/vc_column][\/vc_row]<\/p>\n<\/div>","protected":false},"excerpt":{"rendered":"<p>[vc_row][vc_column][vc_column_text css=&#8221;&#8221; woodmart_inline=&#8221;no&#8221; text_larger=&#8221;no&#8221;] \u00d5li l\u00f5uendil. 2010. P\u00f6\u00f6rdel: Laurentsius &amp; Co. &#8220;YUMMY CXXX 2010 \u00d5LI L\u00d5UENDIL 15&#215;15 cm Eesti metaf\u00fc\u00fcsikasse<\/p>\n","protected":false},"featured_media":39752,"template":"","meta":{"_acf_changed":false},"product_brand":[],"product_cat":[435],"product_tag":[],"class_list":{"0":"post-40847","1":"product","2":"type-product","3":"status-publish","4":"has-post-thumbnail","6":"product_cat-kevadoksjon-2026","7":"auction-is-open","8":"current-user-is-not-highest-bidder","10":"first","11":"instock","12":"shipping-taxable","13":"purchasable","14":"product-type-auction"},"acf":[],"_links":{"self":[{"href":"https:\/\/alleegalerii.ee\/en\/wp-json\/wp\/v2\/product\/40847","targetHints":{"allow":["GET"]}}],"collection":[{"href":"https:\/\/alleegalerii.ee\/en\/wp-json\/wp\/v2\/product"}],"about":[{"href":"https:\/\/alleegalerii.ee\/en\/wp-json\/wp\/v2\/types\/product"}],"wp:featuredmedia":[{"embeddable":true,"href":"https:\/\/alleegalerii.ee\/en\/wp-json\/wp\/v2\/media\/39752"}],"wp:attachment":[{"href":"https:\/\/alleegalerii.ee\/en\/wp-json\/wp\/v2\/media?parent=40847"}],"wp:term":[{"taxonomy":"product_brand","embeddable":true,"href":"https:\/\/alleegalerii.ee\/en\/wp-json\/wp\/v2\/product_brand?post=40847"},{"taxonomy":"product_cat","embeddable":true,"href":"https:\/\/alleegalerii.ee\/en\/wp-json\/wp\/v2\/product_cat?post=40847"},{"taxonomy":"product_tag","embeddable":true,"href":"https:\/\/alleegalerii.ee\/en\/wp-json\/wp\/v2\/product_tag?post=40847"}],"curies":[{"name":"wp","href":"https:\/\/api.w.org\/{rel}","templated":true}]}}