{"id":40840,"date":"2026-04-14T22:42:21","date_gmt":"2026-04-14T19:42:21","guid":{"rendered":"https:\/\/alleegalerii.ee\/?post_type=product&#038;p=40840"},"modified":"2026-04-16T14:08:18","modified_gmt":"2026-04-16T11:08:18","slug":"86-evald-okas-akt-rohelisel-kangal","status":"publish","type":"product","link":"https:\/\/alleegalerii.ee\/en\/shop\/86-evald-okas-akt-rohelisel-kangal\/","title":{"rendered":"86. Evald Okas \u201cNude on Green Fabric\u201d"},"content":{"rendered":"<div class=\"wpb-content-wrapper\"><p>[vc_row][vc_column][vc_column_text css=&#8221;&#8221; woodmart_inline=&#8221;no&#8221; text_larger=&#8221;no&#8221;]<\/p>\n<h5>\u00d5li l\u00f5uendil. 1985.<br \/>\nAll paremal: EOkas 1985<br \/>\nP\u00f6\u00f6rdel: EOkas 1985<\/h5>\n<p>Eesti maalikunsti grand old man Evald Okas (1915-2011) p\u00fchendus sulnile naisaktile 1980. aastatel, tol k\u00fcmnendil sai see \u017eanr Okase loomingus domineerivaks ning j\u00e4tkus kuni tema elu l\u00f5puni.<\/p>\n<p>&#8220;Akt rohelisel kangal&#8221; teose erootiline laeng on tugev, varjundirohke ihutoon harmoneerub nii tagaplaani kui esiplaani punakaspruuni koloriidiga, kuhu samas nii vajaliku aktsendi loob vastandv\u00e4rvina roheline kangapartii. Maalilt vaatajaga silmsidet pidav modell r\u00f5hutab mitte ainult visuaalset kommunikatsiooni, vaid r\u00f5hub ka fantaasiale.<\/p>\n<p style=\"text-align: right;\">Tekst: Harry Liivrand<\/p>\n<p>[\/vc_column_text][\/vc_column][\/vc_row]<\/p>\n<\/div>","protected":false},"excerpt":{"rendered":"<p>[vc_row][vc_column][vc_column_text css=&#8221;&#8221; woodmart_inline=&#8221;no&#8221; text_larger=&#8221;no&#8221;] \u00d5li l\u00f5uendil. 1985. All paremal: EOkas 1985 P\u00f6\u00f6rdel: EOkas 1985 Eesti maalikunsti grand old man Evald<\/p>\n","protected":false},"featured_media":39248,"template":"","meta":{"_acf_changed":false},"product_brand":[],"product_cat":[435],"product_tag":[],"class_list":{"0":"post-40840","1":"product","2":"type-product","3":"status-publish","4":"has-post-thumbnail","6":"product_cat-kevadoksjon-2026","7":"auction-is-open","8":"current-user-is-not-highest-bidder","10":"first","11":"instock","12":"shipping-taxable","13":"purchasable","14":"product-type-auction"},"acf":[],"_links":{"self":[{"href":"https:\/\/alleegalerii.ee\/en\/wp-json\/wp\/v2\/product\/40840","targetHints":{"allow":["GET"]}}],"collection":[{"href":"https:\/\/alleegalerii.ee\/en\/wp-json\/wp\/v2\/product"}],"about":[{"href":"https:\/\/alleegalerii.ee\/en\/wp-json\/wp\/v2\/types\/product"}],"wp:featuredmedia":[{"embeddable":true,"href":"https:\/\/alleegalerii.ee\/en\/wp-json\/wp\/v2\/media\/39248"}],"wp:attachment":[{"href":"https:\/\/alleegalerii.ee\/en\/wp-json\/wp\/v2\/media?parent=40840"}],"wp:term":[{"taxonomy":"product_brand","embeddable":true,"href":"https:\/\/alleegalerii.ee\/en\/wp-json\/wp\/v2\/product_brand?post=40840"},{"taxonomy":"product_cat","embeddable":true,"href":"https:\/\/alleegalerii.ee\/en\/wp-json\/wp\/v2\/product_cat?post=40840"},{"taxonomy":"product_tag","embeddable":true,"href":"https:\/\/alleegalerii.ee\/en\/wp-json\/wp\/v2\/product_tag?post=40840"}],"curies":[{"name":"wp","href":"https:\/\/api.w.org\/{rel}","templated":true}]}}