{"id":40836,"date":"2026-04-14T22:33:24","date_gmt":"2026-04-14T19:33:24","guid":{"rendered":"https:\/\/alleegalerii.ee\/?post_type=product&#038;p=40836"},"modified":"2026-04-16T13:57:47","modified_gmt":"2026-04-16T10:57:47","slug":"82-lepo-mikko-triptuhhon-inimesed-ja-maa","status":"publish","type":"product","link":"https:\/\/alleegalerii.ee\/en\/shop\/82-lepo-mikko-triptuhhon-inimesed-ja-maa\/","title":{"rendered":"81. Lepo Mikko \u201cPeople and Land\u201d"},"content":{"rendered":"<div class=\"wpb-content-wrapper\"><p>[vc_row][vc_column][vc_column_text css=&#8221;&#8221; woodmart_inline=&#8221;no&#8221; text_larger=&#8221;no&#8221;]<\/p>\n<h5>\u00d5li l\u00f5uendil. 1967.<br \/>\nI<br \/>\nP\u00f6\u00f6rdel: L. MIKKO<br \/>\nP\u00f6\u00f6rdel alusraamil: L. MIKKO &#8220;INIMESED JA MAA&#8221; 1967 I KOLMIKMAAL<br \/>\nII<br \/>\nAll paremal: LMikko 67.<br \/>\nP\u00f6\u00f6rdel: L. MIKKO<br \/>\nP\u00f6\u00f6rdel alusraamil: II L. MIKKO &#8220;INIMESED JA MAA&#8221; 1967 KOLMIKMAAL KESKOSA<br \/>\nIII<br \/>\nAll paremal: MIKK-MIKKO 67.<br \/>\nP\u00f6\u00f6rdel alusraamil: MIKK MIKKO &#8220;INIMESED JA MAA&#8221; 1967 KOLMIKMAAL III<\/h5>\n<p style=\"text-align: right\">\u201cIkka veel tunnen isa karedaid k\u00e4mblaid,<br \/>\nkonksus s\u00f5rmi oma n\u00f5rkades pihkudes.<br \/>\nKui kotte t\u00e4is rukkist v\u00f5i nisu<br \/>\nvankrisse laadisime v\u00f5i salve.\u201d<\/p>\n<p style=\"text-align: right\">Katkend Lepo Mikko luuletusest<\/p>\n<p>Lepo Mikko (1911-1978) 1960ndate teosed liikusid aina suurema formaadi, figuurirohkuse ja ideelise \u00fcldistuse poole, p\u00fc\u00fcdes leida visuaalseid vasteid tema jaoks aktuaalsetele filosoofilistele teemadele, on kirjutanud kunstiteadlane Anu Liivak. Juba tema tahvelmaalides v\u00f5is m\u00e4rgata p\u00fcrgimust monumentaalsuse poole, aina enam meenutasid need oma olemuselt v\u00f5imsaid pannoosid. Taoliste maalide \u00fcheks esimeseks n\u00e4iteks tema loomingus on kolmeosaline \u201cInimesed ja maa\u201d. (\u201cLepo Mikko\u201d, EKM, 2013, lk 37-38).<\/p>\n<p>Meie ees olev tript\u00fchhon kujutab poeetiliselt aastaaegade ja maat\u00f6\u00f6de vaheldumist: kevadist k\u00fclviaega, suvist heinategu ja l\u00f5ikuskuud. Sel lahendusel ei puudu paatos, aga see on l\u00e4bitunnetatud ja emotsionaalselt veenev. On selgelt n\u00e4ha, et Mikko r\u00e4\u00e4gib siin sellest, mida ise teab ja on kogenud &#8211; n\u00f5nda loomulikult ja terviklikult lahendab ta kodumaise maaelu teemasid.<\/p>\n<p>Kuigi kokkupuude talut\u00f6\u00f6dega algas lapsep\u00f5lvest Viljandimaalt (samas sai alguse ka kunstihuvi), j\u00e4i Mikko maal\u00e4hedaseks kogu elu. 1960ndate keskel asus ta Pirita-Kosele maja ehitama ning poja s\u00f5nul pidas v\u00e4ga lugu juurtest, \u201coli seotud looduskaitsega ja tegeles aktiivselt aiandusega (pookis \u00f5unapuid, tegeles koduaia viie mesipuuga). Samal ajal ostis Mikko endise kodutalu l\u00e4hedale Loodile talukoha, kus veetis enamiku suvedest\u201d (samas, lk 279). Seega on k\u00e4esolev kolmikmaal omamoodi visuaalne koondpilt kunstniku enda m\u00e4lestustest, m\u00f5tetest ja eluteest.<\/p>\n<p>Teos on reprodutseeritud Anu Liivaku koostatud mahukas raamatus-n\u00e4itusekataloogis \u201eLepo Mikko\u201c (Kumu 2013, lk. 198-199).<\/p>\n<p style=\"text-align: right\">Tekst: Mai Levin, Katre Palm<\/p>\n<p>[\/vc_column_text][\/vc_column][\/vc_row]<\/p>\n<\/div>","protected":false},"excerpt":{"rendered":"<p>[vc_row][vc_column][vc_column_text css=&#8221;&#8221; woodmart_inline=&#8221;no&#8221; text_larger=&#8221;no&#8221;] \u00d5li l\u00f5uendil. 1967. I P\u00f6\u00f6rdel: L. MIKKO P\u00f6\u00f6rdel alusraamil: L. MIKKO &#8220;INIMESED JA MAA&#8221; 1967 I<\/p>\n","protected":false},"featured_media":39749,"template":"","meta":{"_acf_changed":false},"product_brand":[],"product_cat":[435],"product_tag":[],"class_list":{"0":"post-40836","1":"product","2":"type-product","3":"status-publish","4":"has-post-thumbnail","6":"product_cat-kevadoksjon-2026","7":"auction-is-open","9":"first","10":"instock","11":"shipping-taxable","12":"purchasable","13":"product-type-auction"},"acf":[],"_links":{"self":[{"href":"https:\/\/alleegalerii.ee\/en\/wp-json\/wp\/v2\/product\/40836","targetHints":{"allow":["GET"]}}],"collection":[{"href":"https:\/\/alleegalerii.ee\/en\/wp-json\/wp\/v2\/product"}],"about":[{"href":"https:\/\/alleegalerii.ee\/en\/wp-json\/wp\/v2\/types\/product"}],"wp:featuredmedia":[{"embeddable":true,"href":"https:\/\/alleegalerii.ee\/en\/wp-json\/wp\/v2\/media\/39749"}],"wp:attachment":[{"href":"https:\/\/alleegalerii.ee\/en\/wp-json\/wp\/v2\/media?parent=40836"}],"wp:term":[{"taxonomy":"product_brand","embeddable":true,"href":"https:\/\/alleegalerii.ee\/en\/wp-json\/wp\/v2\/product_brand?post=40836"},{"taxonomy":"product_cat","embeddable":true,"href":"https:\/\/alleegalerii.ee\/en\/wp-json\/wp\/v2\/product_cat?post=40836"},{"taxonomy":"product_tag","embeddable":true,"href":"https:\/\/alleegalerii.ee\/en\/wp-json\/wp\/v2\/product_tag?post=40836"}],"curies":[{"name":"wp","href":"https:\/\/api.w.org\/{rel}","templated":true}]}}