{"id":40835,"date":"2026-04-14T22:32:54","date_gmt":"2026-04-14T19:32:54","guid":{"rendered":"https:\/\/alleegalerii.ee\/?post_type=product&#038;p=40835"},"modified":"2026-04-16T13:58:47","modified_gmt":"2026-04-16T10:58:47","slug":"81-eduard-wiiralt-madonna","status":"publish","type":"product","link":"https:\/\/alleegalerii.ee\/en\/shop\/81-eduard-wiiralt-madonna\/","title":{"rendered":"82. Eduard Wiiralt \"Madonna\""},"content":{"rendered":"<div class=\"wpb-content-wrapper\"><p>[vc_row][vc_column][vc_column_text css=&#8221;&#8221; woodmart_inline=&#8221;no&#8221; text_larger=&#8221;no&#8221;]<\/p>\n<h5>Akvarell, gua\u0161\u0161 paberil. 1931.<br \/>\nAll vasakul: Wiiralt 1931<\/h5>\n<p>Kunstiteadlane Ants Juske on kirjutanud, et naiste kujutamisel oli Eduard Wiiraltil (1898-1954) kaks arhet\u00fc\u00fcpi: madonna ja hoor. S\u00f5na &#8220;madonna&#8221; definitsioon varieerub ja kuigi see v\u00f5ib kirjeldada ka lihtsalt neitsilikku t\u00fcdrukut, v\u00f5ime daami loori j\u00e4rgi siiski eeldada, et Wiiralt kujutas siin Neitsi Maarjat (\u201cIkkagi tundmatu Wiiralt\u201d, Delfi).<\/p>\n<p>V\u00f5ib \u00f6elda, et Eestis on v\u00e4he selliseid kunstnikke, kes Piibli teemadega nii palju oleks tegelenud ning kunstniku varasemas loomingus on neil k\u00fcllaltki silmapaistev koht. Muuseas, need olid ka suurem osa tema 1924. aasta Pallase diplomit\u00f6\u00f6st.<\/p>\n<p>1931. aastal maalis Wiiralt oma s\u00f5bratari Nelly Stulzi vennale, kirurg Edgar Stulzile P\u00fcha Vincent de Pauli portree. See andiski talle t\u00f5uke terve p\u00fchakute sarja joonistamiseks aastail 1931-33 (\u201eDie Heiligen\u201c \u2013 nii nimetas Wiiralt ise seda sarja).<\/p>\n<p>V\u00e4rviliste joonistuste k\u00f5rval s\u00fcndis p\u00fchade naiste t\u00f6id ka akvarellis, mille \u00fcks haruldane eksemplar on meie ees. Madonnal on sarnaselt teiste sarja t\u00f6\u00f6dega langetatud pilt, s\u00fcmboliseerimaks vagadust. T\u00f6\u00f6 tehnika aga on sarnane Eesti Kunstimuuseumi kollektsiooni kuuluvale \u201cDaami portreele\u201d (1927-28).<\/p>\n<p style=\"text-align: right;\">Tekst: Mai Levin, Kaspar Allik<\/p>\n<p>[\/vc_column_text][\/vc_column][\/vc_row]<\/p>\n<\/div>","protected":false},"excerpt":{"rendered":"<p>[vc_row][vc_column][vc_column_text css=&#8221;&#8221; woodmart_inline=&#8221;no&#8221; text_larger=&#8221;no&#8221;] Akvarell, gua\u0161\u0161 paberil. 1931. All vasakul: Wiiralt 1931 Kunstiteadlane Ants Juske on kirjutanud, et naiste kujutamisel<\/p>\n","protected":false},"featured_media":40405,"template":"","meta":{"_acf_changed":false},"product_brand":[],"product_cat":[435],"product_tag":[],"class_list":{"0":"post-40835","1":"product","2":"type-product","3":"status-publish","4":"has-post-thumbnail","6":"product_cat-kevadoksjon-2026","7":"auction-is-open","9":"first","10":"instock","11":"shipping-taxable","12":"purchasable","13":"product-type-auction"},"acf":[],"_links":{"self":[{"href":"https:\/\/alleegalerii.ee\/en\/wp-json\/wp\/v2\/product\/40835","targetHints":{"allow":["GET"]}}],"collection":[{"href":"https:\/\/alleegalerii.ee\/en\/wp-json\/wp\/v2\/product"}],"about":[{"href":"https:\/\/alleegalerii.ee\/en\/wp-json\/wp\/v2\/types\/product"}],"wp:featuredmedia":[{"embeddable":true,"href":"https:\/\/alleegalerii.ee\/en\/wp-json\/wp\/v2\/media\/40405"}],"wp:attachment":[{"href":"https:\/\/alleegalerii.ee\/en\/wp-json\/wp\/v2\/media?parent=40835"}],"wp:term":[{"taxonomy":"product_brand","embeddable":true,"href":"https:\/\/alleegalerii.ee\/en\/wp-json\/wp\/v2\/product_brand?post=40835"},{"taxonomy":"product_cat","embeddable":true,"href":"https:\/\/alleegalerii.ee\/en\/wp-json\/wp\/v2\/product_cat?post=40835"},{"taxonomy":"product_tag","embeddable":true,"href":"https:\/\/alleegalerii.ee\/en\/wp-json\/wp\/v2\/product_tag?post=40835"}],"curies":[{"name":"wp","href":"https:\/\/api.w.org\/{rel}","templated":true}]}}