{"id":40831,"date":"2026-04-14T22:28:49","date_gmt":"2026-04-14T19:28:49","guid":{"rendered":"https:\/\/alleegalerii.ee\/?post_type=product&#038;p=40831"},"modified":"2026-04-16T13:55:03","modified_gmt":"2026-04-16T10:55:03","slug":"77-anatoli-kaigorodov-kevadel","status":"publish","type":"product","link":"https:\/\/alleegalerii.ee\/en\/shop\/77-anatoli-kaigorodov-kevadel\/","title":{"rendered":"77. Anatoli Kaigorodov \u201cIn Spring\u201d"},"content":{"rendered":"<div class=\"wpb-content-wrapper\"><p>[vc_row][vc_column][vc_column_text css=&#8221;&#8221; woodmart_inline=&#8221;no&#8221; text_larger=&#8221;no&#8221;]<\/p>\n<h5>\u00d5li, tempera kartongil. 1920ndad.<br \/>\nAll paremal: A. Kaigorodoff<\/h5>\n<p>Anatoli Kaigorodov (1878-1945) \u00f5ppis kunsti nii Stieglitzi kunstikoolis (1896-1900) kui Kunstide Akadeemias (1900-1902), l\u00f5petades paralleelselt ka Peterburi \u00dclikooli \u00f5igusteaduskonna. Peale kooli l\u00f5ppu t\u00e4iendas ta end kolme aasta jooksul M\u00fcnchenis ja Pariisis ning esines enne I maailmas\u00f5da korduvalt rahvusvahelistel n\u00e4itustel, eesk\u00e4tt Saksamaal. 1920. aastal kolis Kaigorodov Eestisse, kus p\u00e4lvis rahvusvaheliselt tunnustatud kunstnikuna kiirelt poolehoiu ning temast sai hinnatud \u00f5ppej\u00f5ud oma Tallinnas asunud kunstistuudios.<\/p>\n<p>Meie ees olev teos on \u00fcks tuntumaid kunstniku maale, mis kannab ka tema Wikipedia tutvustuse n\u00e4idismaali rolli ning p\u00f5hjusega &#8211; see kevadtalvine vaade v\u00f5tab kokku tema 1920. aastate loomingu iseloomu. Kompositsioon on\u00a0 juugendstiililiselt julge rakursiga\u00a0 ja ka \u00fcldistav-voolavad laiad pintslit\u00f5mbed meenutavad veel 20. sajandi algust. Just nii on kantud teosele ka puude loogelised varjud lumel, mis oma romantilise voogavusega annavad edasi varakevade karguse.<\/p>\n<p style=\"text-align: right;\">Tekst: Mai Levin<\/p>\n<p>[\/vc_column_text][\/vc_column][\/vc_row]<\/p>\n<\/div>","protected":false},"excerpt":{"rendered":"<p>[vc_row][vc_column][vc_column_text css=&#8221;&#8221; woodmart_inline=&#8221;no&#8221; text_larger=&#8221;no&#8221;] \u00d5li, tempera kartongil. 1920ndad. All paremal: A. Kaigorodoff Anatoli Kaigorodov (1878-1945) \u00f5ppis kunsti nii Stieglitzi kunstikoolis<\/p>\n","protected":false},"featured_media":38297,"template":"","meta":{"_acf_changed":false},"product_brand":[],"product_cat":[435],"product_tag":[],"class_list":{"0":"post-40831","1":"product","2":"type-product","3":"status-publish","4":"has-post-thumbnail","6":"product_cat-kevadoksjon-2026","7":"auction-is-open","9":"first","10":"instock","11":"shipping-taxable","12":"purchasable","13":"product-type-auction"},"acf":[],"_links":{"self":[{"href":"https:\/\/alleegalerii.ee\/en\/wp-json\/wp\/v2\/product\/40831","targetHints":{"allow":["GET"]}}],"collection":[{"href":"https:\/\/alleegalerii.ee\/en\/wp-json\/wp\/v2\/product"}],"about":[{"href":"https:\/\/alleegalerii.ee\/en\/wp-json\/wp\/v2\/types\/product"}],"wp:featuredmedia":[{"embeddable":true,"href":"https:\/\/alleegalerii.ee\/en\/wp-json\/wp\/v2\/media\/38297"}],"wp:attachment":[{"href":"https:\/\/alleegalerii.ee\/en\/wp-json\/wp\/v2\/media?parent=40831"}],"wp:term":[{"taxonomy":"product_brand","embeddable":true,"href":"https:\/\/alleegalerii.ee\/en\/wp-json\/wp\/v2\/product_brand?post=40831"},{"taxonomy":"product_cat","embeddable":true,"href":"https:\/\/alleegalerii.ee\/en\/wp-json\/wp\/v2\/product_cat?post=40831"},{"taxonomy":"product_tag","embeddable":true,"href":"https:\/\/alleegalerii.ee\/en\/wp-json\/wp\/v2\/product_tag?post=40831"}],"curies":[{"name":"wp","href":"https:\/\/api.w.org\/{rel}","templated":true}]}}