{"id":40830,"date":"2026-04-14T22:28:05","date_gmt":"2026-04-14T19:28:05","guid":{"rendered":"https:\/\/alleegalerii.ee\/?post_type=product&#038;p=40830"},"modified":"2026-04-16T13:54:27","modified_gmt":"2026-04-16T10:54:27","slug":"76-anatoli-kaigorodov-rannakulas","status":"publish","type":"product","link":"https:\/\/alleegalerii.ee\/en\/shop\/76-anatoli-kaigorodov-rannakulas\/","title":{"rendered":"76. Anatoli Kaigorodov \u201cIn the Coastal Village\u201d"},"content":{"rendered":"<div class=\"wpb-content-wrapper\"><p>[vc_row][vc_column][vc_column_text css=&#8221;&#8221; woodmart_inline=&#8221;no&#8221; text_larger=&#8221;no&#8221;]<\/p>\n<h5>Tempera papil. 1920ndad.<br \/>\nAll vasakul: A. Kaigorodoff.<\/h5>\n<p>Anatoli Kaigorodovi (1878-1945) teostes m\u00e4rkame nii juugendstiili kui s\u00fcmbolismi m\u00f5ju, eriti tema 1910ndate aastate teostes. 1920. aastal Eestisse saabudes see m\u00f5ju veidi pehmeneb, ent annab siiski tunda nii pildiruumi j\u00e4rskudes rakurssides kui ka d\u00fcnaamilises pintslik\u00e4sitluses &#8211; just selle laadiga sobis h\u00e4sti tempera.<\/p>\n<p>Kaigorodov armastas eriti maalida p\u00f5hjaranniku motiive &#8211; siin elasid tal tuttavad, mis andis talle v\u00f5imaluse j\u00e4\u00e4da \u00f6\u00f6majale ning pikemalt nautida rannaelu v\u00f5lusid. K\u00e4esolev maal paelub s\u00e4ravas valguses puhtalt k\u00f5lavate v\u00e4rvidega ja tuulise ranna atmosf\u00e4\u00e4ri otse tajutavalt edasiandva pintslik\u00e4sitlusega. Meisterlik teostus!<\/p>\n<p style=\"text-align: right;\">Tekst: Mai Levin<\/p>\n<p>[\/vc_column_text][\/vc_column][\/vc_row]<\/p>\n<\/div>","protected":false},"excerpt":{"rendered":"<p>[vc_row][vc_column][vc_column_text css=&#8221;&#8221; woodmart_inline=&#8221;no&#8221; text_larger=&#8221;no&#8221;] Tempera papil. 1920ndad. All vasakul: A. Kaigorodoff. Anatoli Kaigorodovi (1878-1945) teostes m\u00e4rkame nii juugendstiili kui s\u00fcmbolismi<\/p>\n","protected":false},"featured_media":38288,"template":"","meta":{"_acf_changed":false},"product_brand":[],"product_cat":[435],"product_tag":[],"class_list":{"0":"post-40830","1":"product","2":"type-product","3":"status-publish","4":"has-post-thumbnail","6":"product_cat-kevadoksjon-2026","7":"auction-is-open","9":"first","10":"instock","11":"shipping-taxable","12":"purchasable","13":"product-type-auction"},"acf":[],"_links":{"self":[{"href":"https:\/\/alleegalerii.ee\/en\/wp-json\/wp\/v2\/product\/40830","targetHints":{"allow":["GET"]}}],"collection":[{"href":"https:\/\/alleegalerii.ee\/en\/wp-json\/wp\/v2\/product"}],"about":[{"href":"https:\/\/alleegalerii.ee\/en\/wp-json\/wp\/v2\/types\/product"}],"wp:featuredmedia":[{"embeddable":true,"href":"https:\/\/alleegalerii.ee\/en\/wp-json\/wp\/v2\/media\/38288"}],"wp:attachment":[{"href":"https:\/\/alleegalerii.ee\/en\/wp-json\/wp\/v2\/media?parent=40830"}],"wp:term":[{"taxonomy":"product_brand","embeddable":true,"href":"https:\/\/alleegalerii.ee\/en\/wp-json\/wp\/v2\/product_brand?post=40830"},{"taxonomy":"product_cat","embeddable":true,"href":"https:\/\/alleegalerii.ee\/en\/wp-json\/wp\/v2\/product_cat?post=40830"},{"taxonomy":"product_tag","embeddable":true,"href":"https:\/\/alleegalerii.ee\/en\/wp-json\/wp\/v2\/product_tag?post=40830"}],"curies":[{"name":"wp","href":"https:\/\/api.w.org\/{rel}","templated":true}]}}