{"id":40827,"date":"2026-04-14T22:23:37","date_gmt":"2026-04-14T19:23:37","guid":{"rendered":"https:\/\/alleegalerii.ee\/?post_type=product&#038;p=40827"},"modified":"2026-04-16T13:49:55","modified_gmt":"2026-04-16T10:49:55","slug":"73-anatoli-kaigorodov-paadisoitja","status":"publish","type":"product","link":"https:\/\/alleegalerii.ee\/en\/shop\/73-anatoli-kaigorodov-paadisoitja\/","title":{"rendered":"73. Anatoli Kaigorodov \u201cThe Fisherman\u201d"},"content":{"rendered":"<div class=\"wpb-content-wrapper\"><p>[vc_row][vc_column][vc_column_text css=&#8221;&#8221; woodmart_inline=&#8221;no&#8221; text_larger=&#8221;no&#8221;]<\/p>\n<h5>\u00d5li l\u00f5uendil. 1932-35<br \/>\nAll paremal: A. Kaigorodoff<\/h5>\n<p><span style=\"font-weight: 400;\">1935. aastal t\u00f5mbas \u00e4sjavalminud Kunstihoonesse rohkelt publikut kolme kunstniku &#8211; revolutsioonij\u00e4rgselt Tallinnas elava v\u00e4ljapaistva maalija Anatoli Kaigorodovi (1978-1945),\u00a0 Riias elava kunstniku Konstantin V\u00f5ssotski (1864 \u2013 1938) ning samuti Riias elava, Inglise kogukonda Moskvas kuulunud Eric Thornton Prehni (1894 \u2013 1981) &#8211;\u00a0 \u00fchisn\u00e4itus. Suursuguse s\u00fcndmuse avas riigivanem, kohal oli ka kaitsev\u00e4gede \u00fclemjuhataja ning piiskoppe naaberriikidest. \u201cEesti kunsti\u201d sama aasta numbris kirjutati: \u201cN\u00e4ituselt osteti k\u00f5ik paremad t\u00f6\u00f6d. Kunstnikkond omalt poolt pani v\u00e4lja k\u00f5ik, et Kunstihoone avan\u00e4ituse tase oleks v\u00f5imalikult k\u00f5rgem\u201d. Mainitud artikli peapildiks aga valiti meie ees olev teos.\u00a0\u00a0<\/span><\/p>\n<p><span style=\"font-weight: 400;\">Mere- ja rannaelu poeesia on Kaigorodovit alati huvitanud. 1930ndatel valmis nii\u00a0 mitmeid p\u00f5hjaranniku vaateid kui maal \u201cPoiss ja kalur\u201d, mille p\u00f5hikompositsioon paadis istuva kaluriga sarnaneb k\u00e4esolevaga. Ent \u201cPaadis\u00f5itja\u201d on eriliseks leiuks mitmel p\u00f5hjusel. Esiteks j\u00f5uab see t\u00e4na tagasi Eestisse teiselt poolt maakera &#8211; Brasiiliast, kuhu n\u00e4ituselt teose ostnud perekond suure p\u00f5genemislaine ajal selle kaasa v\u00f5ttis. Teiseks on see \u00fcks v\u00e4heseid s\u00e4ilinud Kaigorodovi portreid, mille t\u00e4iuslikkus on suure t\u00f5en\u00e4osusega saavutatud l\u00e4bi selle, et kunstnik on modellina kasutanud iseend &#8211; v\u00e4line sarnasus on v\u00e4ga suur.<\/span><\/p>\n<p><span style=\"font-weight: 400;\">Nii on meie ees oluline kild kunstiajalugu, mis \u00fchtlasi visualiseerib eestlaste kui rannarahva t\u00f6\u00f6kust, rahulikku olekut ja kindlat meelt.<\/span><\/p>\n<p><span style=\"font-weight: 400;\">Teos on reprodutseeritud albumis \u201eEesti Kunst\u201c (1935) nimetuse all \u201ePaadis\u00f5itja\u201c.<\/span><\/p>\n<p style=\"text-align: right;\"><span style=\"font-weight: 400;\">Tekst: Mai Levin, Katre Palm<\/span><\/p>\n<p>[\/vc_column_text][\/vc_column][\/vc_row]<\/p>\n<\/div>","protected":false},"excerpt":{"rendered":"<p>[vc_row][vc_column][vc_column_text css=&#8221;&#8221; woodmart_inline=&#8221;no&#8221; text_larger=&#8221;no&#8221;] \u00d5li l\u00f5uendil. 1932-35 All paremal: A. Kaigorodoff 1935. aastal t\u00f5mbas \u00e4sjavalminud Kunstihoonesse rohkelt publikut kolme kunstniku<\/p>\n","protected":false},"featured_media":38311,"template":"","meta":{"_acf_changed":false},"product_brand":[],"product_cat":[435],"product_tag":[],"class_list":{"0":"post-40827","1":"product","2":"type-product","3":"status-publish","4":"has-post-thumbnail","6":"product_cat-kevadoksjon-2026","7":"auction-is-open","8":"current-user-is-not-highest-bidder","10":"first","11":"instock","12":"shipping-taxable","13":"purchasable","14":"product-type-auction"},"acf":[],"_links":{"self":[{"href":"https:\/\/alleegalerii.ee\/en\/wp-json\/wp\/v2\/product\/40827","targetHints":{"allow":["GET"]}}],"collection":[{"href":"https:\/\/alleegalerii.ee\/en\/wp-json\/wp\/v2\/product"}],"about":[{"href":"https:\/\/alleegalerii.ee\/en\/wp-json\/wp\/v2\/types\/product"}],"wp:featuredmedia":[{"embeddable":true,"href":"https:\/\/alleegalerii.ee\/en\/wp-json\/wp\/v2\/media\/38311"}],"wp:attachment":[{"href":"https:\/\/alleegalerii.ee\/en\/wp-json\/wp\/v2\/media?parent=40827"}],"wp:term":[{"taxonomy":"product_brand","embeddable":true,"href":"https:\/\/alleegalerii.ee\/en\/wp-json\/wp\/v2\/product_brand?post=40827"},{"taxonomy":"product_cat","embeddable":true,"href":"https:\/\/alleegalerii.ee\/en\/wp-json\/wp\/v2\/product_cat?post=40827"},{"taxonomy":"product_tag","embeddable":true,"href":"https:\/\/alleegalerii.ee\/en\/wp-json\/wp\/v2\/product_tag?post=40827"}],"curies":[{"name":"wp","href":"https:\/\/api.w.org\/{rel}","templated":true}]}}