{"id":40826,"date":"2026-04-14T22:22:18","date_gmt":"2026-04-14T19:22:18","guid":{"rendered":"https:\/\/alleegalerii.ee\/?post_type=product&#038;p=40826"},"modified":"2026-04-16T13:46:35","modified_gmt":"2026-04-16T10:46:35","slug":"72-anatoli-strahhov-vaikuse-aeg","status":"publish","type":"product","link":"https:\/\/alleegalerii.ee\/en\/shop\/72-anatoli-strahhov-vaikuse-aeg\/","title":{"rendered":"72. Anatoli Strahhov \u201cTime of Silence\u201d"},"content":{"rendered":"<div class=\"wpb-content-wrapper\"><p>[vc_row][vc_column][vc_column_text css=&#8221;&#8221; woodmart_inline=&#8221;no&#8221; text_larger=&#8221;no&#8221;]<\/p>\n<h5>\u00d5li l\u00f5uendil. 2024.<br \/>\nAll paremal: STRAHHOV. A<br \/>\nP\u00f6\u00f6rdel: &#8220;VAIKUSE AEG&#8221; STRAHHOV. A TALLINN. 2024<\/h5>\n<p>Ukrainas s\u00fcndinud, ent Eestis juba aastak\u00fcmneid maalikunstnikuna tegutsenud Anatoli Strahhovi (s 1946) teosed on elavad ja muinasjutulised \u2014 j\u00f5ulise k\u00e4ega maalitud, kuid samaaegselt \u00f5rnad ja selgelt planeeritud, eksisteerides kindla n\u00e4gemuse raamistikus.<\/p>\n<p>Strahhovi maalidel on sageli kesksel kohal vaikus \u2013 hetk, mil maastik muutub sisemise seisundi peegelduseks. Sama v\u00e4ljendab ka meie ees olev maal, mis kujutab \u00fcksikut pukktuulikut kivisel k\u00fcnkal. Taevas h\u00f5ljuv \u00fcmar vorm \u2013 justkui kuu \u2013 lisab stseenile kergelt s\u00fcrrealistliku m\u00f5\u00f5tme, nihutades kujutise tavap\u00e4rasest loodusvaatest s\u00fcmboolsemale tasandile.<\/p>\n<p>Teoses v\u00f5ib aimata m\u00f5jutusi 20. sajandi poeetilisest realismist, kus argine motiiv omandab meditatiivse ja ajatu m\u00f5\u00f5tme, sarnaselt n\u00e4iteks Paul Delvaux vaikse, uneleva ruumitunnetusega. Nii kohtuvad maalil loodus ja vaataja m\u00f5tted\u2026 on vaikuse aeg.<\/p>\n<p style=\"text-align: right;\">Tekst: Katre Palm<\/p>\n<p><span style=\"font-weight: 400;\">.<\/span>[\/vc_column_text][\/vc_column][\/vc_row]<\/p>\n<\/div>","protected":false},"excerpt":{"rendered":"<p>[vc_row][vc_column][vc_column_text css=&#8221;&#8221; woodmart_inline=&#8221;no&#8221; text_larger=&#8221;no&#8221;] \u00d5li l\u00f5uendil. 2024. All paremal: STRAHHOV. A P\u00f6\u00f6rdel: &#8220;VAIKUSE AEG&#8221; STRAHHOV. A TALLINN. 2024 Ukrainas s\u00fcndinud,<\/p>\n","protected":false},"featured_media":39534,"template":"","meta":{"_acf_changed":false},"product_brand":[],"product_cat":[435],"product_tag":[],"class_list":{"0":"post-40826","1":"product","2":"type-product","3":"status-publish","4":"has-post-thumbnail","6":"product_cat-kevadoksjon-2026","7":"auction-is-open","9":"first","10":"instock","11":"shipping-taxable","12":"purchasable","13":"product-type-auction"},"acf":[],"_links":{"self":[{"href":"https:\/\/alleegalerii.ee\/en\/wp-json\/wp\/v2\/product\/40826","targetHints":{"allow":["GET"]}}],"collection":[{"href":"https:\/\/alleegalerii.ee\/en\/wp-json\/wp\/v2\/product"}],"about":[{"href":"https:\/\/alleegalerii.ee\/en\/wp-json\/wp\/v2\/types\/product"}],"wp:featuredmedia":[{"embeddable":true,"href":"https:\/\/alleegalerii.ee\/en\/wp-json\/wp\/v2\/media\/39534"}],"wp:attachment":[{"href":"https:\/\/alleegalerii.ee\/en\/wp-json\/wp\/v2\/media?parent=40826"}],"wp:term":[{"taxonomy":"product_brand","embeddable":true,"href":"https:\/\/alleegalerii.ee\/en\/wp-json\/wp\/v2\/product_brand?post=40826"},{"taxonomy":"product_cat","embeddable":true,"href":"https:\/\/alleegalerii.ee\/en\/wp-json\/wp\/v2\/product_cat?post=40826"},{"taxonomy":"product_tag","embeddable":true,"href":"https:\/\/alleegalerii.ee\/en\/wp-json\/wp\/v2\/product_tag?post=40826"}],"curies":[{"name":"wp","href":"https:\/\/api.w.org\/{rel}","templated":true}]}}