{"id":40819,"date":"2026-04-14T22:13:27","date_gmt":"2026-04-14T19:13:27","guid":{"rendered":"https:\/\/alleegalerii.ee\/?post_type=product&#038;p=40819"},"modified":"2026-04-16T13:41:29","modified_gmt":"2026-04-16T10:41:29","slug":"67-malle-leis-sinine-suvi","status":"publish","type":"product","link":"https:\/\/alleegalerii.ee\/en\/shop\/67-malle-leis-sinine-suvi\/","title":{"rendered":"67. Malle Leis \"Sinine suvi\""},"content":{"rendered":"<div class=\"wpb-content-wrapper\"><p>[vc_row][vc_column][vc_column_text css=&#8221;&#8221; woodmart_inline=&#8221;no&#8221; text_larger=&#8221;no&#8221;]<\/p>\n<h5>\u00d5li l\u00f5uendil. 2006.<br \/>\nAll paremal: LEIS 2006<br \/>\nP\u00f6\u00f6rdel: SININE SUVI \u00f5li l\u00f5uend Tallinn Malle LEIS<\/h5>\n<p><span style=\"font-weight: 400;\">Malle Leisi (1940-2017) botaanilised maalid on universum omaette &#8211; seal toimetavad taimed elavad k\u00fclluslikku elu &#8211; nad on lopsakad, hurmavad ja t\u00e4is eluj\u00f5udu. Maalil kujutatud \u00f5itest domineerivad kirkad oran\u017eikaspunased mungalilled ja tiigerliiliad, mis suviselt helesinise taeva taustal saavutavad oma t\u00e4ism\u00f5ju.<\/span><\/p>\n<p><span style=\"font-weight: 400;\">Leis on valinud vertikaalse formaadi, mis lisab teosele nii r\u00fctmi kui elegantsi, sest suunab meie pilgu alt \u00fcles, justkui lilled kasvaksid otse meie silme all. Siinsamas, sinise suve uimastavalt m\u00f5nusas fluidumis.<\/span><\/p>\n<p style=\"text-align: right;\"><span style=\"font-weight: 400;\">Tekst: Katre Palm<\/span><\/p>\n<p>[\/vc_column_text][\/vc_column][\/vc_row]<\/p>\n<\/div>","protected":false},"excerpt":{"rendered":"<p>[vc_row][vc_column][vc_column_text css=&#8221;&#8221; woodmart_inline=&#8221;no&#8221; text_larger=&#8221;no&#8221;] \u00d5li l\u00f5uendil. 2006. All paremal: LEIS 2006 P\u00f6\u00f6rdel: SININE SUVI \u00f5li l\u00f5uend Tallinn Malle LEIS Malle<\/p>\n","protected":false},"featured_media":40821,"template":"","meta":{"_acf_changed":false},"product_brand":[],"product_cat":[435],"product_tag":[],"class_list":{"0":"post-40819","1":"product","2":"type-product","3":"status-publish","4":"has-post-thumbnail","6":"product_cat-kevadoksjon-2026","7":"auction-is-open","9":"first","10":"instock","11":"shipping-taxable","12":"purchasable","13":"product-type-auction"},"acf":[],"_links":{"self":[{"href":"https:\/\/alleegalerii.ee\/en\/wp-json\/wp\/v2\/product\/40819","targetHints":{"allow":["GET"]}}],"collection":[{"href":"https:\/\/alleegalerii.ee\/en\/wp-json\/wp\/v2\/product"}],"about":[{"href":"https:\/\/alleegalerii.ee\/en\/wp-json\/wp\/v2\/types\/product"}],"wp:featuredmedia":[{"embeddable":true,"href":"https:\/\/alleegalerii.ee\/en\/wp-json\/wp\/v2\/media\/40821"}],"wp:attachment":[{"href":"https:\/\/alleegalerii.ee\/en\/wp-json\/wp\/v2\/media?parent=40819"}],"wp:term":[{"taxonomy":"product_brand","embeddable":true,"href":"https:\/\/alleegalerii.ee\/en\/wp-json\/wp\/v2\/product_brand?post=40819"},{"taxonomy":"product_cat","embeddable":true,"href":"https:\/\/alleegalerii.ee\/en\/wp-json\/wp\/v2\/product_cat?post=40819"},{"taxonomy":"product_tag","embeddable":true,"href":"https:\/\/alleegalerii.ee\/en\/wp-json\/wp\/v2\/product_tag?post=40819"}],"curies":[{"name":"wp","href":"https:\/\/api.w.org\/{rel}","templated":true}]}}