{"id":40817,"date":"2026-04-14T22:09:31","date_gmt":"2026-04-14T19:09:31","guid":{"rendered":"https:\/\/alleegalerii.ee\/?post_type=product&#038;p=40817"},"modified":"2026-04-16T13:40:42","modified_gmt":"2026-04-16T10:40:42","slug":"65-joann-saarniit-esimene-huue","status":"publish","type":"product","link":"https:\/\/alleegalerii.ee\/en\/shop\/65-joann-saarniit-esimene-huue\/","title":{"rendered":"65. Joann Saarniit \"First Cry\""},"content":{"rendered":"<div class=\"wpb-content-wrapper\"><p>[vc_row][vc_column][vc_column_text css=&#8221;&#8221; woodmart_inline=&#8221;no&#8221; text_larger=&#8221;no&#8221;]<\/p>\n<h5>\u00d5li masoniidil. 1968.<br \/>\nAll vasakul: Joann Saarniit 68<br \/>\nP\u00f6\u00f6rdel: Joann Saarniit 1968 First cry originaal<\/h5>\n<p><span style=\"font-weight: 400;\">Joann Saarniidu (1909-1984) loomingus leiame loomi kujutavaid teoseid v\u00e4ga harva. Kui \u00fcldse, siis liigub m\u00f6\u00f6da tema l\u00f5uendeid \u00fcks nurgeline kass, kelle isep\u00e4ine loomus ideaalselt kunstniku ekspressiivsete maastike dramaatilisusega kokku k\u00e4ib. \u00dchtlasi on Saarniit Ohaka k\u00f5rval ka \u00fcks parimaid pruuni v\u00e4rvi valdajaid ning kombineerides seda pilveh\u00f5ngulise, selge valgega, s\u00fcnnivad tema pintsli all t\u00f5eliselt m\u00f5jusad kompositsioonid.<\/span><\/p>\n<p><span style=\"font-weight: 400;\">Hommikune esimene h\u00fc\u00fce (ingl k <em>f<\/em><\/span><i><span style=\"font-weight: 400;\"><em>i<\/em>rst cry<\/span><\/i><span style=\"font-weight: 400;\">) on midagi, millega ilma kahtluseta k\u00f5igil loomaarmastajatel \u00e4ratundmisr\u00f5\u00f5m tekib. Me ju k\u00f5ik tahaks veel magada, ent kui kaks vesim\u00e4rga suurt silma sulle otsa vaatavad ja nende modell h\u00e4\u00e4lekalt endast m\u00e4rku annab, on uni l\u00e4inud. Saarniit on selle l\u00fchikese kahe maailma &#8211; veel unes ja \u00e4rkveloleku aja &#8211; vahelise hetke nii tabavalt maalile kandnud, et j\u00e4\u00e4b \u00fcle vaid noogutades muiata. P\u00e4ev on alanud ja boss n\u00f5uab h\u00e4\u00e4lekalt s\u00fc\u00fca!\u00a0<\/span><\/p>\n<p style=\"text-align: right;\"><span style=\"font-weight: 400;\">Tekst: Katre Palm<\/span><\/p>\n<p>[\/vc_column_text][\/vc_column][\/vc_row]<\/p>\n<\/div>","protected":false},"excerpt":{"rendered":"<p>[vc_row][vc_column][vc_column_text css=&#8221;&#8221; woodmart_inline=&#8221;no&#8221; text_larger=&#8221;no&#8221;] \u00d5li masoniidil. 1968. All vasakul: Joann Saarniit 68 P\u00f6\u00f6rdel: Joann Saarniit 1968 First cry originaal Joann<\/p>\n","protected":false},"featured_media":39768,"template":"","meta":{"_acf_changed":false},"product_brand":[],"product_cat":[435],"product_tag":[],"class_list":{"0":"post-40817","1":"product","2":"type-product","3":"status-publish","4":"has-post-thumbnail","6":"product_cat-kevadoksjon-2026","7":"auction-is-open","9":"first","10":"instock","11":"shipping-taxable","12":"purchasable","13":"product-type-auction"},"acf":[],"_links":{"self":[{"href":"https:\/\/alleegalerii.ee\/en\/wp-json\/wp\/v2\/product\/40817","targetHints":{"allow":["GET"]}}],"collection":[{"href":"https:\/\/alleegalerii.ee\/en\/wp-json\/wp\/v2\/product"}],"about":[{"href":"https:\/\/alleegalerii.ee\/en\/wp-json\/wp\/v2\/types\/product"}],"wp:featuredmedia":[{"embeddable":true,"href":"https:\/\/alleegalerii.ee\/en\/wp-json\/wp\/v2\/media\/39768"}],"wp:attachment":[{"href":"https:\/\/alleegalerii.ee\/en\/wp-json\/wp\/v2\/media?parent=40817"}],"wp:term":[{"taxonomy":"product_brand","embeddable":true,"href":"https:\/\/alleegalerii.ee\/en\/wp-json\/wp\/v2\/product_brand?post=40817"},{"taxonomy":"product_cat","embeddable":true,"href":"https:\/\/alleegalerii.ee\/en\/wp-json\/wp\/v2\/product_cat?post=40817"},{"taxonomy":"product_tag","embeddable":true,"href":"https:\/\/alleegalerii.ee\/en\/wp-json\/wp\/v2\/product_tag?post=40817"}],"curies":[{"name":"wp","href":"https:\/\/api.w.org\/{rel}","templated":true}]}}