{"id":40815,"date":"2026-04-14T22:03:38","date_gmt":"2026-04-14T19:03:38","guid":{"rendered":"https:\/\/alleegalerii.ee\/?post_type=product&#038;p=40815"},"modified":"2026-04-16T13:39:50","modified_gmt":"2026-04-16T10:39:50","slug":"63-eduard-wiiralt-vaike-gisele-la-petite-gisele","status":"publish","type":"product","link":"https:\/\/alleegalerii.ee\/en\/shop\/63-eduard-wiiralt-vaike-gisele-la-petite-gisele\/","title":{"rendered":"63. Eduard Wiiralt \u201cLittle Gis\u00e8le\u201d \/ \u201cLa petite Gis\u00e8le\u201d"},"content":{"rendered":"<div class=\"wpb-content-wrapper\"><p>[vc_row][vc_column][vc_column_text css=&#8221;&#8221; woodmart_inline=&#8221;no&#8221; text_larger=&#8221;no&#8221;]<\/p>\n<h5>Kuivn\u00f5el paberil. 1946.<br \/>\n\u00dcleval paremal plaadil: La petite Gis\u00e8le<br \/>\nAll vasakul plaadil: E. Wiiralt Stockholm 3. Mai. 1946<br \/>\nAll paremal: E. Wiiralt<br \/>\nP\u00f6\u00f6rdel: Stockholm 9 Mai 1946<\/h5>\n<p>Haruldane ja ebamaiselt kaunis \u201eV\u00e4ike Gis\u00e8le\u201c valmis ajal, mil Eduard Wiiraltil (1898-1954) oli \u00f5nnestunud pommiderahe alla sattunud Berliinist p\u00e4\u00e4seda Rootsi. Sel perioodil graveeris kunstnik juurde vaid kaks uut teost. Nii valmis lisaks k\u00e4esolevale toona ka hinnatud \u201eLapi maastik\u201c.<\/p>\n<p>1946. aastal sai Prantsusmaaga j\u00e4tkuvalt sidemeid hoidev kunstnik tellimuse France Presse\u2019i esindajalt Stockholmis, kes vaimustatuna Wiiralti graveerimisoskusest tellis temalt oma kuueaastase t\u00fctre Gis\u00e8le\u2019i Hervieu portree. 4. aprillil alustas Wiiralt portree graveerimist ning veidi v\u00e4hem kui kolme n\u00e4dala p\u00e4rast sai ta t\u00f5mmata esimesest seisundist t\u00f5mmised. Gisele\u00b4i rahulik ilme oli justkui id\u00fcllilise Rootsi elu vastupeegeldus, mis aitas Wiiraltil \u00e4revust tagasi tasakaalu saada peale Eestis ja Saksamaal kogetud pommitamisi ja varemetemerd. T\u00fcdruku sametised tumedad silmad, mis tulenesid tema indohiina p\u00e4ritolust, aitasid kaasa ilmeka ja m\u00f5juv\u00f5imsa portree loomisele.<\/p>\n<p>Hetkest, mil Wiiralt k\u00e4esolevat teost graveeris, on ajalooarhiivides s\u00e4ilinud ka foto (Eesti Rahvusraamatukogu).<\/p>\n<p style=\"text-align: right;\">Tekst: Mai Levin, Katre Palm<\/p>\n<p>[\/vc_column_text][\/vc_column][\/vc_row]<\/p>\n<\/div>","protected":false},"excerpt":{"rendered":"<p>[vc_row][vc_column][vc_column_text css=&#8221;&#8221; woodmart_inline=&#8221;no&#8221; text_larger=&#8221;no&#8221;] Kuivn\u00f5el paberil. 1946. \u00dcleval paremal plaadil: La petite Gis\u00e8le All vasakul plaadil: E. Wiiralt Stockholm 3.<\/p>\n","protected":false},"featured_media":39942,"template":"","meta":{"_acf_changed":false},"product_brand":[],"product_cat":[435],"product_tag":[],"class_list":{"0":"post-40815","1":"product","2":"type-product","3":"status-publish","4":"has-post-thumbnail","6":"product_cat-kevadoksjon-2026","7":"auction-is-open","9":"first","10":"instock","11":"shipping-taxable","12":"purchasable","13":"product-type-auction"},"acf":[],"_links":{"self":[{"href":"https:\/\/alleegalerii.ee\/en\/wp-json\/wp\/v2\/product\/40815","targetHints":{"allow":["GET"]}}],"collection":[{"href":"https:\/\/alleegalerii.ee\/en\/wp-json\/wp\/v2\/product"}],"about":[{"href":"https:\/\/alleegalerii.ee\/en\/wp-json\/wp\/v2\/types\/product"}],"wp:featuredmedia":[{"embeddable":true,"href":"https:\/\/alleegalerii.ee\/en\/wp-json\/wp\/v2\/media\/39942"}],"wp:attachment":[{"href":"https:\/\/alleegalerii.ee\/en\/wp-json\/wp\/v2\/media?parent=40815"}],"wp:term":[{"taxonomy":"product_brand","embeddable":true,"href":"https:\/\/alleegalerii.ee\/en\/wp-json\/wp\/v2\/product_brand?post=40815"},{"taxonomy":"product_cat","embeddable":true,"href":"https:\/\/alleegalerii.ee\/en\/wp-json\/wp\/v2\/product_cat?post=40815"},{"taxonomy":"product_tag","embeddable":true,"href":"https:\/\/alleegalerii.ee\/en\/wp-json\/wp\/v2\/product_tag?post=40815"}],"curies":[{"name":"wp","href":"https:\/\/api.w.org\/{rel}","templated":true}]}}