{"id":40814,"date":"2026-04-14T22:01:04","date_gmt":"2026-04-14T19:01:04","guid":{"rendered":"https:\/\/alleegalerii.ee\/?post_type=product&#038;p=40814"},"modified":"2026-04-16T13:39:26","modified_gmt":"2026-04-16T10:39:26","slug":"62-ilmar-torn-laul","status":"publish","type":"product","link":"https:\/\/alleegalerii.ee\/en\/shop\/62-ilmar-torn-laul\/","title":{"rendered":"62. Ilmar Torn \"Song\""},"content":{"rendered":"<div class=\"wpb-content-wrapper\"><p>[vc_row][vc_column][vc_column_text css=&#8221;&#8221; woodmart_inline=&#8221;no&#8221; text_larger=&#8221;no&#8221;]<\/p>\n<h5>Vineerl\u00f5ige paberil. 1966.<br \/>\nAll vasakul: Laul (vineerl\u00f5ige)<br \/>\nAll paremal: ITORN 66<\/h5>\n<p>Ilmar Torn (1921-1999) oli suur klassikalise muusika austaja ning eriti nautis ta klaverimuusikat. Juba lapsena oli ta kodus harmooniumi peal harjutanud ning m\u00e4ngis pilli kooli orkestris. Kui kuulus USA pianist Van Cliburn v\u00f5itis 1958. aastal esimese T\u0161aikovski konkursi m\u00e4ngides I s\u00fcmfooniat, oli Torn sellest t\u00e4iesti lummatud &#8211; igal v\u00f5imalikul hetkel lasi ta sel grammofonist k\u00f5lada.<\/p>\n<p>1960. aastatel armastati kunstis luulelisi s\u00fcmbolkujundeid ning Torni \u00fclaltoodud loost saadud elamus oli selleks ideaalne aines. End t\u00e4ielikult vaid helidel kanda laskev pianist v\u00f5lub klaverist v\u00e4lja meloodia, mis voogavate joontega v\u00f5tab terve ruumi \u00fcle v\u00f5imuse. Muusikas hakkab helisema jutustus, milles ilmuvad n\u00e4htavale tegelased ja nende lugu. See on teos, mis toob sulavalt kokku nii kunstilise kui muusikalise kogemuse.<\/p>\n<p style=\"text-align: right;\">Tekst: Katre Palm<\/p>\n<p>[\/vc_column_text][\/vc_column][\/vc_row]<\/p>\n<\/div>","protected":false},"excerpt":{"rendered":"<p>[vc_row][vc_column][vc_column_text css=&#8221;&#8221; woodmart_inline=&#8221;no&#8221; text_larger=&#8221;no&#8221;] Vineerl\u00f5ige paberil. 1966. All vasakul: Laul (vineerl\u00f5ige) All paremal: ITORN 66 Ilmar Torn (1921-1999) oli suur<\/p>\n","protected":false},"featured_media":39612,"template":"","meta":{"_acf_changed":false},"product_brand":[],"product_cat":[435],"product_tag":[],"class_list":{"0":"post-40814","1":"product","2":"type-product","3":"status-publish","4":"has-post-thumbnail","6":"product_cat-kevadoksjon-2026","7":"auction-is-open","9":"first","10":"instock","11":"shipping-taxable","12":"purchasable","13":"product-type-auction"},"acf":[],"_links":{"self":[{"href":"https:\/\/alleegalerii.ee\/en\/wp-json\/wp\/v2\/product\/40814","targetHints":{"allow":["GET"]}}],"collection":[{"href":"https:\/\/alleegalerii.ee\/en\/wp-json\/wp\/v2\/product"}],"about":[{"href":"https:\/\/alleegalerii.ee\/en\/wp-json\/wp\/v2\/types\/product"}],"wp:featuredmedia":[{"embeddable":true,"href":"https:\/\/alleegalerii.ee\/en\/wp-json\/wp\/v2\/media\/39612"}],"wp:attachment":[{"href":"https:\/\/alleegalerii.ee\/en\/wp-json\/wp\/v2\/media?parent=40814"}],"wp:term":[{"taxonomy":"product_brand","embeddable":true,"href":"https:\/\/alleegalerii.ee\/en\/wp-json\/wp\/v2\/product_brand?post=40814"},{"taxonomy":"product_cat","embeddable":true,"href":"https:\/\/alleegalerii.ee\/en\/wp-json\/wp\/v2\/product_cat?post=40814"},{"taxonomy":"product_tag","embeddable":true,"href":"https:\/\/alleegalerii.ee\/en\/wp-json\/wp\/v2\/product_tag?post=40814"}],"curies":[{"name":"wp","href":"https:\/\/api.w.org\/{rel}","templated":true}]}}