{"id":40812,"date":"2026-04-14T21:59:43","date_gmt":"2026-04-14T18:59:43","guid":{"rendered":"https:\/\/alleegalerii.ee\/?post_type=product&#038;p=40812"},"modified":"2026-04-16T13:38:36","modified_gmt":"2026-04-16T10:38:36","slug":"60-marju-mutsu-saladus-aias","status":"publish","type":"product","link":"https:\/\/alleegalerii.ee\/en\/shop\/60-marju-mutsu-saladus-aias\/","title":{"rendered":"60. Marju Mutsu \u201cSecret \/ In the Garden\u201d"},"content":{"rendered":"<div class=\"wpb-content-wrapper\"><p>[vc_row][vc_column][vc_column_text css=&#8221;&#8221; woodmart_inline=&#8221;no&#8221; text_larger=&#8221;no&#8221;]<\/p>\n<h5>Ofort paberil. I 1973 \/ II 1974<br \/>\nI All vasakul: &#8220;Saladus&#8221;, ofort<br \/>\nI All paremal: M. Mutsu 73<br \/>\nII All vasakul: &#8220;Aias&#8221;, ofort<br \/>\nII All paremal: M. Mutsu 74<\/h5>\n<p>Marju Mutsu (1941-1980) loominguline tegutsemine meenutab justkui \u00f5rnalt \u00fcle paberi tantsisklemist &#8211; jooned langevad sellele delikaatselt ja pehmelt, ent ometigi \u00f5pitud tantsusammude j\u00e4rgi. Haldjalikud modellid tema t\u00f6\u00f6des peegeldavadki pigem nende ps\u00fchholoogilisi seisundeid, kui pelgalt figuure ruumis.<\/p>\n<p>Teosed \u201eSaladus\u201c ja \u201eAias\u201c on omavahel tihedalt seotud nii motiivide, formaadi kui ka meeleolu poolest. M\u00f5lemas kujutatakse naisfiguure looduskeskkonnas \u2013 istumas, vestlemas v\u00f5i vaikses koosolemises. Mutsu loob kompositsioonid, mis on avatud ja \u00f5hulised, j\u00e4ttes sellega ruumi vaikusele ja vihjelisusele. Nii muutub oluliseks figuuridevaheline suhe \u2013 pilgud, kehahoiakud ja vahemaa. Mutsu kutsub vaatajat osa saama vaikselt lahti rulluvast narratiivist, kus ka talle j\u00e4etakse oluline roll n\u00e4htu t\u00f5lgendamisel.<\/p>\n<p style=\"text-align: right;\">Tekst: Katre Palm<\/p>\n<p>[\/vc_column_text][\/vc_column][\/vc_row]<\/p>\n<\/div>","protected":false},"excerpt":{"rendered":"<p>[vc_row][vc_column][vc_column_text css=&#8221;&#8221; woodmart_inline=&#8221;no&#8221; text_larger=&#8221;no&#8221;] Ofort paberil. I 1973 \/ II 1974 I All vasakul: &#8220;Saladus&#8221;, ofort I All paremal: M.<\/p>\n","protected":false},"featured_media":39286,"template":"","meta":{"_acf_changed":false},"product_brand":[],"product_cat":[435],"product_tag":[],"class_list":{"0":"post-40812","1":"product","2":"type-product","3":"status-publish","4":"has-post-thumbnail","6":"product_cat-kevadoksjon-2026","7":"auction-is-open","9":"first","10":"instock","11":"shipping-taxable","12":"purchasable","13":"product-type-auction"},"acf":[],"_links":{"self":[{"href":"https:\/\/alleegalerii.ee\/en\/wp-json\/wp\/v2\/product\/40812","targetHints":{"allow":["GET"]}}],"collection":[{"href":"https:\/\/alleegalerii.ee\/en\/wp-json\/wp\/v2\/product"}],"about":[{"href":"https:\/\/alleegalerii.ee\/en\/wp-json\/wp\/v2\/types\/product"}],"wp:featuredmedia":[{"embeddable":true,"href":"https:\/\/alleegalerii.ee\/en\/wp-json\/wp\/v2\/media\/39286"}],"wp:attachment":[{"href":"https:\/\/alleegalerii.ee\/en\/wp-json\/wp\/v2\/media?parent=40812"}],"wp:term":[{"taxonomy":"product_brand","embeddable":true,"href":"https:\/\/alleegalerii.ee\/en\/wp-json\/wp\/v2\/product_brand?post=40812"},{"taxonomy":"product_cat","embeddable":true,"href":"https:\/\/alleegalerii.ee\/en\/wp-json\/wp\/v2\/product_cat?post=40812"},{"taxonomy":"product_tag","embeddable":true,"href":"https:\/\/alleegalerii.ee\/en\/wp-json\/wp\/v2\/product_tag?post=40812"}],"curies":[{"name":"wp","href":"https:\/\/api.w.org\/{rel}","templated":true}]}}