{"id":40811,"date":"2026-04-14T21:56:43","date_gmt":"2026-04-14T18:56:43","guid":{"rendered":"https:\/\/alleegalerii.ee\/?post_type=product&#038;p=40811"},"modified":"2026-04-16T13:38:14","modified_gmt":"2026-04-16T10:38:14","slug":"59-marju-mutsu-noor-tudruk","status":"publish","type":"product","link":"https:\/\/alleegalerii.ee\/en\/shop\/59-marju-mutsu-noor-tudruk\/","title":{"rendered":"59. Marju Mutsu \u201cYoung Girl\u201d"},"content":{"rendered":"<div class=\"wpb-content-wrapper\"><p>[vc_row][vc_column][vc_column_text css=&#8221;&#8221; woodmart_inline=&#8221;no&#8221; text_larger=&#8221;no&#8221;]<\/p>\n<h5>Ofort paberil. 1972.<br \/>\nAll vasakul: &#8220;Noor t\u00fcdruk&#8221;, ofort<br \/>\nAll paremal: MMutsu 72<\/h5>\n<p>Kunstir\u00fchmituse ANK\u00b464 \u00fche algataja, s\u00e4rava Marju Mutsu (1941-1980) varane lahkumine vapustas tollal kunstiavalikkust, ent siiski j\u00f5udis Mutsu oma l\u00fchikese tegutsemisaja jooksul anda tugeva panuse eesti graafika loole. Oma vaba kompositsiooni ja vahetu k\u00e4sitluslaadiga t\u00f5id tema ps\u00fchholoogiliselt tundlikud graafilised teosed v\u00e4rskust juba oma kaasajal ning need m\u00f5juvad samamoodi ka n\u00fc\u00fcd.<\/p>\n<p>Kunstniku lemmiktehnikas ofordis vormistatud teost \u201eNoor t\u00fcdruk\u201c v\u00f5ib lugeda kunstniku tugevaimate teoste hulka. Tema graafika peategelaseks oli v\u00e4ga sageli noor naine oma unistuste, loovuse ja igap\u00e4evaeluga. Modellide eneseteadlikkust ning samas naiselikku \u00f5rnust v\u00e4ljendas Mutsu peene ja vaba joonega, tema spontaansed t\u00f5mbed lisasid teosele s\u00fcgavust.<\/p>\n<p>\u201cNoor t\u00fcdruk\u201d on reprodutseeritud ka Marju Mutsu 1982. aasta m\u00e4lestusn\u00e4ituse kataloogis ning Kumus 2009. aastal toimunud n\u00e4ituse \u201cMarju Mutsu. Ofordis tabatud hetk\u201d kataloogis.<\/p>\n<p style=\"text-align: right;\">Tekst: Katre Palm<\/p>\n<p>[\/vc_column_text][\/vc_column][\/vc_row]<\/p>\n<\/div>","protected":false},"excerpt":{"rendered":"<p>[vc_row][vc_column][vc_column_text css=&#8221;&#8221; woodmart_inline=&#8221;no&#8221; text_larger=&#8221;no&#8221;] Ofort paberil. 1972. All vasakul: &#8220;Noor t\u00fcdruk&#8221;, ofort All paremal: MMutsu 72 Kunstir\u00fchmituse ANK\u00b464 \u00fche algataja,<\/p>\n","protected":false},"featured_media":40302,"template":"","meta":{"_acf_changed":false},"product_brand":[],"product_cat":[435],"product_tag":[],"class_list":{"0":"post-40811","1":"product","2":"type-product","3":"status-publish","4":"has-post-thumbnail","6":"product_cat-kevadoksjon-2026","7":"auction-is-open","9":"first","10":"instock","11":"shipping-taxable","12":"purchasable","13":"product-type-auction"},"acf":[],"_links":{"self":[{"href":"https:\/\/alleegalerii.ee\/en\/wp-json\/wp\/v2\/product\/40811","targetHints":{"allow":["GET"]}}],"collection":[{"href":"https:\/\/alleegalerii.ee\/en\/wp-json\/wp\/v2\/product"}],"about":[{"href":"https:\/\/alleegalerii.ee\/en\/wp-json\/wp\/v2\/types\/product"}],"wp:featuredmedia":[{"embeddable":true,"href":"https:\/\/alleegalerii.ee\/en\/wp-json\/wp\/v2\/media\/40302"}],"wp:attachment":[{"href":"https:\/\/alleegalerii.ee\/en\/wp-json\/wp\/v2\/media?parent=40811"}],"wp:term":[{"taxonomy":"product_brand","embeddable":true,"href":"https:\/\/alleegalerii.ee\/en\/wp-json\/wp\/v2\/product_brand?post=40811"},{"taxonomy":"product_cat","embeddable":true,"href":"https:\/\/alleegalerii.ee\/en\/wp-json\/wp\/v2\/product_cat?post=40811"},{"taxonomy":"product_tag","embeddable":true,"href":"https:\/\/alleegalerii.ee\/en\/wp-json\/wp\/v2\/product_tag?post=40811"}],"curies":[{"name":"wp","href":"https:\/\/api.w.org\/{rel}","templated":true}]}}