{"id":40810,"date":"2026-04-14T21:55:14","date_gmt":"2026-04-14T18:55:14","guid":{"rendered":"https:\/\/alleegalerii.ee\/?post_type=product&#038;p=40810"},"modified":"2026-04-16T13:37:52","modified_gmt":"2026-04-16T10:37:52","slug":"58-marju-mutsu-suvi-on-punane","status":"publish","type":"product","link":"https:\/\/alleegalerii.ee\/en\/shop\/58-marju-mutsu-suvi-on-punane\/","title":{"rendered":"58. Marju Mutsu \u201cSummer Is Red\u201d"},"content":{"rendered":"<div class=\"wpb-content-wrapper\"><p>[vc_row][vc_column][vc_column_text css=&#8221;&#8221; woodmart_inline=&#8221;no&#8221; text_larger=&#8221;no&#8221;]<\/p>\n<h5>Ofort paberil. 1971.<br \/>\nAll vasakul: &#8220;Suvi on punane&#8221; ofort<br \/>\nAll paremal: M. Mutsu 71<\/h5>\n<p>Varakult lahkunud meister Marju Mutsu (1941-1980) kuulub eesti graafika poeetilisemate autorite hulka &#8211; tema ofordijoon on erakordselt tundlik. Mutsu oli kunstnik, kes oskas vaid talle ainuomaste l\u00fc\u00fcriliste ja poeetiliste kujundite kaudu edasi anda \u00f5rnust, igatsust, hellust ja ootus\u00e4revust.<\/p>\n<p>Teosel \u201cSuvi on punane\u201d on kompositsiooni keskmes noore naise n\u00e4gu. Tema k\u00f5rvale ja osaliselt \u00fcle p\u00f5se ulatub k\u00e4si, mille \u017eest m\u00f5jub nii \u00f5rna puudutuse kui ka varjava liigutusena. Ja kas m\u00e4rkasite, et modelli taustal v\u00f5ime aimata maastikuvorme, mis lisavad teosele unen\u00e4olise m\u00f5\u00f5tme?<\/p>\n<p>T\u00f6\u00f6 pealkiri lisab sellele aga hoopis intrigeerivama t\u00e4henduse. Punane kui v\u00e4rv \u2013 kuigi mustvalges graafikas n\u00e4htamatu \u2013 hakkab toimima metafoorina, mis v\u00f5ib t\u00e4histada kirge, k\u00fcpsust v\u00f5i ka sisemist p\u00f5lemist. Nii loob Mutsu dialoogi n\u00e4htava ja kujutletava vahel, tuues esile oma loomingule omase tundliku ps\u00fchholoogilise alatooni.<\/p>\n<p>Teos kuulub ka Eesti Kunstimuuseumi kollektsiooni.<\/p>\n<p style=\"text-align: right;\">Tekst: Katre Palm, Harry Liivrand<\/p>\n<p>[\/vc_column_text][\/vc_column][\/vc_row]<\/p>\n<\/div>","protected":false},"excerpt":{"rendered":"<p>[vc_row][vc_column][vc_column_text css=&#8221;&#8221; woodmart_inline=&#8221;no&#8221; text_larger=&#8221;no&#8221;] Ofort paberil. 1971. All vasakul: &#8220;Suvi on punane&#8221; ofort All paremal: M. Mutsu 71 Varakult lahkunud<\/p>\n","protected":false},"featured_media":39022,"template":"","meta":{"_acf_changed":false},"product_brand":[],"product_cat":[435],"product_tag":[],"class_list":{"0":"post-40810","1":"product","2":"type-product","3":"status-publish","4":"has-post-thumbnail","6":"product_cat-kevadoksjon-2026","7":"auction-is-open","9":"first","10":"instock","11":"shipping-taxable","12":"purchasable","13":"product-type-auction"},"acf":[],"_links":{"self":[{"href":"https:\/\/alleegalerii.ee\/en\/wp-json\/wp\/v2\/product\/40810","targetHints":{"allow":["GET"]}}],"collection":[{"href":"https:\/\/alleegalerii.ee\/en\/wp-json\/wp\/v2\/product"}],"about":[{"href":"https:\/\/alleegalerii.ee\/en\/wp-json\/wp\/v2\/types\/product"}],"wp:featuredmedia":[{"embeddable":true,"href":"https:\/\/alleegalerii.ee\/en\/wp-json\/wp\/v2\/media\/39022"}],"wp:attachment":[{"href":"https:\/\/alleegalerii.ee\/en\/wp-json\/wp\/v2\/media?parent=40810"}],"wp:term":[{"taxonomy":"product_brand","embeddable":true,"href":"https:\/\/alleegalerii.ee\/en\/wp-json\/wp\/v2\/product_brand?post=40810"},{"taxonomy":"product_cat","embeddable":true,"href":"https:\/\/alleegalerii.ee\/en\/wp-json\/wp\/v2\/product_cat?post=40810"},{"taxonomy":"product_tag","embeddable":true,"href":"https:\/\/alleegalerii.ee\/en\/wp-json\/wp\/v2\/product_tag?post=40810"}],"curies":[{"name":"wp","href":"https:\/\/api.w.org\/{rel}","templated":true}]}}