{"id":40809,"date":"2026-04-14T21:54:35","date_gmt":"2026-04-14T18:54:35","guid":{"rendered":"https:\/\/alleegalerii.ee\/?post_type=product&#038;p=40809"},"modified":"2026-04-16T13:37:29","modified_gmt":"2026-04-16T10:37:29","slug":"57-juri-arrak-tornid","status":"publish","type":"product","link":"https:\/\/alleegalerii.ee\/en\/shop\/57-juri-arrak-tornid\/","title":{"rendered":"57. J\u00fcri Arrak \u201cTowers\u201d"},"content":{"rendered":"<div class=\"wpb-content-wrapper\"><p>[vc_row][vc_column][vc_column_text css=&#8221;&#8221; woodmart_inline=&#8221;no&#8221; text_larger=&#8221;no&#8221;]<\/p>\n<h5>Litograafia paberil. 1991.<br \/>\nAll vasakul: &#8220;Tornid&#8221; lito 20\/100<br \/>\nAll paremal: J. Arrak 91.<\/h5>\n<p>J\u00fcri Arraku (1936-2022) loomingus on tornidel v\u00e4ga oluline koht (\u201cTornide linn\u201d, 1979, EKM; \u201cPaabeli torn\u201d, 1990 jpt). Eriti armastas ta neid kujutada keskaegsete kaitsetornidena, mille puhul peamiseks inspiratsiooniallikaks said kodused Tallinna vanalinna tornid. Ent 2002. aastal leidis Arrak linna, kus tema senised tornidev\u00e4ljakud ka p\u00e4riselus nii tiheda kontsentratsioonina realiseerusid &#8211; Carcassonne\u00b4is Prantsusmaal, kus kunstnik kahe kuu jooksul joonistas \u00fcles selle v\u00f5imsa kindluslinna 14 vaadet.<\/p>\n<p>Ent Arraku tornid pole pelgalt kaitserajatised, vaid \u00e4rkavad Arraku k\u00e4e all ellu. Neist saavad justkui hingavad elusolendid, kollektiivsed, \u00fcksteisega suhtlevad figuurid, kus arhitektuur ja inimene moodustavad \u00fche terviku. Ent lisaks \u00e4rkab ellu maa, millel tornid seisavad &#8211; salasilm hoiab oma elanikel valvsa pilgu peal.<\/p>\n<p>Teos on reprodutseeritud J\u00fcri Haini raamatus \u201cJ\u00fcri Arrak estampgraafikuna\u201d (2006, lk 107).<\/p>\n<p style=\"text-align: right;\">Tekst: Katre Palm<\/p>\n<p>[\/vc_column_text][\/vc_column][\/vc_row]<\/p>\n<\/div>","protected":false},"excerpt":{"rendered":"<p>[vc_row][vc_column][vc_column_text css=&#8221;&#8221; woodmart_inline=&#8221;no&#8221; text_larger=&#8221;no&#8221;] Litograafia paberil. 1991. All vasakul: &#8220;Tornid&#8221; lito 20\/100 All paremal: J. Arrak 91. J\u00fcri Arraku (1936-2022)<\/p>\n","protected":false},"featured_media":39583,"template":"","meta":{"_acf_changed":false},"product_brand":[],"product_cat":[435],"product_tag":[],"class_list":{"0":"post-40809","1":"product","2":"type-product","3":"status-publish","4":"has-post-thumbnail","6":"product_cat-kevadoksjon-2026","7":"auction-is-open","9":"first","10":"instock","11":"shipping-taxable","12":"purchasable","13":"product-type-auction"},"acf":[],"_links":{"self":[{"href":"https:\/\/alleegalerii.ee\/en\/wp-json\/wp\/v2\/product\/40809","targetHints":{"allow":["GET"]}}],"collection":[{"href":"https:\/\/alleegalerii.ee\/en\/wp-json\/wp\/v2\/product"}],"about":[{"href":"https:\/\/alleegalerii.ee\/en\/wp-json\/wp\/v2\/types\/product"}],"wp:featuredmedia":[{"embeddable":true,"href":"https:\/\/alleegalerii.ee\/en\/wp-json\/wp\/v2\/media\/39583"}],"wp:attachment":[{"href":"https:\/\/alleegalerii.ee\/en\/wp-json\/wp\/v2\/media?parent=40809"}],"wp:term":[{"taxonomy":"product_brand","embeddable":true,"href":"https:\/\/alleegalerii.ee\/en\/wp-json\/wp\/v2\/product_brand?post=40809"},{"taxonomy":"product_cat","embeddable":true,"href":"https:\/\/alleegalerii.ee\/en\/wp-json\/wp\/v2\/product_cat?post=40809"},{"taxonomy":"product_tag","embeddable":true,"href":"https:\/\/alleegalerii.ee\/en\/wp-json\/wp\/v2\/product_tag?post=40809"}],"curies":[{"name":"wp","href":"https:\/\/api.w.org\/{rel}","templated":true}]}}