{"id":40806,"date":"2026-04-14T21:47:35","date_gmt":"2026-04-14T18:47:35","guid":{"rendered":"https:\/\/alleegalerii.ee\/?post_type=product&#038;p=40806"},"modified":"2026-04-16T13:36:14","modified_gmt":"2026-04-16T10:36:14","slug":"54-malle-leis-lilled-xii","status":"publish","type":"product","link":"https:\/\/alleegalerii.ee\/en\/shop\/54-malle-leis-lilled-xii\/","title":{"rendered":"54. Malle Leis \"Flowers XII\""},"content":{"rendered":"<div class=\"wpb-content-wrapper\"><p>[vc_row][vc_column][vc_column_text css=&#8221;&#8221; woodmart_inline=&#8221;no&#8221; text_larger=&#8221;no&#8221;]<\/p>\n<h5>Serigraafia paberil. 1972.<br \/>\nAll vasakul: Lilled XII serigraafia 27\/30<br \/>\nAll paremal: M. Leis 1972.a.<\/h5>\n<p>Eesti popkunsti klassiku Malle Leisi (1940-2017) varasesse loominguperioodi kuuluv v\u00e4rviline serigraafia pojengidest ja nelkidest on korraga nii detailitruu (\u00f5ied) kui kergelt tinglik (lehtede partii). Lisaks toob Leis teosele abstraktsed geomeetrilised vormid kui kompositsiooni dekoratiivsed osad, mis suurendavad ja justkui peegeldavad keskse lillemotiivi diagonaalset d\u00fcnaamikat. Must taust on Leisi k\u00e4ekirjale tunnuslik juba varem ja j\u00e4tkub kuni viimaste t\u00f6\u00f6deni, et r\u00f5hutada pildiruumi s\u00fcgavuse illusiooni.<\/p>\n<p style=\"text-align: right;\">Tekst: Harry Liivrand<\/p>\n<p>[\/vc_column_text][\/vc_column][\/vc_row]<\/p>\n<\/div>","protected":false},"excerpt":{"rendered":"<p>[vc_row][vc_column][vc_column_text css=&#8221;&#8221; woodmart_inline=&#8221;no&#8221; text_larger=&#8221;no&#8221;] Serigraafia paberil. 1972. All vasakul: Lilled XII serigraafia 27\/30 All paremal: M. Leis 1972.a. Eesti popkunsti<\/p>\n","protected":false},"featured_media":39645,"template":"","meta":{"_acf_changed":false},"product_brand":[],"product_cat":[435],"product_tag":[],"class_list":{"0":"post-40806","1":"product","2":"type-product","3":"status-publish","4":"has-post-thumbnail","6":"product_cat-kevadoksjon-2026","7":"auction-is-open","9":"first","10":"instock","11":"shipping-taxable","12":"purchasable","13":"product-type-auction"},"acf":[],"_links":{"self":[{"href":"https:\/\/alleegalerii.ee\/en\/wp-json\/wp\/v2\/product\/40806","targetHints":{"allow":["GET"]}}],"collection":[{"href":"https:\/\/alleegalerii.ee\/en\/wp-json\/wp\/v2\/product"}],"about":[{"href":"https:\/\/alleegalerii.ee\/en\/wp-json\/wp\/v2\/types\/product"}],"wp:featuredmedia":[{"embeddable":true,"href":"https:\/\/alleegalerii.ee\/en\/wp-json\/wp\/v2\/media\/39645"}],"wp:attachment":[{"href":"https:\/\/alleegalerii.ee\/en\/wp-json\/wp\/v2\/media?parent=40806"}],"wp:term":[{"taxonomy":"product_brand","embeddable":true,"href":"https:\/\/alleegalerii.ee\/en\/wp-json\/wp\/v2\/product_brand?post=40806"},{"taxonomy":"product_cat","embeddable":true,"href":"https:\/\/alleegalerii.ee\/en\/wp-json\/wp\/v2\/product_cat?post=40806"},{"taxonomy":"product_tag","embeddable":true,"href":"https:\/\/alleegalerii.ee\/en\/wp-json\/wp\/v2\/product_tag?post=40806"}],"curies":[{"name":"wp","href":"https:\/\/api.w.org\/{rel}","templated":true}]}}