{"id":40805,"date":"2026-04-14T21:45:04","date_gmt":"2026-04-14T18:45:04","guid":{"rendered":"https:\/\/alleegalerii.ee\/?post_type=product&#038;p=40805"},"modified":"2026-04-16T13:35:54","modified_gmt":"2026-04-16T10:35:54","slug":"53-malle-leis-pojeng","status":"publish","type":"product","link":"https:\/\/alleegalerii.ee\/en\/shop\/53-malle-leis-pojeng\/","title":{"rendered":"53. Malle Leis \u201cPeony\""},"content":{"rendered":"<div class=\"wpb-content-wrapper\"><p>[vc_row][vc_column][vc_column_text css=&#8221;&#8221; woodmart_inline=&#8221;no&#8221; text_larger=&#8221;no&#8221;]<\/p>\n<h5>Akvarell paberil. 2011.<br \/>\nAll vasakul: LEIS 2011<br \/>\nP\u00f6\u00f6rdel: POJENG 24&#215;54 akvarell 2011 M. Leis<\/h5>\n<p>Malle Leis (1940-2017) on eesti kunsti \u00fcks s\u00e4ravamaid koloriste, kelle loomingu l\u00e4bivaks motiiviks on olnud taimed. Seda aga mitte pelgalt dekoratiivse elemendina, vaid iseseisva, monumentaalse kujundina, mis kannavad endas \u00fcheaegselt nii eluj\u00f5udu kui haprust.<\/p>\n<p>2011. aastal valminud \u201ePojengid\u201c kuulub kunstniku hilisperioodi, mil armastus lillede vastu oli muutunud veelgi intensiivsemaks. Suured, peaaegu kogu pildiruumi t\u00e4itvad lopsakad \u00f5ied m\u00f5juvad portreena \u2013 individuaalne, v\u00e4\u00e4rikas ja kohal. Pojengide kroonlehed on maalitud l\u00e4bikumavate kihtidena, kus karmiinpunased, roosad ja lillakad toonid sulavad \u00fcksteisesse, luues mulje sisemisest valgusest. T\u00e4ies ilus \u00f5itele pakuvad ergastavat seltsi alles avanemist ootavad v\u00e4rsked tumerohelised \u00f5iepungad.<\/p>\n<p>Nagu Leisi akvarellidele omane, loob ta l\u00e4bi t\u00fchjuse ja t\u00e4idetuse vahekorra tasakaalustatud kompositsiooni &#8211; v\u00e4rv ei kata paberit, vaid hingab selle pinnal. Nii tegutsedes s\u00fcnnibki Leisi maagia, mis \u00f5petab meid seisatuma, m\u00e4rkama ja nautima looduse v\u00f5rratut ilu me \u00fcmber.<\/p>\n<p style=\"text-align: right;\">Tekst: Katre Palm<\/p>\n<p>[\/vc_column_text][\/vc_column][\/vc_row]<\/p>\n<\/div>","protected":false},"excerpt":{"rendered":"<p>[vc_row][vc_column][vc_column_text css=&#8221;&#8221; woodmart_inline=&#8221;no&#8221; text_larger=&#8221;no&#8221;] Akvarell paberil. 2011. All vasakul: LEIS 2011 P\u00f6\u00f6rdel: POJENG 24&#215;54 akvarell 2011 M. Leis Malle Leis<\/p>\n","protected":false},"featured_media":39042,"template":"","meta":{"_acf_changed":false},"product_brand":[],"product_cat":[435],"product_tag":[],"class_list":{"0":"post-40805","1":"product","2":"type-product","3":"status-publish","4":"has-post-thumbnail","6":"product_cat-kevadoksjon-2026","7":"auction-is-open","9":"first","10":"instock","11":"shipping-taxable","12":"purchasable","13":"product-type-auction"},"acf":[],"_links":{"self":[{"href":"https:\/\/alleegalerii.ee\/en\/wp-json\/wp\/v2\/product\/40805","targetHints":{"allow":["GET"]}}],"collection":[{"href":"https:\/\/alleegalerii.ee\/en\/wp-json\/wp\/v2\/product"}],"about":[{"href":"https:\/\/alleegalerii.ee\/en\/wp-json\/wp\/v2\/types\/product"}],"wp:featuredmedia":[{"embeddable":true,"href":"https:\/\/alleegalerii.ee\/en\/wp-json\/wp\/v2\/media\/39042"}],"wp:attachment":[{"href":"https:\/\/alleegalerii.ee\/en\/wp-json\/wp\/v2\/media?parent=40805"}],"wp:term":[{"taxonomy":"product_brand","embeddable":true,"href":"https:\/\/alleegalerii.ee\/en\/wp-json\/wp\/v2\/product_brand?post=40805"},{"taxonomy":"product_cat","embeddable":true,"href":"https:\/\/alleegalerii.ee\/en\/wp-json\/wp\/v2\/product_cat?post=40805"},{"taxonomy":"product_tag","embeddable":true,"href":"https:\/\/alleegalerii.ee\/en\/wp-json\/wp\/v2\/product_tag?post=40805"}],"curies":[{"name":"wp","href":"https:\/\/api.w.org\/{rel}","templated":true}]}}