{"id":40804,"date":"2026-04-14T21:43:57","date_gmt":"2026-04-14T18:43:57","guid":{"rendered":"https:\/\/alleegalerii.ee\/?post_type=product&#038;p=40804"},"modified":"2026-04-24T00:12:20","modified_gmt":"2026-04-23T21:12:20","slug":"52-malle-leis-varvilised-ounad-ja-teised","status":"publish","type":"product","link":"https:\/\/alleegalerii.ee\/en\/shop\/52-malle-leis-varvilised-ounad-ja-teised\/","title":{"rendered":"52. Malle Leis \u201cColorful Apples and Others\u201d"},"content":{"rendered":"<div class=\"wpb-content-wrapper\"><p>[vc_row][vc_column][vc_column_text css=&#8221;&#8221; woodmart_inline=&#8221;no&#8221; text_larger=&#8221;no&#8221;]<\/p>\n<h5>Akvarell paberil. 2009.<br \/>\nAll paremal: LEIS 2009<br \/>\nP\u00f6\u00f6rdel: V\u00c4RVILISED \u00d5UNAD JA TEISED 2009 37&#215;53 cm akvarell MALLE LEIS<\/h5>\n<p>Malle Leis (1940-2017) on eesti kunstis \u00fcks j\u00e4rjekindlamaid ja isikup\u00e4rasemaid lille- ja viljamotiivi t\u00f5lgendajaid. Tema loomingus ei ole loodus objekt, vaid v\u00e4rvi ja vormi kaudu v\u00f5imendatud kohalolu. Ka hilisperioodi akvarellides s\u00e4ilib Leisile omane t\u00e4psus, koloriidi kirkus ja kompositsiooniline selgus.<\/p>\n<p>See 2009. aastal valminud teos toob vaatajani rikkaliku, peaaegu k\u00fcllusliku nat\u00fc\u00fcrmordi. \u00d5unad, apelsinid ja viinamarjakobarad on paigutatud tihedasse, ent tasakaalustatud r\u00fctmi, kus iga vorm toimib \u00fchtaegu eraldiseisva v\u00e4rvilaiguna ja osana tervikust. Leis ei p\u00fc\u00fca luua klassikalist s\u00fcgavusillusiooni, vaid t\u00f5stab viljad pildi pinnale \u2013 need m\u00f5juvad monumentaalsetena, peaaegu portreelikena.<\/p>\n<p>Akvarelli l\u00e4bikumav tehnika v\u00f5imaldab v\u00e4rvidel helendada seestpoolt. Erkrohelised, s\u00fcgavsinised ja leegitsevad oran\u017eid moodustavad j\u00f5ulise, ent harmoonilise koosluse. Pintslik\u00e4sitlus on t\u00e4pne, kuid mitte kuiv \u2013 detailid, nagu \u00f5unte t\u00e4kked ja varte keerduvad jooned, lisavad kompositsioonile elavust ja loomulikkust.<\/p>\n<p>\u201eV\u00e4rvilised \u00f5unad ja teised\u201c on hea n\u00e4ide Leisi hilisloomingust, mis ei ole pelgalt esemete kujutus, vaid v\u00e4rvi kui iseseisva v\u00e4\u00e4rtuse t\u00e4histamine.<\/p>\n<p style=\"text-align: right\">Tekst: Katre Palm<\/p>\n<p>[\/vc_column_text][\/vc_column][\/vc_row]<\/p>\n<\/div>","protected":false},"excerpt":{"rendered":"<p>[vc_row][vc_column][vc_column_text css=&#8221;&#8221; woodmart_inline=&#8221;no&#8221; text_larger=&#8221;no&#8221;] Akvarell paberil. 2009. All paremal: LEIS 2009 P\u00f6\u00f6rdel: V\u00c4RVILISED \u00d5UNAD JA TEISED 2009 37&#215;53 cm akvarell<\/p>\n","protected":false},"featured_media":39359,"template":"","meta":{"_acf_changed":false},"product_brand":[],"product_cat":[435],"product_tag":[],"class_list":{"0":"post-40804","1":"product","2":"type-product","3":"status-publish","4":"has-post-thumbnail","6":"product_cat-kevadoksjon-2026","7":"auction-is-open","9":"first","10":"instock","11":"shipping-taxable","12":"purchasable","13":"product-type-auction"},"acf":[],"_links":{"self":[{"href":"https:\/\/alleegalerii.ee\/en\/wp-json\/wp\/v2\/product\/40804","targetHints":{"allow":["GET"]}}],"collection":[{"href":"https:\/\/alleegalerii.ee\/en\/wp-json\/wp\/v2\/product"}],"about":[{"href":"https:\/\/alleegalerii.ee\/en\/wp-json\/wp\/v2\/types\/product"}],"wp:featuredmedia":[{"embeddable":true,"href":"https:\/\/alleegalerii.ee\/en\/wp-json\/wp\/v2\/media\/39359"}],"wp:attachment":[{"href":"https:\/\/alleegalerii.ee\/en\/wp-json\/wp\/v2\/media?parent=40804"}],"wp:term":[{"taxonomy":"product_brand","embeddable":true,"href":"https:\/\/alleegalerii.ee\/en\/wp-json\/wp\/v2\/product_brand?post=40804"},{"taxonomy":"product_cat","embeddable":true,"href":"https:\/\/alleegalerii.ee\/en\/wp-json\/wp\/v2\/product_cat?post=40804"},{"taxonomy":"product_tag","embeddable":true,"href":"https:\/\/alleegalerii.ee\/en\/wp-json\/wp\/v2\/product_tag?post=40804"}],"curies":[{"name":"wp","href":"https:\/\/api.w.org\/{rel}","templated":true}]}}