{"id":40803,"date":"2026-04-14T21:43:08","date_gmt":"2026-04-14T18:43:08","guid":{"rendered":"https:\/\/alleegalerii.ee\/?post_type=product&#038;p=40803"},"modified":"2026-04-16T13:35:03","modified_gmt":"2026-04-16T10:35:03","slug":"51-aleksander-pilar-tallinna-sadam","status":"publish","type":"product","link":"https:\/\/alleegalerii.ee\/en\/shop\/51-aleksander-pilar-tallinna-sadam\/","title":{"rendered":"51. Aleksander Pilar \u201cPort of Tallinn\u201d"},"content":{"rendered":"<div class=\"wpb-content-wrapper\"><p>[vc_row][vc_column][vc_column_text css=&#8221;&#8221; woodmart_inline=&#8221;no&#8221; text_larger=&#8221;no&#8221;]<\/p>\n<h5>Akvarell paberil. 1974.<br \/>\nAll paremal: Pilar 74<\/h5>\n<p>Eesti akvarellikunsti klassik Aleksander Pilar (1912-1989) j\u00e4\u00e4dvustas nii pealinna kui ka Eestimaa kaugemaid looduskauneid paiku, kujundas Vanemuisele teatridekoratsioone ja kost\u00fc\u00fcme ning osales aktiivselt Kunstnike Liidu t\u00f6\u00f6s. Tema loomingus kohtuvad hea ruumitaju ja valguse poeetiline t\u00f5lgendus. 1960ndatel, mil kunstniku k\u00e4ekiri muutus \u00fcha \u00fcldistavamaks ja maalilisemaks, saavutas ta akvarellis erilise vabaduse \u2013 vorm j\u00e4i selgeks, ent v\u00e4rv hakkas kandma meeleolu.<\/p>\n<p>Tallinna sadamat kujutav teos esitleb enamusele eestlastele nii tuttavat vaadet, kus kraanad, mastid ja laevad moodustavad r\u00fctmilise vertikaalide ja diagonaalide v\u00f5rgustiku. Esiplaani tumedad, peaaegu abstraktseks taandatud pinnad juhivad pilgu veepeeglile, milles sadam kahekordistub peegelduste kaudu &#8211; justkui pilt pildis. Just veepind on selle maali keskne kandja \u2013 l\u00e4bikumavad rohekad ja sinakashallid toonid loovad s\u00fcgavuse ning loovad meie ees oleval vaatel vaoshoitud ja kergelt romantilise atmosf\u00e4\u00e4ri.<\/p>\n<p>\u201eTallinna sadam\u201c on hea n\u00e4ide Pilarist kui meeleolumaalijast, kes suudab ka argise linnavaate t\u00f5sta esteetiliseks tervikuks, kus vorm, r\u00fctm ja valgus on t\u00e4pses tasakaalus.<\/p>\n<p style=\"text-align: right;\">Tekst: Katre Palm<\/p>\n<p>[\/vc_column_text][\/vc_column][\/vc_row]<\/p>\n<\/div>","protected":false},"excerpt":{"rendered":"<p>[vc_row][vc_column][vc_column_text css=&#8221;&#8221; woodmart_inline=&#8221;no&#8221; text_larger=&#8221;no&#8221;] Akvarell paberil. 1974. All paremal: Pilar 74 Eesti akvarellikunsti klassik Aleksander Pilar (1912-1989) j\u00e4\u00e4dvustas nii pealinna<\/p>\n","protected":false},"featured_media":39456,"template":"","meta":{"_acf_changed":false},"product_brand":[],"product_cat":[435],"product_tag":[],"class_list":{"0":"post-40803","1":"product","2":"type-product","3":"status-publish","4":"has-post-thumbnail","6":"product_cat-kevadoksjon-2026","7":"auction-is-open","8":"current-user-is-not-highest-bidder","10":"first","11":"instock","12":"shipping-taxable","13":"purchasable","14":"product-type-auction"},"acf":[],"_links":{"self":[{"href":"https:\/\/alleegalerii.ee\/en\/wp-json\/wp\/v2\/product\/40803","targetHints":{"allow":["GET"]}}],"collection":[{"href":"https:\/\/alleegalerii.ee\/en\/wp-json\/wp\/v2\/product"}],"about":[{"href":"https:\/\/alleegalerii.ee\/en\/wp-json\/wp\/v2\/types\/product"}],"wp:featuredmedia":[{"embeddable":true,"href":"https:\/\/alleegalerii.ee\/en\/wp-json\/wp\/v2\/media\/39456"}],"wp:attachment":[{"href":"https:\/\/alleegalerii.ee\/en\/wp-json\/wp\/v2\/media?parent=40803"}],"wp:term":[{"taxonomy":"product_brand","embeddable":true,"href":"https:\/\/alleegalerii.ee\/en\/wp-json\/wp\/v2\/product_brand?post=40803"},{"taxonomy":"product_cat","embeddable":true,"href":"https:\/\/alleegalerii.ee\/en\/wp-json\/wp\/v2\/product_cat?post=40803"},{"taxonomy":"product_tag","embeddable":true,"href":"https:\/\/alleegalerii.ee\/en\/wp-json\/wp\/v2\/product_tag?post=40803"}],"curies":[{"name":"wp","href":"https:\/\/api.w.org\/{rel}","templated":true}]}}