{"id":40801,"date":"2026-04-14T21:41:44","date_gmt":"2026-04-14T18:41:44","guid":{"rendered":"https:\/\/alleegalerii.ee\/?post_type=product&#038;p=40801"},"modified":"2026-04-16T13:34:17","modified_gmt":"2026-04-16T10:34:17","slug":"49-richard-uutmaa-ohtune-meri","status":"publish","type":"product","link":"https:\/\/alleegalerii.ee\/en\/shop\/49-richard-uutmaa-ohtune-meri\/","title":{"rendered":"49. Richard Uutmaa \u201cEvening Sea\u201d"},"content":{"rendered":"<div class=\"wpb-content-wrapper\"><p>[vc_row][vc_column][vc_column_text css=&#8221;&#8221; woodmart_inline=&#8221;no&#8221; text_larger=&#8221;no&#8221;]<\/p>\n<h5>Akvarell paberil. 1967.<br \/>\nAll paremal: R. Uutmaa 1964 a.<\/h5>\n<p>Mere tuhat varjundit &#8211; Richard Uutmaa (1905-1977) jaoks oli iga\u00fcks neist ilusaim vaatepilt maailmas. Tema akvarellides ei olnud meri kunagi staatiline motiiv, vaid elav ja hingav ruum, mille meeleolu kujunes v\u00e4rvi ja valguse kaudu. Veetes 1960ndatel iga vaba hetke oma p\u00f5hjaranniku suvekodus, avanes tal v\u00f5imalus talletada loomingusse ka need l\u00fchikesed looduse v\u00e4rvim\u00e4ngude hetked, mis kestavad vaid viivu.<\/p>\n<p>\u201c\u00d5htuses meres\u201d on Uutmaa tabanud vaid minuteid kestva hetke, mil p\u00e4ev ja \u00f6\u00f6 annavad \u00fcksteisele suud. Viimaste p\u00e4iksekiirte soojust ahnelt endasse kahmavad kivid on v\u00e4rvunud intensiivselt oran\u017eikaks, meri aga on andunud juba saabuva \u00f6\u00f6valguse s\u00fcgavtumedasse kuube. Kajakate kerged siluetid taevas pigem m\u00e4rgistavad nende kohalolekut, r\u00f5hutades ruumi avarust ja looduse lihtsat, vahetut lummust.<\/p>\n<p style=\"text-align: right;\">Tekst: Katre Palm<\/p>\n<p>[\/vc_column_text][\/vc_column][\/vc_row]<\/p>\n<\/div>","protected":false},"excerpt":{"rendered":"<p>[vc_row][vc_column][vc_column_text css=&#8221;&#8221; woodmart_inline=&#8221;no&#8221; text_larger=&#8221;no&#8221;] Akvarell paberil. 1967. All paremal: R. Uutmaa 1964 a. Mere tuhat varjundit &#8211; Richard Uutmaa (1905-1977)<\/p>\n","protected":false},"featured_media":38945,"template":"","meta":{"_acf_changed":false},"product_brand":[],"product_cat":[435],"product_tag":[],"class_list":{"0":"post-40801","1":"product","2":"type-product","3":"status-publish","4":"has-post-thumbnail","6":"product_cat-kevadoksjon-2026","7":"auction-is-open","9":"first","10":"instock","11":"shipping-taxable","12":"purchasable","13":"product-type-auction"},"acf":[],"_links":{"self":[{"href":"https:\/\/alleegalerii.ee\/en\/wp-json\/wp\/v2\/product\/40801","targetHints":{"allow":["GET"]}}],"collection":[{"href":"https:\/\/alleegalerii.ee\/en\/wp-json\/wp\/v2\/product"}],"about":[{"href":"https:\/\/alleegalerii.ee\/en\/wp-json\/wp\/v2\/types\/product"}],"wp:featuredmedia":[{"embeddable":true,"href":"https:\/\/alleegalerii.ee\/en\/wp-json\/wp\/v2\/media\/38945"}],"wp:attachment":[{"href":"https:\/\/alleegalerii.ee\/en\/wp-json\/wp\/v2\/media?parent=40801"}],"wp:term":[{"taxonomy":"product_brand","embeddable":true,"href":"https:\/\/alleegalerii.ee\/en\/wp-json\/wp\/v2\/product_brand?post=40801"},{"taxonomy":"product_cat","embeddable":true,"href":"https:\/\/alleegalerii.ee\/en\/wp-json\/wp\/v2\/product_cat?post=40801"},{"taxonomy":"product_tag","embeddable":true,"href":"https:\/\/alleegalerii.ee\/en\/wp-json\/wp\/v2\/product_tag?post=40801"}],"curies":[{"name":"wp","href":"https:\/\/api.w.org\/{rel}","templated":true}]}}