{"id":40800,"date":"2026-04-14T21:41:04","date_gmt":"2026-04-14T18:41:04","guid":{"rendered":"https:\/\/alleegalerii.ee\/?post_type=product&#038;p=40800"},"modified":"2026-04-16T13:25:51","modified_gmt":"2026-04-16T10:25:51","slug":"48-juhan-nommik-vaikelu-lillede-ja-puuviljadega","status":"publish","type":"product","link":"https:\/\/alleegalerii.ee\/en\/shop\/48-juhan-nommik-vaikelu-lillede-ja-puuviljadega\/","title":{"rendered":"48. Juhan N\u00f5mmik \u201cStill Life with Flowers and Fruit\u201d"},"content":{"rendered":"<div class=\"wpb-content-wrapper\"><p>[vc_row][vc_column][vc_column_text css=&#8221;&#8221; woodmart_inline=&#8221;no&#8221; text_larger=&#8221;no&#8221;]<\/p>\n<h5>\u00d5li l\u00f5uendil. 1953.<br \/>\nAll vasakul: J. N\u00f5mmik -53.<\/h5>\n<p>Pallaslaselt Juhan N\u00f5mmikult (1902-1975) p\u00e4rineb hulganisti kauneid maastikumaale, ent nagu on kirjutanud tema biograaf Eevi End, v\u00f5ib hea \u00f5nne korral kohtuda ka tema vaikeludega, eriti 1950ndatel.<\/p>\n<p>\u201cVaikelu lillede ja puuviljadega\u201d on esemete- ja v\u00e4rvirohke, peegeldades h\u00e4sti 1950ndatel vabas maailmas valitsenud r\u00f5\u00f5msat meeleolu, mis pagulaskunstis v\u00e4ljendus p\u00fchendumises esteetilistele v\u00e4\u00e4rtustele. J\u00e4tkates pallasliku maalikultuuri edasikandmist, lisab N\u00f5mmik sellele tundliku valgusk\u00e4sitluse prantsusep\u00e4rase koloriidiga.<\/p>\n<p>Kunstnik s\u00e4tib oma nat\u00fc\u00fcrmordi taustale helesinised ja valkjad kangad, mille voogavate voltide taustal t\u00f5usevad elegantselt esile puuviljade soojad kollased ja punased toonid. Puuviljadest m\u00f5juvad eriliselt ahvatlevalt mahlakad kirsid, mis oma s\u00fcgavpunase tooni ja pringi nahaga m\u00f5juvad otse kunstniku aiast v\u00e4rskelt tooduna.<\/p>\n<p style=\"text-align: right;\">Tekst: Mai Levin, Katre Palm<\/p>\n<p>[\/vc_column_text][\/vc_column][\/vc_row]<\/p>\n<\/div>","protected":false},"excerpt":{"rendered":"<p>[vc_row][vc_column][vc_column_text css=&#8221;&#8221; woodmart_inline=&#8221;no&#8221; text_larger=&#8221;no&#8221;] \u00d5li l\u00f5uendil. 1953. All vasakul: J. N\u00f5mmik -53. Pallaslaselt Juhan N\u00f5mmikult (1902-1975) p\u00e4rineb hulganisti kauneid maastikumaale,<\/p>\n","protected":false},"featured_media":38384,"template":"","meta":{"_acf_changed":false},"product_brand":[],"product_cat":[435],"product_tag":[],"class_list":{"0":"post-40800","1":"product","2":"type-product","3":"status-publish","4":"has-post-thumbnail","6":"product_cat-kevadoksjon-2026","7":"auction-is-open","9":"first","10":"instock","11":"shipping-taxable","12":"purchasable","13":"product-type-auction"},"acf":[],"_links":{"self":[{"href":"https:\/\/alleegalerii.ee\/en\/wp-json\/wp\/v2\/product\/40800","targetHints":{"allow":["GET"]}}],"collection":[{"href":"https:\/\/alleegalerii.ee\/en\/wp-json\/wp\/v2\/product"}],"about":[{"href":"https:\/\/alleegalerii.ee\/en\/wp-json\/wp\/v2\/types\/product"}],"wp:featuredmedia":[{"embeddable":true,"href":"https:\/\/alleegalerii.ee\/en\/wp-json\/wp\/v2\/media\/38384"}],"wp:attachment":[{"href":"https:\/\/alleegalerii.ee\/en\/wp-json\/wp\/v2\/media?parent=40800"}],"wp:term":[{"taxonomy":"product_brand","embeddable":true,"href":"https:\/\/alleegalerii.ee\/en\/wp-json\/wp\/v2\/product_brand?post=40800"},{"taxonomy":"product_cat","embeddable":true,"href":"https:\/\/alleegalerii.ee\/en\/wp-json\/wp\/v2\/product_cat?post=40800"},{"taxonomy":"product_tag","embeddable":true,"href":"https:\/\/alleegalerii.ee\/en\/wp-json\/wp\/v2\/product_tag?post=40800"}],"curies":[{"name":"wp","href":"https:\/\/api.w.org\/{rel}","templated":true}]}}