{"id":40798,"date":"2026-04-14T21:29:05","date_gmt":"2026-04-14T18:29:05","guid":{"rendered":"https:\/\/alleegalerii.ee\/?post_type=product&#038;p=40798"},"modified":"2026-04-16T13:25:00","modified_gmt":"2026-04-16T10:25:00","slug":"46-heitti-polli-kopu-tuletorn","status":"publish","type":"product","link":"https:\/\/alleegalerii.ee\/en\/shop\/46-heitti-polli-kopu-tuletorn\/","title":{"rendered":"46. Heitti Polli \u201cK\u00f5pu Lighthouse\u201d"},"content":{"rendered":"<div class=\"wpb-content-wrapper\"><p>[vc_row][vc_column][vc_column_text css=&#8221;&#8221; woodmart_inline=&#8221;no&#8221; text_larger=&#8221;no&#8221;]<\/p>\n<h5>\u00d5li l\u00f5uendil. 1996.<br \/>\nAll vasakul: Heitti Polli 96<\/h5>\n<p><span style=\"font-weight: 400;\">Kunstnike Kaljo ja Ellen Polli perre s\u00fcndinud Heitti Polli (s 1951) kasvas s\u00f5na otseses m\u00f5ttes pintsel k\u00e4es ning loominguline kirg on teda saatnud kogu elu. Tema maalides on sageli tunda vaikset pinget, kus tuttav arhitektuurne v\u00f5i looduslik objekt on asetatud veidi nihestatud, unen\u00e4olisse atmosf\u00e4\u00e4ri.\u00a0<\/span><\/p>\n<p><span style=\"font-weight: 400;\">Nii ka siin, 1996. aasta teosel, mis kujutab \u00fcht Eesti tuntumat merem\u00e4rki \u2013 K\u00f5pu tuletorni Hiiumaal, mille maalimise idee s\u00fcndis k\u00fclask\u00e4igul Veeteede Ametisse. Seal \u00f5nnestus Pollil n\u00e4ha erinevate Eesti tuletornide makette ning neist just K\u00f5pu m\u00f5jus oma monumentaalsuses kunstnikule eriliselt inspireerivana.<\/span><\/p>\n<p><span style=\"font-weight: 400;\">Polli kujutab seda monumentaalset ehitist justkui merest t\u00f5usvana, andes talle omamoodi m\u00fctoloogilise muinasjututegelase rolli. Omavahel asuvad m\u00e4ngima vertikaalne tuletorn ning horisontaalne merepind koos silmapiiriga, mis justkui sulavad \u00fcksteisesse, andes edasi mere ja taeva l\u00f5putust. Polli k\u00e4sitlus ei ole pelgalt topograafiline, vaid torn m\u00f5jub suurema s\u00fcmbolina \u2013 orientiirina, mille \u00fcmber koondub avarus ja vaikus. Selles on oma meditatiivne rahu ning nagu kunstnik ise on \u00f6elnud, on see majakas lisaks laevadele ka s\u00fcmboolne teejuht inimestele endile elamiseks ja unistamiseks.\u00a0<\/span><\/p>\n<p><span style=\"font-weight: 400;\">Teos oli aastaid eksponeeritud Tallinna Linnavalitsuse puhkeruumis.\u00a0<\/span><\/p>\n<p style=\"text-align: right;\"><span style=\"font-weight: 400;\">Tekst: Katre Palm<\/span><\/p>\n<p>[\/vc_column_text][\/vc_column][\/vc_row]<\/p>\n<\/div>","protected":false},"excerpt":{"rendered":"<p>[vc_row][vc_column][vc_column_text css=&#8221;&#8221; woodmart_inline=&#8221;no&#8221; text_larger=&#8221;no&#8221;] \u00d5li l\u00f5uendil. 1996. All vasakul: Heitti Polli 96 Kunstnike Kaljo ja Ellen Polli perre s\u00fcndinud Heitti<\/p>\n","protected":false},"featured_media":39136,"template":"","meta":{"_acf_changed":false},"product_brand":[],"product_cat":[435],"product_tag":[],"class_list":{"0":"post-40798","1":"product","2":"type-product","3":"status-publish","4":"has-post-thumbnail","6":"product_cat-kevadoksjon-2026","7":"auction-is-open","9":"first","10":"instock","11":"shipping-taxable","12":"purchasable","13":"product-type-auction"},"acf":[],"_links":{"self":[{"href":"https:\/\/alleegalerii.ee\/en\/wp-json\/wp\/v2\/product\/40798","targetHints":{"allow":["GET"]}}],"collection":[{"href":"https:\/\/alleegalerii.ee\/en\/wp-json\/wp\/v2\/product"}],"about":[{"href":"https:\/\/alleegalerii.ee\/en\/wp-json\/wp\/v2\/types\/product"}],"wp:featuredmedia":[{"embeddable":true,"href":"https:\/\/alleegalerii.ee\/en\/wp-json\/wp\/v2\/media\/39136"}],"wp:attachment":[{"href":"https:\/\/alleegalerii.ee\/en\/wp-json\/wp\/v2\/media?parent=40798"}],"wp:term":[{"taxonomy":"product_brand","embeddable":true,"href":"https:\/\/alleegalerii.ee\/en\/wp-json\/wp\/v2\/product_brand?post=40798"},{"taxonomy":"product_cat","embeddable":true,"href":"https:\/\/alleegalerii.ee\/en\/wp-json\/wp\/v2\/product_cat?post=40798"},{"taxonomy":"product_tag","embeddable":true,"href":"https:\/\/alleegalerii.ee\/en\/wp-json\/wp\/v2\/product_tag?post=40798"}],"curies":[{"name":"wp","href":"https:\/\/api.w.org\/{rel}","templated":true}]}}