{"id":40797,"date":"2026-04-14T21:28:27","date_gmt":"2026-04-14T18:28:27","guid":{"rendered":"https:\/\/alleegalerii.ee\/?post_type=product&#038;p=40797"},"modified":"2026-04-16T13:24:38","modified_gmt":"2026-04-16T10:24:38","slug":"45-enn-volmere-otepaa-maastik-kaarnajarvega","status":"publish","type":"product","link":"https:\/\/alleegalerii.ee\/en\/shop\/45-enn-volmere-otepaa-maastik-kaarnajarvega\/","title":{"rendered":"45. Enn Volmere \u201cOtep\u00e4\u00e4 Landscape with Kaarnaj\u00e4rv\u201d"},"content":{"rendered":"<div class=\"wpb-content-wrapper\"><p>[vc_row][vc_column][vc_column_text css=&#8221;&#8221; woodmart_inline=&#8221;no&#8221; text_larger=&#8221;no&#8221;]<\/p>\n<h5>\u00d5li vineeril. 1947.<br \/>\nAll paremal: E Volmere 47.<br \/>\nP\u00f6\u00f6rdel: Enn Volmere &#8220;Otep\u00e4\u00e4 maastik Kaarnaj\u00e4rvega&#8221; \u00f5li 1947 a.<\/h5>\n<p>Eesti kunstiajaloo suurte autodidaktide (n\u00e4iteks Raul Meel, Ado Lill, Agu Pilt) hulgas on Enn Volmerel (1908-1978) oma kindel koht. Maalikunsti alal deb\u00fcteeris ta Saksa-ajal 1943. aastal Tartus. Volmere ampluaaks kujunes maastikumaal, mis varasemal loomeperioodil oli impressionistlik, hiljem aga ekspressionistlik.<\/p>\n<p>Maaliline &#8220;Otep\u00e4\u00e4 maastik Kaarnaj\u00e4rvega&#8221; kuulub neist esimesse. Kaunist p\u00e4ikselisest j\u00e4rvevaatest \u00f5hkub muretust ja puhkuse meeleolu, motiivi alt valitud rakurss laseb aga \u00fcle j\u00e4rve paistval &#8220;m\u00e4gimaastikul&#8221; paista kohaliku \u0160veitsina ja on seega omalaadsete seas selgelt eristuv ja ainulaadne.<\/p>\n<p style=\"text-align: right;\">\u00a0Tekst: Harry Liivrand<\/p>\n<p>[\/vc_column_text][\/vc_column][\/vc_row]<\/p>\n<\/div>","protected":false},"excerpt":{"rendered":"<p>[vc_row][vc_column][vc_column_text css=&#8221;&#8221; woodmart_inline=&#8221;no&#8221; text_larger=&#8221;no&#8221;] \u00d5li vineeril. 1947. All paremal: E Volmere 47. P\u00f6\u00f6rdel: Enn Volmere &#8220;Otep\u00e4\u00e4 maastik Kaarnaj\u00e4rvega&#8221; \u00f5li 1947<\/p>\n","protected":false},"featured_media":39512,"template":"","meta":{"_acf_changed":false},"product_brand":[],"product_cat":[435],"product_tag":[],"class_list":{"0":"post-40797","1":"product","2":"type-product","3":"status-publish","4":"has-post-thumbnail","6":"product_cat-kevadoksjon-2026","7":"auction-is-open","9":"first","10":"instock","11":"shipping-taxable","12":"purchasable","13":"product-type-auction"},"acf":[],"_links":{"self":[{"href":"https:\/\/alleegalerii.ee\/en\/wp-json\/wp\/v2\/product\/40797","targetHints":{"allow":["GET"]}}],"collection":[{"href":"https:\/\/alleegalerii.ee\/en\/wp-json\/wp\/v2\/product"}],"about":[{"href":"https:\/\/alleegalerii.ee\/en\/wp-json\/wp\/v2\/types\/product"}],"wp:featuredmedia":[{"embeddable":true,"href":"https:\/\/alleegalerii.ee\/en\/wp-json\/wp\/v2\/media\/39512"}],"wp:attachment":[{"href":"https:\/\/alleegalerii.ee\/en\/wp-json\/wp\/v2\/media?parent=40797"}],"wp:term":[{"taxonomy":"product_brand","embeddable":true,"href":"https:\/\/alleegalerii.ee\/en\/wp-json\/wp\/v2\/product_brand?post=40797"},{"taxonomy":"product_cat","embeddable":true,"href":"https:\/\/alleegalerii.ee\/en\/wp-json\/wp\/v2\/product_cat?post=40797"},{"taxonomy":"product_tag","embeddable":true,"href":"https:\/\/alleegalerii.ee\/en\/wp-json\/wp\/v2\/product_tag?post=40797"}],"curies":[{"name":"wp","href":"https:\/\/api.w.org\/{rel}","templated":true}]}}