{"id":40791,"date":"2026-04-14T20:50:50","date_gmt":"2026-04-14T17:50:50","guid":{"rendered":"https:\/\/alleegalerii.ee\/?post_type=product&#038;p=40791"},"modified":"2026-04-16T13:22:43","modified_gmt":"2026-04-16T10:22:43","slug":"40-heitti-polli-tallinn","status":"publish","type":"product","link":"https:\/\/alleegalerii.ee\/en\/shop\/40-heitti-polli-tallinn\/","title":{"rendered":"40. Heitti Polli \"Tallinn\""},"content":{"rendered":"<div class=\"wpb-content-wrapper\"><p>[vc_row][vc_column][vc_column_text css=&#8221;&#8221; woodmart_inline=&#8221;no&#8221; text_larger=&#8221;no&#8221;]<\/p>\n<h5>\u00d5li l\u00f5uendil. 1984.<br \/>\nAll vasakul: Heitti 84<\/h5>\n<p>1980ndatel \u00f5nnestus perekond Pollil soetada korter Imanta t\u00e4navale Tallinnas. Tolle r\u00f5dupoolsest k\u00fcljest paistis h\u00e4sti k\u00e4tte Ol\u00fcmpia hotell, mis Heitti Pollile (s 1951) oma kodusest ateljeest maalides aina enam meeldima hakkas. \u00dchel p\u00e4eval tiriski ta maalipuki r\u00f5dule ja hakkas maalima. Esimesele, v\u00e4iksemale maalile kandis ta Ol\u00fcmpia vaate ning veel v\u00e4rvi kuivades osteti see \u00e4ra v\u00e4lismaa kollektsiooni. Teisele, n\u00fc\u00fcd juba suuremale maalile lisas Polli ka Viru hotelli ja nende vahele vanalinna vaate. Ent juba peagi leidis seegi t\u00f6\u00f6 v\u00e4\u00e4rika presenteerimiskoha ning kaunistas aastaid Tallinna linnapea kabinetti.<\/p>\n<p>Ent v\u00f5imsa formaadiga &#8220;Tallinn&#8221; on palju enamat, kui vaid kollaa\u017e Eesti pealinna vanadest ja uutest maam\u00e4rkidest ehk toona kahest ainsast pilvel\u00f5hkujast ja\u00a0 vanalinna vaatest sama s\u00fcmboolsetele keskaegsetele hoonetele Paksule Margareetale, Oleviste kirikule ja Stoltingi tornile. Maali kodeeritud visuaalne s\u00f5num on sotsiaalse ja \u00fchiskonnakriitilise t\u00e4hendusega: ainult v\u00e4listuristidele m\u00f5eldud valuutahotellid, kuhu sissep\u00e4\u00e4s oli kohalikele \u00fcldjuhul keelatud, ning vaatamisv\u00e4\u00e4rsused, mida v\u00f5is vaadata nii turist kui kohalik. S\u00f5na \u201cTALLINN\u201d meenutab punk-anarhistlikku graffitit, mis sel ajal Tallinnas juba eksisteeris. Kuna Polli on alati olnud tugevalt eestimeelne, m\u00f5jub helesinine muretu taevas nii hotellide kui vanalinna kohal justkui paroodiana ajastu kommunistliku ideoloogia \u00fcle.<\/p>\n<p style=\"text-align: right;\">Tekst: Harry Liivrand, Katre Palm<\/p>\n<p>[\/vc_column_text][\/vc_column][\/vc_row]<\/p>\n<\/div>","protected":false},"excerpt":{"rendered":"<p>[vc_row][vc_column][vc_column_text css=&#8221;&#8221; woodmart_inline=&#8221;no&#8221; text_larger=&#8221;no&#8221;] \u00d5li l\u00f5uendil. 1984. All vasakul: Heitti 84 1980ndatel \u00f5nnestus perekond Pollil soetada korter Imanta t\u00e4navale Tallinnas.<\/p>\n","protected":false},"featured_media":39127,"template":"","meta":{"_acf_changed":false},"product_brand":[],"product_cat":[435],"product_tag":[],"class_list":{"0":"post-40791","1":"product","2":"type-product","3":"status-publish","4":"has-post-thumbnail","6":"product_cat-kevadoksjon-2026","7":"auction-is-open","8":"current-user-is-not-highest-bidder","10":"first","11":"instock","12":"shipping-taxable","13":"purchasable","14":"product-type-auction"},"acf":[],"_links":{"self":[{"href":"https:\/\/alleegalerii.ee\/en\/wp-json\/wp\/v2\/product\/40791","targetHints":{"allow":["GET"]}}],"collection":[{"href":"https:\/\/alleegalerii.ee\/en\/wp-json\/wp\/v2\/product"}],"about":[{"href":"https:\/\/alleegalerii.ee\/en\/wp-json\/wp\/v2\/types\/product"}],"wp:featuredmedia":[{"embeddable":true,"href":"https:\/\/alleegalerii.ee\/en\/wp-json\/wp\/v2\/media\/39127"}],"wp:attachment":[{"href":"https:\/\/alleegalerii.ee\/en\/wp-json\/wp\/v2\/media?parent=40791"}],"wp:term":[{"taxonomy":"product_brand","embeddable":true,"href":"https:\/\/alleegalerii.ee\/en\/wp-json\/wp\/v2\/product_brand?post=40791"},{"taxonomy":"product_cat","embeddable":true,"href":"https:\/\/alleegalerii.ee\/en\/wp-json\/wp\/v2\/product_cat?post=40791"},{"taxonomy":"product_tag","embeddable":true,"href":"https:\/\/alleegalerii.ee\/en\/wp-json\/wp\/v2\/product_tag?post=40791"}],"curies":[{"name":"wp","href":"https:\/\/api.w.org\/{rel}","templated":true}]}}