{"id":40786,"date":"2026-04-14T20:42:43","date_gmt":"2026-04-14T17:42:43","guid":{"rendered":"https:\/\/alleegalerii.ee\/?post_type=product&#038;p=40786"},"modified":"2026-04-16T18:24:48","modified_gmt":"2026-04-16T15:24:48","slug":"37-varmo-pirk-merel","status":"publish","type":"product","link":"https:\/\/alleegalerii.ee\/en\/shop\/37-varmo-pirk-merel\/","title":{"rendered":"37. Varmo Pirk"},"content":{"rendered":"<div class=\"wpb-content-wrapper\"><p>[vc_row][vc_column][vc_column_text css=&#8221;&#8221; woodmart_inline=&#8221;no&#8221; text_larger=&#8221;no&#8221;]<\/p>\n<h5>Segatehnika paberil. 1960ndad.<\/h5>\n<p><span style=\"font-weight: 400;\">Varmo Pirgi (1913-1980) loomingus kuulub oluline osa rannikumotiividele. Neid ei leia me palju, kuid sisemaal s\u00fcndinud kunstniku k\u00e4sitluses on neil k\u00fcljes teatud elevuse ja igatsuse noot.\u00a0<\/span><\/p>\n<p><span style=\"font-weight: 400;\">Pirgi merevaated on koloristlikud vaatem\u00e4ngud ja nii ka k\u00e4esoleva teose puhul, kus ta t\u00f5estab end toonmaali virtuoosse valdajana &#8211; sisuliselt \u00fche v\u00e4rviga loob ta tervikliku jutustuse paatkondadest, kes parajasti kalaretkele asumas.<\/span><\/p>\n<p><span style=\"font-weight: 400;\">Kunstniku p\u00e4randkogust oksjonile j\u00f5udev maal on heaks n\u00e4iteks tema 1960ndate vormiuuendustest. <\/span><\/p>\n<p style=\"text-align: right;\">Tekst: Katre Palm<\/p>\n<p>[\/vc_column_text][\/vc_column][\/vc_row]<\/p>\n<\/div>","protected":false},"excerpt":{"rendered":"<p>[vc_row][vc_column][vc_column_text css=&#8221;&#8221; woodmart_inline=&#8221;no&#8221; text_larger=&#8221;no&#8221;] Segatehnika paberil. 1960ndad. Varmo Pirgi (1913-1980) loomingus kuulub oluline osa rannikumotiividele. Neid ei leia me palju,<\/p>\n","protected":false},"featured_media":40647,"template":"","meta":{"_acf_changed":false},"product_brand":[],"product_cat":[435],"product_tag":[],"class_list":{"0":"post-40786","1":"product","2":"type-product","3":"status-publish","4":"has-post-thumbnail","6":"product_cat-kevadoksjon-2026","7":"auction-is-open","8":"current-user-is-not-highest-bidder","10":"first","11":"instock","12":"shipping-taxable","13":"purchasable","14":"product-type-auction"},"acf":[],"_links":{"self":[{"href":"https:\/\/alleegalerii.ee\/en\/wp-json\/wp\/v2\/product\/40786","targetHints":{"allow":["GET"]}}],"collection":[{"href":"https:\/\/alleegalerii.ee\/en\/wp-json\/wp\/v2\/product"}],"about":[{"href":"https:\/\/alleegalerii.ee\/en\/wp-json\/wp\/v2\/types\/product"}],"wp:featuredmedia":[{"embeddable":true,"href":"https:\/\/alleegalerii.ee\/en\/wp-json\/wp\/v2\/media\/40647"}],"wp:attachment":[{"href":"https:\/\/alleegalerii.ee\/en\/wp-json\/wp\/v2\/media?parent=40786"}],"wp:term":[{"taxonomy":"product_brand","embeddable":true,"href":"https:\/\/alleegalerii.ee\/en\/wp-json\/wp\/v2\/product_brand?post=40786"},{"taxonomy":"product_cat","embeddable":true,"href":"https:\/\/alleegalerii.ee\/en\/wp-json\/wp\/v2\/product_cat?post=40786"},{"taxonomy":"product_tag","embeddable":true,"href":"https:\/\/alleegalerii.ee\/en\/wp-json\/wp\/v2\/product_tag?post=40786"}],"curies":[{"name":"wp","href":"https:\/\/api.w.org\/{rel}","templated":true}]}}