{"id":40782,"date":"2026-04-14T20:39:16","date_gmt":"2026-04-14T17:39:16","guid":{"rendered":"https:\/\/alleegalerii.ee\/?post_type=product&#038;p=40782"},"modified":"2026-04-16T13:19:40","modified_gmt":"2026-04-16T10:19:40","slug":"33-tonis-vint-z12","status":"publish","type":"product","link":"https:\/\/alleegalerii.ee\/en\/shop\/33-tonis-vint-z12\/","title":{"rendered":"33. T\u00f5nis Vint \"Z12\""},"content":{"rendered":"<div class=\"wpb-content-wrapper\"><p>[vc_row][vc_column][vc_column_text css=&#8221;&#8221; woodmart_inline=&#8221;no&#8221; text_larger=&#8221;no&#8221;]<\/p>\n<h5>V\u00e4rviline k\u00f5rgtr\u00fckk paberil. 1996.<br \/>\nAll vasakul: Z12 All keskel: 9\/50<br \/>\nAll paremal: T\u00f5nis Vint &#8217;96<\/h5>\n<p>Eesti erootilise kunsti guru T\u00f5nis Vint (1942-2019) viis hilisloomingus paljud oma varasemad tu\u0161ijoonistused tr\u00fckigraafikasse, nagu ka siinse teose. Vindile t\u00fc\u00fcpilise motiivina seisab pildil kolm maneristlikult pikaksvenitatud ja juugendlikult stiliseeritud noort malbet naist, assotsieerudes antiikajaloost kolme graatsiaga. Pildiruumi \u00fclek\u00fclvanud kujundid (poolkuu, ristid, nooled, orgaanilised vormid) r\u00f5hutavad s\u00f5numi m\u00fcstilist tasandit, seostudes omamoodi hipide eluhoiakuga.<\/p>\n<p>T\u00f5nis Vindi Z-eesliidet kandvad teosed kuuluvad tema \u201cM\u00fctoloogilise graafika\u201d sarja. Must-valgena v\u00e4lja antud sarjast tegi ta vaid \u00fcksikuid v\u00e4rvilisi mappe ning\u00a0 just viimasest p\u00e4rineb ka k\u00e4esolev teos.<\/p>\n<p style=\"text-align: right;\">Tekst: Harry Liivrand<\/p>\n<p>[\/vc_column_text][\/vc_column][\/vc_row]<\/p>\n<\/div>","protected":false},"excerpt":{"rendered":"<p>[vc_row][vc_column][vc_column_text css=&#8221;&#8221; woodmart_inline=&#8221;no&#8221; text_larger=&#8221;no&#8221;] V\u00e4rviline k\u00f5rgtr\u00fckk paberil. 1996. All vasakul: Z12 All keskel: 9\/50 All paremal: T\u00f5nis Vint &#8217;96 Eesti<\/p>\n","protected":false},"featured_media":40228,"template":"","meta":{"_acf_changed":false},"product_brand":[],"product_cat":[435],"product_tag":[],"class_list":{"0":"post-40782","1":"product","2":"type-product","3":"status-publish","4":"has-post-thumbnail","6":"product_cat-kevadoksjon-2026","7":"auction-is-open","8":"current-user-is-not-highest-bidder","10":"first","11":"instock","12":"shipping-taxable","13":"purchasable","14":"product-type-auction"},"acf":[],"_links":{"self":[{"href":"https:\/\/alleegalerii.ee\/en\/wp-json\/wp\/v2\/product\/40782","targetHints":{"allow":["GET"]}}],"collection":[{"href":"https:\/\/alleegalerii.ee\/en\/wp-json\/wp\/v2\/product"}],"about":[{"href":"https:\/\/alleegalerii.ee\/en\/wp-json\/wp\/v2\/types\/product"}],"wp:featuredmedia":[{"embeddable":true,"href":"https:\/\/alleegalerii.ee\/en\/wp-json\/wp\/v2\/media\/40228"}],"wp:attachment":[{"href":"https:\/\/alleegalerii.ee\/en\/wp-json\/wp\/v2\/media?parent=40782"}],"wp:term":[{"taxonomy":"product_brand","embeddable":true,"href":"https:\/\/alleegalerii.ee\/en\/wp-json\/wp\/v2\/product_brand?post=40782"},{"taxonomy":"product_cat","embeddable":true,"href":"https:\/\/alleegalerii.ee\/en\/wp-json\/wp\/v2\/product_cat?post=40782"},{"taxonomy":"product_tag","embeddable":true,"href":"https:\/\/alleegalerii.ee\/en\/wp-json\/wp\/v2\/product_tag?post=40782"}],"curies":[{"name":"wp","href":"https:\/\/api.w.org\/{rel}","templated":true}]}}