{"id":40781,"date":"2026-04-14T20:37:13","date_gmt":"2026-04-14T17:37:13","guid":{"rendered":"https:\/\/alleegalerii.ee\/?post_type=product&#038;p=40781"},"modified":"2026-04-16T13:19:19","modified_gmt":"2026-04-16T10:19:19","slug":"32-tonis-vint-z24","status":"publish","type":"product","link":"https:\/\/alleegalerii.ee\/en\/shop\/32-tonis-vint-z24\/","title":{"rendered":"32. T\u00f5nis Vint \"Z24\""},"content":{"rendered":"<div class=\"wpb-content-wrapper\"><p>[vc_row][vc_column][vc_column_text css=&#8221;&#8221; woodmart_inline=&#8221;no&#8221; text_larger=&#8221;no&#8221;]<\/p>\n<h5>V\u00e4rviline k\u00f5rgtr\u00fckk paberil. 1996.<br \/>\nAll vasakul: Z24 9\/50 All paremal: T\u00f5nis Vint &#8217;96<\/h5>\n<p>Kunstir\u00fchmituse ANK\u00b464 ideoloogi ja \u00fche olulisema eesti graafiku T\u00f5nis Vindi (1942-2019) loomingu keskmes on juugendlikult stiliseeritud ja erotiseeritud naisekuju kas abstraktses tumedas ruumis v\u00f5i geomeetriliste kujunditega liigendatud r\u00f5ivais. Sageli esinevad need omadused ka \u00fches t\u00f6\u00f6s koos nagu k\u00e4esoleval teosel.<\/p>\n<p>Kompositsiooni m\u00f5ttej\u00f5uga peeglit l\u00f5hkuvast naisfiguurist ning \u00f5hus h\u00f5ljuvast peeglist endast lisab dramaatilisust ja mitmet\u00e4henduslikkust sirge punane joon, mis \u00fchelt poolt naist justkui l\u00fckkaks kui teisalt tagasi t\u00f5mbaks. Samas on peegel ka uks kahe maailma vahel, lisades t\u00f6\u00f6le ka teatud maagilise dimensiooni. \u00dclimalt rafineeritud joontehnika demonstreerib kunstniku tehnilist t\u00e4iust.<\/p>\n<p>T\u00f5nis Vindi Z-eesliidet kandvad teosed kuuluvad tema \u201cM\u00fctoloogilise graafika\u201d sarja. Must-valgena v\u00e4lja antud sarjast tegi ta vaid \u00fcksikuid v\u00e4rvilisi mappe ning just viimasest p\u00e4rineb ka k\u00e4esolev teos.<\/p>\n<p style=\"text-align: right;\">Tekst: Harry Liivrand<\/p>\n<p>[\/vc_column_text][\/vc_column][\/vc_row]<\/p>\n<\/div>","protected":false},"excerpt":{"rendered":"<p>[vc_row][vc_column][vc_column_text css=&#8221;&#8221; woodmart_inline=&#8221;no&#8221; text_larger=&#8221;no&#8221;] V\u00e4rviline k\u00f5rgtr\u00fckk paberil. 1996. All vasakul: Z24 9\/50 All paremal: T\u00f5nis Vint &#8217;96 Kunstir\u00fchmituse ANK\u00b464 ideoloogi<\/p>\n","protected":false},"featured_media":40221,"template":"","meta":{"_acf_changed":false},"product_brand":[],"product_cat":[435],"product_tag":[],"class_list":{"0":"post-40781","1":"product","2":"type-product","3":"status-publish","4":"has-post-thumbnail","6":"product_cat-kevadoksjon-2026","7":"auction-is-open","8":"current-user-is-not-highest-bidder","10":"first","11":"instock","12":"shipping-taxable","13":"purchasable","14":"product-type-auction"},"acf":[],"_links":{"self":[{"href":"https:\/\/alleegalerii.ee\/en\/wp-json\/wp\/v2\/product\/40781","targetHints":{"allow":["GET"]}}],"collection":[{"href":"https:\/\/alleegalerii.ee\/en\/wp-json\/wp\/v2\/product"}],"about":[{"href":"https:\/\/alleegalerii.ee\/en\/wp-json\/wp\/v2\/types\/product"}],"wp:featuredmedia":[{"embeddable":true,"href":"https:\/\/alleegalerii.ee\/en\/wp-json\/wp\/v2\/media\/40221"}],"wp:attachment":[{"href":"https:\/\/alleegalerii.ee\/en\/wp-json\/wp\/v2\/media?parent=40781"}],"wp:term":[{"taxonomy":"product_brand","embeddable":true,"href":"https:\/\/alleegalerii.ee\/en\/wp-json\/wp\/v2\/product_brand?post=40781"},{"taxonomy":"product_cat","embeddable":true,"href":"https:\/\/alleegalerii.ee\/en\/wp-json\/wp\/v2\/product_cat?post=40781"},{"taxonomy":"product_tag","embeddable":true,"href":"https:\/\/alleegalerii.ee\/en\/wp-json\/wp\/v2\/product_tag?post=40781"}],"curies":[{"name":"wp","href":"https:\/\/api.w.org\/{rel}","templated":true}]}}