{"id":40779,"date":"2026-04-14T20:35:38","date_gmt":"2026-04-14T17:35:38","guid":{"rendered":"https:\/\/alleegalerii.ee\/?post_type=product&#038;p=40779"},"modified":"2026-04-16T14:05:34","modified_gmt":"2026-04-16T11:05:34","slug":"30-malle-leis-sukmiti-aed-xxvi","status":"publish","type":"product","link":"https:\/\/alleegalerii.ee\/en\/shop\/30-malle-leis-sukmiti-aed-xxvi\/","title":{"rendered":"30. Malle Leis \u201cSukmiti Garden XXVI\u201d"},"content":{"rendered":"<div class=\"wpb-content-wrapper\"><p>[vc_row][vc_column][vc_column_text css=&#8221;&#8221; woodmart_inline=&#8221;no&#8221; text_larger=&#8221;no&#8221;]<\/p>\n<h5>\u00d5li l\u00f5uendil. 1997.<br \/>\nAll vasakul: LEIS 1997<br \/>\nP\u00f6\u00f6rdel: SUKMITI AED XXVI 100&#215;25 \u00f5li l\u00f5uend 1997 LEIS, M<\/h5>\n<p>Eesti popkunsti ja h\u00fcperrealismi klassiku Malle Leisi (1940-2017) loomingus on loodusmotiivil oluline koht. K\u00e4esoleval maalil on kunstniku jaoks sentimentaalne t\u00e4hendus &#8211; see kujutab kunstniku Lillek\u00fcla kolmanda korruse ateljee aknast naaberkrundi aeda avanevat vaadet, mis teda oma erinevate aastaaegadega korduvalt inspireeris.<\/p>\n<p>Avanev karge talvemaastik on esmalt detailit\u00e4pne panoraamvaade, teisalt aga oma patriotismi visuaalne kinnitus &#8211; sinimustvalges koloriidis, sobides samas v\u00f5rratult mitte ainult s\u00fcmboolselt, vaid ka vahetult edasi andma talvist meeleolu ja sellesse sobivat v\u00e4rvide kombinatsiooni. Esiplaanil domineeriv valget\u00fcveline kask on aga autori \u00fcks lemmikmodelle nii \u00f5li- ja akvarellmaalidel.<\/p>\n<p style=\"text-align: right;\">Tekst: Harry Liivrand<\/p>\n<p>[\/vc_column_text][\/vc_column][\/vc_row]<\/p>\n<\/div>","protected":false},"excerpt":{"rendered":"<p>[vc_row][vc_column][vc_column_text css=&#8221;&#8221; woodmart_inline=&#8221;no&#8221; text_larger=&#8221;no&#8221;] \u00d5li l\u00f5uendil. 1997. All vasakul: LEIS 1997 P\u00f6\u00f6rdel: SUKMITI AED XXVI 100&#215;25 \u00f5li l\u00f5uend 1997 LEIS,<\/p>\n","protected":false},"featured_media":41012,"template":"","meta":{"_acf_changed":false},"product_brand":[],"product_cat":[435],"product_tag":[],"class_list":{"0":"post-40779","1":"product","2":"type-product","3":"status-publish","4":"has-post-thumbnail","6":"product_cat-kevadoksjon-2026","7":"auction-is-open","9":"first","10":"instock","11":"shipping-taxable","12":"purchasable","13":"product-type-auction"},"acf":[],"_links":{"self":[{"href":"https:\/\/alleegalerii.ee\/en\/wp-json\/wp\/v2\/product\/40779","targetHints":{"allow":["GET"]}}],"collection":[{"href":"https:\/\/alleegalerii.ee\/en\/wp-json\/wp\/v2\/product"}],"about":[{"href":"https:\/\/alleegalerii.ee\/en\/wp-json\/wp\/v2\/types\/product"}],"wp:featuredmedia":[{"embeddable":true,"href":"https:\/\/alleegalerii.ee\/en\/wp-json\/wp\/v2\/media\/41012"}],"wp:attachment":[{"href":"https:\/\/alleegalerii.ee\/en\/wp-json\/wp\/v2\/media?parent=40779"}],"wp:term":[{"taxonomy":"product_brand","embeddable":true,"href":"https:\/\/alleegalerii.ee\/en\/wp-json\/wp\/v2\/product_brand?post=40779"},{"taxonomy":"product_cat","embeddable":true,"href":"https:\/\/alleegalerii.ee\/en\/wp-json\/wp\/v2\/product_cat?post=40779"},{"taxonomy":"product_tag","embeddable":true,"href":"https:\/\/alleegalerii.ee\/en\/wp-json\/wp\/v2\/product_tag?post=40779"}],"curies":[{"name":"wp","href":"https:\/\/api.w.org\/{rel}","templated":true}]}}