{"id":40778,"date":"2026-04-14T20:34:17","date_gmt":"2026-04-14T17:34:17","guid":{"rendered":"https:\/\/alleegalerii.ee\/?post_type=product&#038;p=40778"},"modified":"2026-04-16T13:15:32","modified_gmt":"2026-04-16T10:15:32","slug":"29-mall-nukke-urban-romantics-juno","status":"publish","type":"product","link":"https:\/\/alleegalerii.ee\/en\/shop\/29-mall-nukke-urban-romantics-juno\/","title":{"rendered":"29. Mall Nukke \"Urban romantics - Juno\""},"content":{"rendered":"<div class=\"wpb-content-wrapper\"><p>[vc_row][vc_column][vc_column_text css=&#8221;&#8221; woodmart_inline=&#8221;no&#8221; text_larger=&#8221;no&#8221;]<\/p>\n<h5>Akr\u00fc\u00fcl, kollaa\u017e k\u00f5vaplaadil (hardboard). 2011.<br \/>\nAll paremal: MN&#8217;2011<br \/>\nP\u00f6\u00f6rdel: &#8220;URBAN ROMANTICS &#8211; JUNO&#8221; SEGATEHNIKA MALL NUKKE 2011<\/h5>\n<p><span style=\"font-weight: 400\">J\u00e4rjekindlalt kollaa\u017ei ja \u00f5limaali segava Mall Nukke (s 1964) maal m\u00e4ngib oma kuulsas \u201cUrban-sarjas\u201d kunstiajaloo kli\u0161eede, ajalootajumise ja hipsterliku enesekuvandiga, mille hulka kuulub nii city-nomaadlus kui staatuses\u00fcmboolika.\u00a0<\/span><\/p>\n<p><span style=\"font-weight: 400\">Noor modell demonstreerib uhkelt oma vasakule k\u00e4sivarrele t\u00e4toveeritud arvutifirma Apple\u00b4i logo, \u00fcleval vasakul olev t\u00e4hel\u00fchend DB t\u00e4hendab Deutsche Bahni ehk Saksa Raudteed. \u00dchelt poolt arvutikultuse visualiseerimine, teisalt viitamine mugavale reisikogemusele iseloomustavad vaid arvutiga t\u00f6\u00f6tava noore inimese uut identiteeti &#8211; su kontor on k\u00f5ikjal kui neti\u00fchendus on saadaval. Kuna figuuri pead ei n\u00e4idata, v\u00f5ib arvata, et kunstnik tahab v\u00e4ljendada siin juba \u00fcht kindlat meelsust kandva ja universaalseks muutunud seltskonna koondportreed &#8211; hipsterit.<\/span><\/p>\n<p><span style=\"font-weight: 400\">Teos on reprodutseeritud raamatus \u201cMall Nukke kollaa\u017eid 2009-2024\u201d.<\/span><\/p>\n<p style=\"text-align: right\"><span style=\"font-weight: 400\">Tekst: Harry Liivrand<\/span><\/p>\n<p>[\/vc_column_text][\/vc_column][\/vc_row]<\/p>\n<\/div>","protected":false},"excerpt":{"rendered":"<p>[vc_row][vc_column][vc_column_text css=&#8221;&#8221; woodmart_inline=&#8221;no&#8221; text_larger=&#8221;no&#8221;] Akr\u00fc\u00fcl, kollaa\u017e k\u00f5vaplaadil (hardboard). 2011. All paremal: MN&#8217;2011 P\u00f6\u00f6rdel: &#8220;URBAN ROMANTICS &#8211; JUNO&#8221; SEGATEHNIKA MALL NUKKE<\/p>\n","protected":false},"featured_media":38909,"template":"","meta":{"_acf_changed":false},"product_brand":[],"product_cat":[435],"product_tag":[],"class_list":{"0":"post-40778","1":"product","2":"type-product","3":"status-publish","4":"has-post-thumbnail","6":"product_cat-kevadoksjon-2026","7":"auction-is-open","8":"current-user-is-not-highest-bidder","10":"first","11":"instock","12":"shipping-taxable","13":"purchasable","14":"product-type-auction"},"acf":[],"_links":{"self":[{"href":"https:\/\/alleegalerii.ee\/en\/wp-json\/wp\/v2\/product\/40778","targetHints":{"allow":["GET"]}}],"collection":[{"href":"https:\/\/alleegalerii.ee\/en\/wp-json\/wp\/v2\/product"}],"about":[{"href":"https:\/\/alleegalerii.ee\/en\/wp-json\/wp\/v2\/types\/product"}],"wp:featuredmedia":[{"embeddable":true,"href":"https:\/\/alleegalerii.ee\/en\/wp-json\/wp\/v2\/media\/38909"}],"wp:attachment":[{"href":"https:\/\/alleegalerii.ee\/en\/wp-json\/wp\/v2\/media?parent=40778"}],"wp:term":[{"taxonomy":"product_brand","embeddable":true,"href":"https:\/\/alleegalerii.ee\/en\/wp-json\/wp\/v2\/product_brand?post=40778"},{"taxonomy":"product_cat","embeddable":true,"href":"https:\/\/alleegalerii.ee\/en\/wp-json\/wp\/v2\/product_cat?post=40778"},{"taxonomy":"product_tag","embeddable":true,"href":"https:\/\/alleegalerii.ee\/en\/wp-json\/wp\/v2\/product_tag?post=40778"}],"curies":[{"name":"wp","href":"https:\/\/api.w.org\/{rel}","templated":true}]}}