{"id":40777,"date":"2026-04-14T20:29:20","date_gmt":"2026-04-14T17:29:20","guid":{"rendered":"https:\/\/alleegalerii.ee\/?post_type=product&#038;p=40777"},"modified":"2026-04-16T13:15:21","modified_gmt":"2026-04-16T10:15:21","slug":"28-laurentsius-maastik-lumemehega-7","status":"publish","type":"product","link":"https:\/\/alleegalerii.ee\/en\/shop\/28-laurentsius-maastik-lumemehega-7\/","title":{"rendered":"28. Laurentsius \u201cLandscape with a Snowman 7\u201d"},"content":{"rendered":"<div class=\"wpb-content-wrapper\"><p>[vc_row][vc_column][vc_column_text css=&#8221;&#8221; woodmart_inline=&#8221;no&#8221; text_larger=&#8221;no&#8221;]<\/p>\n<h5>Akr\u00fc\u00fcl l\u00f5uendil. 2017.<br \/>\nP\u00f6\u00f6rdel: Laurentsius &amp; Co. Maastik lumemehega 7, 2017 akr\u00fc\u00fcl l\u00f5uendil<\/h5>\n<p>Laurentsius\u00a0 (kodanikunimega Lauri Sillak, s. 1969) on originaalsemaid eesti maalijaid, kelle loomingus \u00fchineb popkunst kit\u0161iga, s\u00fcrrealism campiga, realism abstraktsionismiga, ning \u00fcleminekud n.\u00f6. \u00fchest teise on nii virtuoossed, et sageli on v\u00e4ga raske kui mitte v\u00f5imatu leida piire.<\/p>\n<p>See, mida ja kuidas Laurentsius kujutab, on omamoodi filosoofiline r\u00e4nnak, sest kui pildil on lumememm, pole seal mitte ainult lumememm, samuti pole maastik kunagi ainult maastik. Pildil on midagi illusoorset, k\u00e4ttesaamatut &#8211; tegelikkuse elemendid annavad Laurentsiuse k\u00e4sitluses kokku unen\u00e4olise n\u00e4gemuse, mis pole ka ainu\u00fcksi unen\u00e4gu. Laurentsiuse looming on t\u00f5eliselt intellektuaalne maiuspala.<\/p>\n<p style=\"text-align: right;\">Tekst: Harry Liivrand<\/p>\n<p>[\/vc_column_text][\/vc_column][\/vc_row]<\/p>\n<\/div>","protected":false},"excerpt":{"rendered":"<p>[vc_row][vc_column][vc_column_text css=&#8221;&#8221; woodmart_inline=&#8221;no&#8221; text_larger=&#8221;no&#8221;] Akr\u00fc\u00fcl l\u00f5uendil. 2017. P\u00f6\u00f6rdel: Laurentsius &amp; Co. Maastik lumemehega 7, 2017 akr\u00fc\u00fcl l\u00f5uendil Laurentsius\u00a0 (kodanikunimega Lauri<\/p>\n","protected":false},"featured_media":39554,"template":"","meta":{"_acf_changed":false},"product_brand":[],"product_cat":[435],"product_tag":[],"class_list":{"0":"post-40777","1":"product","2":"type-product","3":"status-publish","4":"has-post-thumbnail","6":"product_cat-kevadoksjon-2026","7":"auction-is-open","9":"first","10":"instock","11":"shipping-taxable","12":"purchasable","13":"product-type-auction"},"acf":[],"_links":{"self":[{"href":"https:\/\/alleegalerii.ee\/en\/wp-json\/wp\/v2\/product\/40777","targetHints":{"allow":["GET"]}}],"collection":[{"href":"https:\/\/alleegalerii.ee\/en\/wp-json\/wp\/v2\/product"}],"about":[{"href":"https:\/\/alleegalerii.ee\/en\/wp-json\/wp\/v2\/types\/product"}],"wp:featuredmedia":[{"embeddable":true,"href":"https:\/\/alleegalerii.ee\/en\/wp-json\/wp\/v2\/media\/39554"}],"wp:attachment":[{"href":"https:\/\/alleegalerii.ee\/en\/wp-json\/wp\/v2\/media?parent=40777"}],"wp:term":[{"taxonomy":"product_brand","embeddable":true,"href":"https:\/\/alleegalerii.ee\/en\/wp-json\/wp\/v2\/product_brand?post=40777"},{"taxonomy":"product_cat","embeddable":true,"href":"https:\/\/alleegalerii.ee\/en\/wp-json\/wp\/v2\/product_cat?post=40777"},{"taxonomy":"product_tag","embeddable":true,"href":"https:\/\/alleegalerii.ee\/en\/wp-json\/wp\/v2\/product_tag?post=40777"}],"curies":[{"name":"wp","href":"https:\/\/api.w.org\/{rel}","templated":true}]}}