{"id":40773,"date":"2026-04-14T20:24:48","date_gmt":"2026-04-14T17:24:48","guid":{"rendered":"https:\/\/alleegalerii.ee\/?post_type=product&#038;p=40773"},"modified":"2026-04-16T13:11:55","modified_gmt":"2026-04-16T10:11:55","slug":"24-edgar-valter-harg-ja-hani","status":"publish","type":"product","link":"https:\/\/alleegalerii.ee\/en\/shop\/24-edgar-valter-harg-ja-hani\/","title":{"rendered":"24. Edgar Valter \u201cOx and Goose\u201d"},"content":{"rendered":"<div class=\"wpb-content-wrapper\"><p>[vc_row][vc_column][vc_column_text css=&#8221;&#8221; woodmart_inline=&#8221;no&#8221; text_larger=&#8221;no&#8221;]<\/p>\n<h5>\u00d5li kartongil. 1971.<br \/>\nAll paremal: EW 71<\/h5>\n<p>Rahvuslik m\u00fctoloogia, looduse ja inimese suhted ning unen\u00e4oline kujundikeel on Edgar Valteri (1929-2006) loomingu alustalad. Sageli kandsid tema teoste peategelased endas tunduvalt laiemat, filosoofilist t\u00e4hendust kui vaid nende f\u00fc\u00fcsiline kujutis.<\/p>\n<p>Ka teosel \u201cH\u00e4rg ja hani\u201d ei ole tasapinnaliselt kujutatud h\u00e4rg pelgalt loom, vaid kannab endas s\u00fcmboolset t\u00e4hendust \u2013 j\u00f5u, maa ja \u00fcrgsuse kujundit. Teda saatev hani moodustab puslet\u00fckina perfektselt v\u00f5rrandisse mahtuva kujundi, v\u00e4ljendades looduse harmoonilist olemust. Ka t\u00fctarlaps sulandub oma sooja kollase seelikuga loodusega \u00fchte &#8211; s\u00f5num, mis oli loodushoidu t\u00e4htsustanud Valterile alati t\u00e4htis. Nii m\u00f5jub teos kui visuaalne allegooria, milles lihtne motiiv avaneb mitmet\u00e4henduslikuks kujundiks.<\/p>\n<p style=\"text-align: right;\">Tekst: Katre Palm<\/p>\n<p>[\/vc_column_text][\/vc_column][\/vc_row]<\/p>\n<\/div>","protected":false},"excerpt":{"rendered":"<p>[vc_row][vc_column][vc_column_text css=&#8221;&#8221; woodmart_inline=&#8221;no&#8221; text_larger=&#8221;no&#8221;] \u00d5li kartongil. 1971. All paremal: EW 71 Rahvuslik m\u00fctoloogia, looduse ja inimese suhted ning unen\u00e4oline kujundikeel<\/p>\n","protected":false},"featured_media":39563,"template":"","meta":{"_acf_changed":false},"product_brand":[],"product_cat":[435],"product_tag":[],"class_list":{"0":"post-40773","1":"product","2":"type-product","3":"status-publish","4":"has-post-thumbnail","6":"product_cat-kevadoksjon-2026","7":"auction-is-open","9":"first","10":"instock","11":"shipping-taxable","12":"purchasable","13":"product-type-auction"},"acf":[],"_links":{"self":[{"href":"https:\/\/alleegalerii.ee\/en\/wp-json\/wp\/v2\/product\/40773","targetHints":{"allow":["GET"]}}],"collection":[{"href":"https:\/\/alleegalerii.ee\/en\/wp-json\/wp\/v2\/product"}],"about":[{"href":"https:\/\/alleegalerii.ee\/en\/wp-json\/wp\/v2\/types\/product"}],"wp:featuredmedia":[{"embeddable":true,"href":"https:\/\/alleegalerii.ee\/en\/wp-json\/wp\/v2\/media\/39563"}],"wp:attachment":[{"href":"https:\/\/alleegalerii.ee\/en\/wp-json\/wp\/v2\/media?parent=40773"}],"wp:term":[{"taxonomy":"product_brand","embeddable":true,"href":"https:\/\/alleegalerii.ee\/en\/wp-json\/wp\/v2\/product_brand?post=40773"},{"taxonomy":"product_cat","embeddable":true,"href":"https:\/\/alleegalerii.ee\/en\/wp-json\/wp\/v2\/product_cat?post=40773"},{"taxonomy":"product_tag","embeddable":true,"href":"https:\/\/alleegalerii.ee\/en\/wp-json\/wp\/v2\/product_tag?post=40773"}],"curies":[{"name":"wp","href":"https:\/\/api.w.org\/{rel}","templated":true}]}}