{"id":40772,"date":"2026-04-14T20:24:02","date_gmt":"2026-04-14T17:24:02","guid":{"rendered":"https:\/\/alleegalerii.ee\/?post_type=product&#038;p=40772"},"modified":"2026-04-16T13:11:36","modified_gmt":"2026-04-16T10:11:36","slug":"23-edgar-valter-harg","status":"publish","type":"product","link":"https:\/\/alleegalerii.ee\/en\/shop\/23-edgar-valter-harg\/","title":{"rendered":"23. Edgar Valter"},"content":{"rendered":"<div class=\"wpb-content-wrapper\"><p>[vc_row][vc_column][vc_column_text css=&#8221;&#8221; woodmart_inline=&#8221;no&#8221; text_larger=&#8221;no&#8221;]<\/p>\n<h5>\u00d5li vineeril. 1970ndad.<br \/>\nAll vasakul: EW<\/h5>\n<p><span style=\"font-weight: 400;\">Edgar Valteri (1929-2006) vabaloomingus avaldub kunstniku t\u00f5eline siseilm ja tehniline virtuoossus. Kui esmapilgul v\u00f5ib k\u00e4esolev stseen viia m\u00f5tted kuulsale Europe r\u00f6\u00f6vimise stseenile, siis Valteri puhul teame, et ta ei otsinud eeskujusid kaugetelt maadelt, tema fantaasia oli vaba ja s\u00f5ltumatu.<\/span><\/p>\n<p><span style=\"font-weight: 400;\">Sel suureformaadilisel ning kirge ja v\u00f5itlusjanu t\u00e4is maalil kutsub ta meid hetke, mis on t\u00e4is tormilist liikumist. V\u00f5imsas vetevahus kihutab ekstaatiline s\u00f5nn, kelle seljast hoiab kinni habras ja helendav naisfiguur &#8211; loomalik j\u00f5ud ja naiselik graatsia on siin sulandunud \u00fcheks tormlevaks tervikuks. Oleme tunnistajateks ehedalt &#8220;valterlikule&#8221; maalimislaadile, mis on ekspressiivne ja kihiline, t\u00e4is l\u00f5putuid endasse peidetud toone.<\/span><\/p>\n<p><span style=\"font-weight: 400;\">Ent nagu ikka, peab igas Valteri teoses sisalduma killuke maagiat, mille ta saavutab l\u00e4bi m\u00fcstiliselt m\u00f5juva lilla ning roosa kasutamise. Ning vaadake, kuidas ta paneb helendama ratsaniku, kes on kogu teose keskseks valgusallikaks! <\/span><\/p>\n<p style=\"text-align: right;\"><span style=\"font-weight: 400;\">Tekst: Katre Palm<\/span><\/p>\n<p>[\/vc_column_text][\/vc_column][\/vc_row]<\/p>\n<\/div>","protected":false},"excerpt":{"rendered":"<p>[vc_row][vc_column][vc_column_text css=&#8221;&#8221; woodmart_inline=&#8221;no&#8221; text_larger=&#8221;no&#8221;] \u00d5li vineeril. 1970ndad. All vasakul: EW Edgar Valteri (1929-2006) vabaloomingus avaldub kunstniku t\u00f5eline siseilm ja tehniline<\/p>\n","protected":false},"featured_media":40381,"template":"","meta":{"_acf_changed":false},"product_brand":[],"product_cat":[435],"product_tag":[],"class_list":{"0":"post-40772","1":"product","2":"type-product","3":"status-publish","4":"has-post-thumbnail","6":"product_cat-kevadoksjon-2026","7":"auction-is-open","8":"current-user-is-not-highest-bidder","10":"first","11":"instock","12":"shipping-taxable","13":"purchasable","14":"product-type-auction"},"acf":[],"_links":{"self":[{"href":"https:\/\/alleegalerii.ee\/en\/wp-json\/wp\/v2\/product\/40772","targetHints":{"allow":["GET"]}}],"collection":[{"href":"https:\/\/alleegalerii.ee\/en\/wp-json\/wp\/v2\/product"}],"about":[{"href":"https:\/\/alleegalerii.ee\/en\/wp-json\/wp\/v2\/types\/product"}],"wp:featuredmedia":[{"embeddable":true,"href":"https:\/\/alleegalerii.ee\/en\/wp-json\/wp\/v2\/media\/40381"}],"wp:attachment":[{"href":"https:\/\/alleegalerii.ee\/en\/wp-json\/wp\/v2\/media?parent=40772"}],"wp:term":[{"taxonomy":"product_brand","embeddable":true,"href":"https:\/\/alleegalerii.ee\/en\/wp-json\/wp\/v2\/product_brand?post=40772"},{"taxonomy":"product_cat","embeddable":true,"href":"https:\/\/alleegalerii.ee\/en\/wp-json\/wp\/v2\/product_cat?post=40772"},{"taxonomy":"product_tag","embeddable":true,"href":"https:\/\/alleegalerii.ee\/en\/wp-json\/wp\/v2\/product_tag?post=40772"}],"curies":[{"name":"wp","href":"https:\/\/api.w.org\/{rel}","templated":true}]}}