{"id":40771,"date":"2026-04-14T20:23:15","date_gmt":"2026-04-14T17:23:15","guid":{"rendered":"https:\/\/alleegalerii.ee\/?post_type=product&#038;p=40771"},"modified":"2026-04-16T13:11:10","modified_gmt":"2026-04-16T10:11:10","slug":"22-heitti-polli-tallinna-sadam","status":"publish","type":"product","link":"https:\/\/alleegalerii.ee\/en\/shop\/22-heitti-polli-tallinna-sadam\/","title":{"rendered":"22. Heitti Polli \u201cPort of Tallinn\u201d"},"content":{"rendered":"<div class=\"wpb-content-wrapper\"><p>[vc_row][vc_column][vc_column_text css=&#8221;&#8221; woodmart_inline=&#8221;no&#8221; text_larger=&#8221;no&#8221;]<\/p>\n<h5>\u00d5li l\u00f5uendil. 1987.<br \/>\nAll vasakul: Heitti 87 a<br \/>\nP\u00f6\u00f6rdel: \u041f\u041e\u041b\u041b\u0418 \u0425\u0415\u0419\u0422\u0422\u0418 \u041a\u0410\u041b\u042c\u0415\u0412\u0418\u0427 \u0422\u0410\u041b\u041b\u0418\u041d\u0421\u041a\u0418\u0419 \u041f\u041e\u0420\u0422<\/h5>\n<p><span style=\"font-weight: 400;\">1980ndate h\u00fcperrealistliku kunsti \u00fcks keskseid nimesid oli Heitti Polli, kelle toonast loomingut iseloomustas fotorealistlike elementide ja ekspressiivse maalik\u00e4sitluse p\u00f5imumine. 2016. aastal Kumus toimunud n\u00e4itusel \u201cK\u00fclm pilk. H\u00fcperrealismi variatsioonid Eesti kunstis\u201d olid eksponeeritud mitmed Polli maalid ning kuraator Anu Allas kirjutas saatetekstis: \u201cFotolik kujutusviis oli \u00fchest k\u00fcljest stiiliv\u00f5te, mis v\u00f5imaldas \u00fcle m\u00e4ngida kunstile esitatud realismin\u00f5ude, teisalt kujunes fotost dialoogipartner ja kaasaegse maailmataju vahendaja, mis p\u00f5imus tollase kunsti k\u00f5ige erinevamate \u2013 kontseptuaalsete, metaf\u00fc\u00fcsiliste, kriitiliste, s\u00fcmbolistlike, postmodernistlike \u2013 suundadega.\u201d<\/span><\/p>\n<p><span style=\"font-weight: 400;\">1980ndatel \u00f5nnestus perekond Pollil erastada maalapp, Kesk-Eestis, kus hakati kasvatama vilja &#8211; otra ja nisu. S\u00fcgisel hakati saagiks saadud 10 tonnile viljale realiseerimiskohta otsima ja muuhulgas satuti ka Tallinna sadamasse, kust avanev v\u00f5imas vaade v\u00f5imsatest viljatsisternidest, kraanadest ja laevadest \u00e4rgitas Pollit esimesel v\u00f5imalusel pintslit haarama: Tallinna kaubasadam kui aken maailma!<\/span><\/p>\n<p><span style=\"font-weight: 400;\">Nii on meie ees olev vaade ajastutruu teos, mis sobib suurep\u00e4raselt esindama Eesti 1980. aastate maalikunsti tipptaset, \u00fchendades endas narratiivsuse ja modernse vormikeele. Kombineerides s\u00fcrrealistlikult erinevaid motiive ja esemete fragmente fotograafilise t\u00e4psuse ja kadreeringuga, rullib Polli lahti vaate suurte laevade, kraanade ja vahutava merega. Popiliku aktsendi lisab aga asukoha tehnilisele spetsiifikale viitav punane kiri.<\/span><\/p>\n<p><span style=\"font-weight: 400;\">Vaatajale julgelt silma vaatavale v\u00f5tmet\u00f6\u00f6tajale on Polli andnud enesekindla ja l\u00f5busa ilme &#8211; k\u00f5ik siin masinav\u00e4rgis tundub kontrolli all olevat! Ajastu konteksti arvestades s\u00fcmboliseerib ta laiemalt uut p\u00f5lvkonda ja inimest, kes valitseb enda loodud keerulist masinate maailma. Kogu kompositsioonist \u00f5hkub aga 1980ndate l\u00f5pule omast vabanemise ja uue alguse tunnet.<\/span><\/p>\n<p style=\"text-align: right;\"><span style=\"font-weight: 400;\">Tekst: Katre Palm, Harry Liivrand<\/span><\/p>\n<p>[\/vc_column_text][\/vc_column][\/vc_row]<\/p>\n<\/div>","protected":false},"excerpt":{"rendered":"<p>[vc_row][vc_column][vc_column_text css=&#8221;&#8221; woodmart_inline=&#8221;no&#8221; text_larger=&#8221;no&#8221;] \u00d5li l\u00f5uendil. 1987. All vasakul: Heitti 87 a P\u00f6\u00f6rdel: \u041f\u041e\u041b\u041b\u0418 \u0425\u0415\u0419\u0422\u0422\u0418 \u041a\u0410\u041b\u042c\u0415\u0412\u0418\u0427 \u0422\u0410\u041b\u041b\u0418\u041d\u0421\u041a\u0418\u0419 \u041f\u041e\u0420\u0422 1980ndate h\u00fcperrealistliku<\/p>\n","protected":false},"featured_media":38456,"template":"","meta":{"_acf_changed":false},"product_brand":[],"product_cat":[435],"product_tag":[],"class_list":{"0":"post-40771","1":"product","2":"type-product","3":"status-publish","4":"has-post-thumbnail","6":"product_cat-kevadoksjon-2026","7":"auction-is-open","8":"current-user-is-not-highest-bidder","10":"first","11":"instock","12":"shipping-taxable","13":"purchasable","14":"product-type-auction"},"acf":[],"_links":{"self":[{"href":"https:\/\/alleegalerii.ee\/en\/wp-json\/wp\/v2\/product\/40771","targetHints":{"allow":["GET"]}}],"collection":[{"href":"https:\/\/alleegalerii.ee\/en\/wp-json\/wp\/v2\/product"}],"about":[{"href":"https:\/\/alleegalerii.ee\/en\/wp-json\/wp\/v2\/types\/product"}],"wp:featuredmedia":[{"embeddable":true,"href":"https:\/\/alleegalerii.ee\/en\/wp-json\/wp\/v2\/media\/38456"}],"wp:attachment":[{"href":"https:\/\/alleegalerii.ee\/en\/wp-json\/wp\/v2\/media?parent=40771"}],"wp:term":[{"taxonomy":"product_brand","embeddable":true,"href":"https:\/\/alleegalerii.ee\/en\/wp-json\/wp\/v2\/product_brand?post=40771"},{"taxonomy":"product_cat","embeddable":true,"href":"https:\/\/alleegalerii.ee\/en\/wp-json\/wp\/v2\/product_cat?post=40771"},{"taxonomy":"product_tag","embeddable":true,"href":"https:\/\/alleegalerii.ee\/en\/wp-json\/wp\/v2\/product_tag?post=40771"}],"curies":[{"name":"wp","href":"https:\/\/api.w.org\/{rel}","templated":true}]}}