{"id":40768,"date":"2026-04-14T20:19:28","date_gmt":"2026-04-14T17:19:28","guid":{"rendered":"https:\/\/alleegalerii.ee\/?post_type=product&#038;p=40768"},"modified":"2026-04-16T13:08:46","modified_gmt":"2026-04-16T10:08:46","slug":"19-kaljo-pollu-paikesevene","status":"publish","type":"product","link":"https:\/\/alleegalerii.ee\/en\/shop\/19-kaljo-pollu-paikesevene\/","title":{"rendered":"19. Kaljo P\u00f5llu \u201cSun Boat\u201d"},"content":{"rendered":"<div class=\"wpb-content-wrapper\"><p>[vc_row][vc_column][vc_column_text css=&#8221;&#8221; woodmart_inline=&#8221;no&#8221; text_larger=&#8221;no&#8221;]<\/p>\n<h5>Metsotinto paberil. 1974.<br \/>\nAll vasakul: P\u00e4ikesevene &#8211; &#8220;Kodalased&#8221;, metsotinto<br \/>\nAll paremal: K. P\u00f5llu 1974<\/h5>\n<p style=\"text-align: right;\">\u201cVaikne vesi, salamaailmade valdjas, eluandja,<br \/>\nk\u00f5nele minuga kiilide, \u00f5htuudude keeles.<br \/>\nLaula mulle laule, kuidas peegeldub p\u00e4ikeset\u00f5us,<br \/>\nkuidas avarduvad ja p\u00f5imuvad ringid<br \/>\nesimeste vihmapiiskade puutest.<br \/>\nLase mul sukelduda s\u00fcgavamale asjade pealispinnast<br \/>\nja ujuda olemise v\u00e4rskendavates vetes.<br \/>\nLase mul t\u00f5usta sinust muutununa ja puhastununa.<br \/>\nJ\u00e4rve Vaim, t\u00e4nan sind.\u201d<\/p>\n<p style=\"text-align: right;\">Doris Kareva \u201cJ\u00e4rv\u201d<\/p>\n<p>Hiiumaalt p\u00e4rit Kaljo P\u00f5llu (1934-2010) graafikasarjad kuulusid 1970. aastate rahvusromantismi olulisimate teoste hulka. Vahemikus 1973\u20131975 s\u00fcndinud, P\u00f5llu \u00fcheks m\u00f5juv\u00f5imsaimaks metsotintosarjaks kujunenud \u201eKodalased\u201c (25 lehte), esinesid koos hiljem valminud \u201eKaliv\u00e4gi\u201c (65 lehte) sarjaga 1980-ndatel n\u00e4itustel nii Soomes, Rootsis kui Norras.<\/p>\n<p>\u201cP\u00e4ikesevene\u201d kujunes selle s\u00fcgava s\u00f5numi ja sugestiivse kujutluslaadiga sarja \u00fcheks ikoonilisemaks teoseks. Kuuvalgel \u00f6\u00f6l m\u00f6\u00f6da j\u00f5ge kulgevaid reisijaid kujutav teos valiti sageli P\u00f5llu n\u00e4ituste kaanepildiks ning on paljude kunstis\u00f5prade jaoks kujunenud kunstniku \u00fcheks signatuurpildiks.<\/p>\n<p>Soome-ugri m\u00fctoloogias kajav s\u00fcgavate laante laul, aegade\u00fcleste elluj\u00e4\u00e4mistarkuste p\u00f5lvest p\u00f5lve edasi andmine ning muistendid leiavad P\u00f5llu loomingus v\u00e4ljenduse l\u00e4bi metsotintotehnika sumeda keele. Selle pehmus ja sulavad \u00fcleminekud aitasid v\u00f5imendada \u00fcrgset maagiat, mille P\u00f5llu oma ekspeditsioonidelt eest leidis ning sageli just \u00f6\u00f6valgust kujutades ka plaadile kandis. Tema \u201cKodalaste\u201d sarja teosed otsivad vastuseid olulistele eksistentsiaalsetele k\u00fcsimustele: kust oleme tulnud ning kuhu l\u00e4heme? Seet\u00f5ttu pole ka juhus, et just selle sarja eest p\u00e4lvis P\u00f5llu 1975. aastal maineka Kristjan Raua preemia.<\/p>\n<p>Teos \u201cP\u00e4ikesevene\u201d kuulub ka Eesti Kunstimuuseumi kollektsiooni.<\/p>\n<p style=\"text-align: right;\">Tekst: Katre Palm<\/p>\n<p>[\/vc_column_text][\/vc_column][\/vc_row]<\/p>\n<\/div>","protected":false},"excerpt":{"rendered":"<p>[vc_row][vc_column][vc_column_text css=&#8221;&#8221; woodmart_inline=&#8221;no&#8221; text_larger=&#8221;no&#8221;] Metsotinto paberil. 1974. All vasakul: P\u00e4ikesevene &#8211; &#8220;Kodalased&#8221;, metsotinto All paremal: K. P\u00f5llu 1974 \u201cVaikne vesi,<\/p>\n","protected":false},"featured_media":38842,"template":"","meta":{"_acf_changed":false},"product_brand":[],"product_cat":[435],"product_tag":[],"class_list":{"0":"post-40768","1":"product","2":"type-product","3":"status-publish","4":"has-post-thumbnail","6":"product_cat-kevadoksjon-2026","7":"auction-is-open","9":"first","10":"instock","11":"shipping-taxable","12":"purchasable","13":"product-type-auction"},"acf":[],"_links":{"self":[{"href":"https:\/\/alleegalerii.ee\/en\/wp-json\/wp\/v2\/product\/40768","targetHints":{"allow":["GET"]}}],"collection":[{"href":"https:\/\/alleegalerii.ee\/en\/wp-json\/wp\/v2\/product"}],"about":[{"href":"https:\/\/alleegalerii.ee\/en\/wp-json\/wp\/v2\/types\/product"}],"wp:featuredmedia":[{"embeddable":true,"href":"https:\/\/alleegalerii.ee\/en\/wp-json\/wp\/v2\/media\/38842"}],"wp:attachment":[{"href":"https:\/\/alleegalerii.ee\/en\/wp-json\/wp\/v2\/media?parent=40768"}],"wp:term":[{"taxonomy":"product_brand","embeddable":true,"href":"https:\/\/alleegalerii.ee\/en\/wp-json\/wp\/v2\/product_brand?post=40768"},{"taxonomy":"product_cat","embeddable":true,"href":"https:\/\/alleegalerii.ee\/en\/wp-json\/wp\/v2\/product_cat?post=40768"},{"taxonomy":"product_tag","embeddable":true,"href":"https:\/\/alleegalerii.ee\/en\/wp-json\/wp\/v2\/product_tag?post=40768"}],"curies":[{"name":"wp","href":"https:\/\/api.w.org\/{rel}","templated":true}]}}