{"id":40767,"date":"2026-04-14T20:17:59","date_gmt":"2026-04-14T17:17:59","guid":{"rendered":"https:\/\/alleegalerii.ee\/?post_type=product&#038;p=40767"},"modified":"2026-04-16T13:08:17","modified_gmt":"2026-04-16T10:08:17","slug":"18-valdur-ohakas-jarvemaastik","status":"publish","type":"product","link":"https:\/\/alleegalerii.ee\/en\/shop\/18-valdur-ohakas-jarvemaastik\/","title":{"rendered":"18. Valdur Ohakas \u201cLake Landscape\u201d"},"content":{"rendered":"<div class=\"wpb-content-wrapper\"><p>[vc_row][vc_column][vc_column_text css=&#8221;&#8221; woodmart_inline=&#8221;no&#8221; text_larger=&#8221;no&#8221;]<\/p>\n<h5>\u00d5li masoniidil. 1960ndad.<br \/>\nAll paremal: V. Ohakas<\/h5>\n<p>See energiliste joontega maastik p\u00e4rineb Valdur Ohaka (1925-1998) romantilise stiili perioodist. Laad sobis talle, v\u00f5imaldades n\u00e4idata oma vormivaldamist, head v\u00e4rvitunnetust, kompositsioonilist leidlikkust ja j\u00f5ulist, spontaanset ekspressiivsust. 1960ndate keskpaik on tal ka intensiivsete katsetuste aeg, mil s\u00fcndis mitmeski m\u00f5ttes ainulaadseid teoseid.<\/p>\n<p>Ohakas oskas loodust m\u00f5ista ja selle sisemist ilu v\u00f5imestada. Tema loomingu kuldperioodi kuuluv \u201cJ\u00e4rvemaastik\u201d on selle oivaliseks n\u00e4iteks &#8211; n\u00e4eme tema oskust t\u00f5sta panoraamne loodusvaade peaaegu abstraktseks ja arhitektooniliseks tervikuks.<\/p>\n<p>Kasutades rikast ja k\u00fclluslikku v\u00e4rvipaletti, maalib ta j\u00e4rsu ja kaljuse kalda j\u00f5uliste, peaaegu tahutud vormidega, andes nii edasi looduse \u00fcrgset v\u00e4ge. Taamal laiuv rahulik ja valgusk\u00fcllane veepind m\u00f5jub selle taustal lausa rahustava oaasina, andes maalile \u00fchtlasi suurejoonelise panoraamse s\u00fcgavuse. Smaragdrohelise, ploomililla ja sooja oran\u017ei v\u00e4el saavad vaataja ees kokku kuldne kolmk\u00f5la: maa, vesi ja taevas.<\/p>\n<p style=\"text-align: right;\">Tekst: Katre Palm<\/p>\n<p>[\/vc_column_text][\/vc_column][\/vc_row]<\/p>\n<\/div>","protected":false},"excerpt":{"rendered":"<p>[vc_row][vc_column][vc_column_text css=&#8221;&#8221; woodmart_inline=&#8221;no&#8221; text_larger=&#8221;no&#8221;] \u00d5li masoniidil. 1960ndad. All paremal: V. Ohakas See energiliste joontega maastik p\u00e4rineb Valdur Ohaka (1925-1998) romantilise<\/p>\n","protected":false},"featured_media":40019,"template":"","meta":{"_acf_changed":false},"product_brand":[],"product_cat":[435],"product_tag":[],"class_list":{"0":"post-40767","1":"product","2":"type-product","3":"status-publish","4":"has-post-thumbnail","6":"product_cat-kevadoksjon-2026","7":"auction-is-open","9":"first","10":"instock","11":"shipping-taxable","12":"purchasable","13":"product-type-auction"},"acf":[],"_links":{"self":[{"href":"https:\/\/alleegalerii.ee\/en\/wp-json\/wp\/v2\/product\/40767","targetHints":{"allow":["GET"]}}],"collection":[{"href":"https:\/\/alleegalerii.ee\/en\/wp-json\/wp\/v2\/product"}],"about":[{"href":"https:\/\/alleegalerii.ee\/en\/wp-json\/wp\/v2\/types\/product"}],"wp:featuredmedia":[{"embeddable":true,"href":"https:\/\/alleegalerii.ee\/en\/wp-json\/wp\/v2\/media\/40019"}],"wp:attachment":[{"href":"https:\/\/alleegalerii.ee\/en\/wp-json\/wp\/v2\/media?parent=40767"}],"wp:term":[{"taxonomy":"product_brand","embeddable":true,"href":"https:\/\/alleegalerii.ee\/en\/wp-json\/wp\/v2\/product_brand?post=40767"},{"taxonomy":"product_cat","embeddable":true,"href":"https:\/\/alleegalerii.ee\/en\/wp-json\/wp\/v2\/product_cat?post=40767"},{"taxonomy":"product_tag","embeddable":true,"href":"https:\/\/alleegalerii.ee\/en\/wp-json\/wp\/v2\/product_tag?post=40767"}],"curies":[{"name":"wp","href":"https:\/\/api.w.org\/{rel}","templated":true}]}}