{"id":40766,"date":"2026-04-14T20:17:23","date_gmt":"2026-04-14T17:17:23","guid":{"rendered":"https:\/\/alleegalerii.ee\/?post_type=product&#038;p=40766"},"modified":"2026-04-19T11:55:46","modified_gmt":"2026-04-19T08:55:46","slug":"17-andrei-jegorov-talvisel-teel","status":"publish","type":"product","link":"https:\/\/alleegalerii.ee\/en\/shop\/17-andrei-jegorov-talvisel-teel\/","title":{"rendered":"17. Andrei Jegorov \u201cOn a Winter Road\u201d"},"content":{"rendered":"<div class=\"wpb-content-wrapper\"><p>[vc_row][vc_column][vc_column_text css=&#8221;&#8221; woodmart_inline=&#8221;no&#8221; text_larger=&#8221;no&#8221;]<\/p>\n<h5>Segatehnika \u00f5hemal papil. 1930ndate I pool.<br \/>\nAll paremal: Jegorov. P\u00f6\u00f6rdel siltidel: Moskva Kunstiakadeemia kinnitus (vene keeles)<\/h5>\n<p>Realistliku maalikooli \u00fcks tuntumaid esindajaid Andrei Jegorov (1878-1954) armastas talve ja talvemaastikuid. Sealjuures on igas tema maalis Eesti talvist k\u00fcla, p\u00e4iksekullas regesid vedavaid hobuseid ja silmipimestavaid lumev\u00e4lju alati huvitav vaadata, sest igas motiivis leidub kordumatut ja samas Eestile midagi \u00e4\u00e4rmiselt t\u00fc\u00fcpilist.<\/p>\n<p>Meie ees olevat teost &#8220;Talvisel teel&#8221; ilmestavad maale j\u00f5udnud moodsa tsivilisatsiooni tunnused &#8211; elektripostid ja -liinid. Nii kohtuvad maalil korraga nii minevik kui moodne kaasaeg.<\/p>\n<p style=\"text-align: right;\">Tekst: Harry Liivrand<\/p>\n<p>[\/vc_column_text][\/vc_column][\/vc_row]<\/p>\n<\/div>","protected":false},"excerpt":{"rendered":"<p>[vc_row][vc_column][vc_column_text css=&#8221;&#8221; woodmart_inline=&#8221;no&#8221; text_larger=&#8221;no&#8221;] Segatehnika \u00f5hemal papil. 1930ndate I pool. All paremal: Jegorov. P\u00f6\u00f6rdel siltidel: Moskva Kunstiakadeemia kinnitus (vene keeles)<\/p>\n","protected":false},"featured_media":39846,"template":"","meta":{"_acf_changed":false},"product_brand":[],"product_cat":[435],"product_tag":[],"class_list":{"0":"post-40766","1":"product","2":"type-product","3":"status-publish","4":"has-post-thumbnail","6":"product_cat-kevadoksjon-2026","7":"auction-is-open","8":"current-user-is-not-highest-bidder","10":"first","11":"instock","12":"shipping-taxable","13":"purchasable","14":"product-type-auction"},"acf":[],"_links":{"self":[{"href":"https:\/\/alleegalerii.ee\/en\/wp-json\/wp\/v2\/product\/40766","targetHints":{"allow":["GET"]}}],"collection":[{"href":"https:\/\/alleegalerii.ee\/en\/wp-json\/wp\/v2\/product"}],"about":[{"href":"https:\/\/alleegalerii.ee\/en\/wp-json\/wp\/v2\/types\/product"}],"wp:featuredmedia":[{"embeddable":true,"href":"https:\/\/alleegalerii.ee\/en\/wp-json\/wp\/v2\/media\/39846"}],"wp:attachment":[{"href":"https:\/\/alleegalerii.ee\/en\/wp-json\/wp\/v2\/media?parent=40766"}],"wp:term":[{"taxonomy":"product_brand","embeddable":true,"href":"https:\/\/alleegalerii.ee\/en\/wp-json\/wp\/v2\/product_brand?post=40766"},{"taxonomy":"product_cat","embeddable":true,"href":"https:\/\/alleegalerii.ee\/en\/wp-json\/wp\/v2\/product_cat?post=40766"},{"taxonomy":"product_tag","embeddable":true,"href":"https:\/\/alleegalerii.ee\/en\/wp-json\/wp\/v2\/product_tag?post=40766"}],"curies":[{"name":"wp","href":"https:\/\/api.w.org\/{rel}","templated":true}]}}