{"id":40758,"date":"2026-04-14T19:49:19","date_gmt":"2026-04-14T16:49:19","guid":{"rendered":"https:\/\/alleegalerii.ee\/?post_type=product&#038;p=40758"},"modified":"2026-04-16T13:05:15","modified_gmt":"2026-04-16T10:05:15","slug":"09-juri-arrak-boss","status":"publish","type":"product","link":"https:\/\/alleegalerii.ee\/en\/shop\/09-juri-arrak-boss\/","title":{"rendered":"09. J\u00fcri Arrak \"Boss\""},"content":{"rendered":"<div class=\"wpb-content-wrapper\"><p>[vc_row][vc_column][vc_column_text css=&#8221;&#8221; woodmart_inline=&#8221;no&#8221; text_larger=&#8221;no&#8221;]<\/p>\n<h5>Tu\u0161\u0161, segatehnika kartongil. 1985.<br \/>\nAll paremal: J. Arrak 1985.<\/h5>\n<p>J\u00fcri Arrak (1936-2022) armastas segada tehnikaid ja m\u00e4ngida antropomorfsete t\u00fc\u00fcpidega. Tema s\u00fcrrealistlik \u201cBoss&#8221; on machomehe alter ego, kes k\u00e4ib valdusi \u00fcle vaatamas &#8211; eemal m\u00e4e otsas ootab ja tervitab teda sama h\u00fcbriidne naisolend, kel aga tundub, et v\u00f5ib olla veel palju suuremgi v\u00f5im, kui bossil endal.<\/p>\n<p>\u00dchelt poolt inimlik lugu, teisalt fantaasiapilt &#8211; selline kombinatsioon iseloomustab Arraku loomingut alati, kuid sellest t\u00f6\u00f6st ei saa veel v\u00e4lja lugeda hilist moralisti Arrakut. Pigem on tegu v\u00f5imalusega demonstreerida oskust anda samadele tegelastele eri t\u00f6\u00f6des mitmeid kujusid ja allt\u00e4hendusi. Tunneme ju elevantmeest juba tema kaks aastat varem valminud graafilisest teosest \u201cLend\u201d. Ent \u201cBossi\u201d teeb eriliseks see, et meie ees on ainukordne tu\u0161ijoonistus.<\/p>\n<p style=\"text-align: right;\">Tekst: Harry Liivrand, Katre Palm<\/p>\n<p>[\/vc_column_text][\/vc_column][\/vc_row]<\/p>\n<\/div>","protected":false},"excerpt":{"rendered":"<p>[vc_row][vc_column][vc_column_text css=&#8221;&#8221; woodmart_inline=&#8221;no&#8221; text_larger=&#8221;no&#8221;] Tu\u0161\u0161, segatehnika kartongil. 1985. All paremal: J. Arrak 1985. J\u00fcri Arrak (1936-2022) armastas segada tehnikaid ja<\/p>\n","protected":false},"featured_media":39623,"template":"","meta":{"_acf_changed":false},"product_brand":[],"product_cat":[435],"product_tag":[],"class_list":{"0":"post-40758","1":"product","2":"type-product","3":"status-publish","4":"has-post-thumbnail","6":"product_cat-kevadoksjon-2026","7":"auction-is-open","9":"first","10":"instock","11":"shipping-taxable","12":"purchasable","13":"product-type-auction"},"acf":[],"_links":{"self":[{"href":"https:\/\/alleegalerii.ee\/en\/wp-json\/wp\/v2\/product\/40758","targetHints":{"allow":["GET"]}}],"collection":[{"href":"https:\/\/alleegalerii.ee\/en\/wp-json\/wp\/v2\/product"}],"about":[{"href":"https:\/\/alleegalerii.ee\/en\/wp-json\/wp\/v2\/types\/product"}],"wp:featuredmedia":[{"embeddable":true,"href":"https:\/\/alleegalerii.ee\/en\/wp-json\/wp\/v2\/media\/39623"}],"wp:attachment":[{"href":"https:\/\/alleegalerii.ee\/en\/wp-json\/wp\/v2\/media?parent=40758"}],"wp:term":[{"taxonomy":"product_brand","embeddable":true,"href":"https:\/\/alleegalerii.ee\/en\/wp-json\/wp\/v2\/product_brand?post=40758"},{"taxonomy":"product_cat","embeddable":true,"href":"https:\/\/alleegalerii.ee\/en\/wp-json\/wp\/v2\/product_cat?post=40758"},{"taxonomy":"product_tag","embeddable":true,"href":"https:\/\/alleegalerii.ee\/en\/wp-json\/wp\/v2\/product_tag?post=40758"}],"curies":[{"name":"wp","href":"https:\/\/api.w.org\/{rel}","templated":true}]}}