{"id":40752,"date":"2026-04-14T19:29:29","date_gmt":"2026-04-14T16:29:29","guid":{"rendered":"https:\/\/alleegalerii.ee\/?post_type=product&#038;p=40752"},"modified":"2026-04-21T10:22:36","modified_gmt":"2026-04-21T07:22:36","slug":"04-eduard-wiiralt-puuloike-sund","status":"publish","type":"product","link":"https:\/\/alleegalerii.ee\/en\/shop\/04-eduard-wiiralt-puuloike-sund\/","title":{"rendered":"04. Eduard Wiiralt \u201cThe Birth of a Woodcut\u201d"},"content":{"rendered":"<div class=\"wpb-content-wrapper\"><p>[vc_row][vc_column][vc_column_text css=&#8221;&#8221; woodmart_inline=&#8221;no&#8221; text_larger=&#8221;no&#8221;]<\/p>\n<h5>Puugrav\u00fc\u00fcr paberil. 1936.<br \/>\nAll paremal: Ed. Wiiralt<\/h5>\n<p>1937. aasta alguses toimus Eduard Wiiraltil (1898-1954) isikun\u00e4itus Helsingi Taidehallis tema esimese 20 loomeaasta teostest. N\u00e4itusega kaasnenud kataloogi esimeseks teoseks valiti tema \u201cPuul\u00f5ike s\u00fcnd\u201d, mis oli ideaalseks sissejuhatuseks tema elukutsele. N\u00e4itus ise kujunes kohalikus kultuurielus suurs\u00fcndmuseks, sest avamisele tuli kohale nii Soome toonane peaminister, haridusminister kui kohtuminister, r\u00e4\u00e4kimata arvukatest teistest olulistest kultuuri- ja poliitikategelastest.<\/p>\n<p>Teosest endast sai aga omamoodi graafikakunsti \u00f5pikun\u00e4ide, mille abil selgitavad kunsti\u00f5petajad sageli siiani graafika olemust ja s\u00fcndi. Ent \u201cPuul\u00f5ike s\u00fcnni\u201d teeb eriliseks veel teinegi s\u00f5num &#8211; puu kui elu ja kasvu s\u00fcmbol on siin \u00fchendatud loova aktiga \u2013 kujutise tekkega materjalist.<\/p>\n<p>Teost on reprodutseeritud paljudes raamatutes ning kuulub erinevate kunstimuuseumite kollektsiooni.<\/p>\n<p style=\"text-align: right;\">Tekst: Katre Palm<\/p>\n<p>[\/vc_column_text][\/vc_column][\/vc_row]<\/p>\n<\/div>","protected":false},"excerpt":{"rendered":"<p>[vc_row][vc_column][vc_column_text css=&#8221;&#8221; woodmart_inline=&#8221;no&#8221; text_larger=&#8221;no&#8221;] Puugrav\u00fc\u00fcr paberil. 1936. All paremal: Ed. Wiiralt 1937. aasta alguses toimus Eduard Wiiraltil (1898-1954) isikun\u00e4itus Helsingi<\/p>\n","protected":false},"featured_media":39837,"template":"","meta":{"_acf_changed":false},"product_brand":[],"product_cat":[435],"product_tag":[],"class_list":{"0":"post-40752","1":"product","2":"type-product","3":"status-publish","4":"has-post-thumbnail","6":"product_cat-kevadoksjon-2026","7":"auction-is-open","8":"current-user-is-not-highest-bidder","10":"first","11":"instock","12":"shipping-taxable","13":"purchasable","14":"product-type-auction"},"acf":[],"_links":{"self":[{"href":"https:\/\/alleegalerii.ee\/en\/wp-json\/wp\/v2\/product\/40752","targetHints":{"allow":["GET"]}}],"collection":[{"href":"https:\/\/alleegalerii.ee\/en\/wp-json\/wp\/v2\/product"}],"about":[{"href":"https:\/\/alleegalerii.ee\/en\/wp-json\/wp\/v2\/types\/product"}],"wp:featuredmedia":[{"embeddable":true,"href":"https:\/\/alleegalerii.ee\/en\/wp-json\/wp\/v2\/media\/39837"}],"wp:attachment":[{"href":"https:\/\/alleegalerii.ee\/en\/wp-json\/wp\/v2\/media?parent=40752"}],"wp:term":[{"taxonomy":"product_brand","embeddable":true,"href":"https:\/\/alleegalerii.ee\/en\/wp-json\/wp\/v2\/product_brand?post=40752"},{"taxonomy":"product_cat","embeddable":true,"href":"https:\/\/alleegalerii.ee\/en\/wp-json\/wp\/v2\/product_cat?post=40752"},{"taxonomy":"product_tag","embeddable":true,"href":"https:\/\/alleegalerii.ee\/en\/wp-json\/wp\/v2\/product_tag?post=40752"}],"curies":[{"name":"wp","href":"https:\/\/api.w.org\/{rel}","templated":true}]}}