{"id":40749,"date":"2026-04-14T14:52:49","date_gmt":"2026-04-14T11:52:49","guid":{"rendered":"https:\/\/alleegalerii.ee\/?post_type=product&#038;p=40749"},"modified":"2026-04-16T18:21:32","modified_gmt":"2026-04-16T15:21:32","slug":"01-richard-uutmaa-saaremaa","status":"publish","type":"product","link":"https:\/\/alleegalerii.ee\/en\/shop\/01-richard-uutmaa-saaremaa\/","title":{"rendered":"01. Richard Uutmaa \"Saaremaa\""},"content":{"rendered":"<div class=\"wpb-content-wrapper\"><p>[vc_row][vc_column][vc_column_text css=&#8221;&#8221; woodmart_inline=&#8221;no&#8221; text_larger=&#8221;no&#8221;]<\/p>\n<h5>Akvarell paberil. 1965.<br \/>\nAll paremal: R Uutmaa, 1965, a.<\/h5>\n<p>P\u00f5hja-Eesti rannikuga harjunud Richard Uutmaad (1905-1977) v\u00f5lus Saaremaa oma tuuliste randade ning kidura, ent vastupidava loodusega, samuti madalate majade kodususe ning saareelu eksootilisusega. 1960ndatel t\u00f5usis akvarelli osakaal tema loomingus. Kunstnikule v\u00f5imaldas see vabadust maalida teos algusest l\u00f5puni otse looduses, anda edasi vahetuid emotsioone ja tundlikke v\u00e4rvivarjundeid.<\/p>\n<p>Just selliseid, \u00f5rnalt l\u00e4bikumavaid toone kasutab Uutmaa sel suurem\u00f5\u00f5tmelisel 1965. aasta teosel, mis kannab endas suvise p\u00e4eva meretuulest hoitud hedonistlikku atmosf\u00e4\u00e4ri. Dramaatilise taeva traageldab ta kokku pilvelaamadest, mis kannavad endas vahetult enne v\u00f5i p\u00e4rast sadu saabuvat valguskuma &#8211; just nende tabava kujutuse poolest Uutmaad sageli just tuntakse. Ent meeleolu loovad ka m\u00f6\u00f6da kidurat maad looklevad kiviaiad, madalad taluhooned ja kalurikuurid ning ajaloolise saareeluga pea s\u00fcnon\u00fc\u00fcmiks muutunud pukktuulikud &#8211; k\u00f5ik see, mida Uutmaa Saaremaa puhul enim armastas.<\/p>\n<p style=\"text-align: right;\">Tekst: Katre Palm<\/p>\n<p>[\/vc_column_text][\/vc_column][\/vc_row]<\/p>\n<\/div>","protected":false},"excerpt":{"rendered":"<p>[vc_row][vc_column][vc_column_text css=&#8221;&#8221; woodmart_inline=&#8221;no&#8221; text_larger=&#8221;no&#8221;] Akvarell paberil. 1965. All paremal: R Uutmaa, 1965, a. P\u00f5hja-Eesti rannikuga harjunud Richard Uutmaad (1905-1977) v\u00f5lus<\/p>\n","protected":false},"featured_media":40491,"template":"","meta":{"_acf_changed":false},"product_brand":[],"product_cat":[435],"product_tag":[],"class_list":{"0":"post-40749","1":"product","2":"type-product","3":"status-publish","4":"has-post-thumbnail","6":"product_cat-kevadoksjon-2026","7":"auction-is-open","8":"current-user-is-not-highest-bidder","10":"first","11":"instock","12":"shipping-taxable","13":"purchasable","14":"product-type-auction"},"acf":[],"_links":{"self":[{"href":"https:\/\/alleegalerii.ee\/en\/wp-json\/wp\/v2\/product\/40749","targetHints":{"allow":["GET"]}}],"collection":[{"href":"https:\/\/alleegalerii.ee\/en\/wp-json\/wp\/v2\/product"}],"about":[{"href":"https:\/\/alleegalerii.ee\/en\/wp-json\/wp\/v2\/types\/product"}],"wp:featuredmedia":[{"embeddable":true,"href":"https:\/\/alleegalerii.ee\/en\/wp-json\/wp\/v2\/media\/40491"}],"wp:attachment":[{"href":"https:\/\/alleegalerii.ee\/en\/wp-json\/wp\/v2\/media?parent=40749"}],"wp:term":[{"taxonomy":"product_brand","embeddable":true,"href":"https:\/\/alleegalerii.ee\/en\/wp-json\/wp\/v2\/product_brand?post=40749"},{"taxonomy":"product_cat","embeddable":true,"href":"https:\/\/alleegalerii.ee\/en\/wp-json\/wp\/v2\/product_cat?post=40749"},{"taxonomy":"product_tag","embeddable":true,"href":"https:\/\/alleegalerii.ee\/en\/wp-json\/wp\/v2\/product_tag?post=40749"}],"curies":[{"name":"wp","href":"https:\/\/api.w.org\/{rel}","templated":true}]}}