{"id":40724,"date":"2026-04-17T19:17:01","date_gmt":"2026-04-17T16:17:01","guid":{"rendered":"https:\/\/alleegalerii.ee\/?post_type=product&#038;p=40724"},"modified":"2026-04-17T19:17:01","modified_gmt":"2026-04-17T16:17:01","slug":"maks-roosma-vana-toompea","status":"publish","type":"product","link":"https:\/\/alleegalerii.ee\/en\/shop\/maks-roosma-vana-toompea\/","title":{"rendered":"Maks Roosma &#8220;Vana Toompea&#8221;"},"content":{"rendered":"","protected":false},"excerpt":{"rendered":"<p>Kuivn\u00f5el paberil. Raamitud.<\/p>\n<p>M\u00f5\u00f5dud: plm 28 x 19,5 cm, raamiga 48 x 38 cm.<\/p>\n<p>All vasakul: Vana Toompea. Kuivn\u00f5el<br \/>\nAll paremal: Maks Roosma<\/p>\n<p>Eesti rahvusliku klaasikoolkonna rajaja Maks Roosma (Roosmann, 1909-1971) oli ka virtuoosne joonistaja ja graafik, kelle \u00f5petajaks neis valdkondades oli legendaarne G\u00fcnther Reindorff. 1937. aastal p\u00e4lvis kunstnik Pariisi maailman\u00e4ituse kuldmedali.<\/p>\n","protected":false},"featured_media":40727,"template":"","meta":{"_acf_changed":false},"product_brand":[],"product_cat":[61,59],"product_tag":[60],"class_list":{"0":"post-40724","1":"product","2":"type-product","3":"status-publish","4":"has-post-thumbnail","6":"product_cat-graafika","7":"product_cat-e-pood","8":"product_tag-e-pood","10":"first","11":"instock","12":"sold-individually","13":"shipping-taxable","14":"purchasable","15":"product-type-simple"},"acf":[],"_links":{"self":[{"href":"https:\/\/alleegalerii.ee\/en\/wp-json\/wp\/v2\/product\/40724","targetHints":{"allow":["GET"]}}],"collection":[{"href":"https:\/\/alleegalerii.ee\/en\/wp-json\/wp\/v2\/product"}],"about":[{"href":"https:\/\/alleegalerii.ee\/en\/wp-json\/wp\/v2\/types\/product"}],"wp:featuredmedia":[{"embeddable":true,"href":"https:\/\/alleegalerii.ee\/en\/wp-json\/wp\/v2\/media\/40727"}],"wp:attachment":[{"href":"https:\/\/alleegalerii.ee\/en\/wp-json\/wp\/v2\/media?parent=40724"}],"wp:term":[{"taxonomy":"product_brand","embeddable":true,"href":"https:\/\/alleegalerii.ee\/en\/wp-json\/wp\/v2\/product_brand?post=40724"},{"taxonomy":"product_cat","embeddable":true,"href":"https:\/\/alleegalerii.ee\/en\/wp-json\/wp\/v2\/product_cat?post=40724"},{"taxonomy":"product_tag","embeddable":true,"href":"https:\/\/alleegalerii.ee\/en\/wp-json\/wp\/v2\/product_tag?post=40724"}],"curies":[{"name":"wp","href":"https:\/\/api.w.org\/{rel}","templated":true}]}}