{"id":40723,"date":"2026-04-13T23:22:21","date_gmt":"2026-04-13T20:22:21","guid":{"rendered":"https:\/\/alleegalerii.ee\/?post_type=product&#038;p=40723"},"modified":"2026-04-13T23:22:21","modified_gmt":"2026-04-13T20:22:21","slug":"herald-eelma-saaremaa-kula-1966","status":"publish","type":"product","link":"https:\/\/alleegalerii.ee\/en\/shop\/herald-eelma-saaremaa-kula-1966\/","title":{"rendered":"Herald Eelma &#8220;Saaremaa k\u00fcla&#8221;, 1966"},"content":{"rendered":"","protected":false},"excerpt":{"rendered":"<p>V\u00e4rviline linooll\u00f5ige paberil. Raamitud.<\/p>\n<p>M\u00f5\u00f5dud: ava 12,5 x 27 cm, raamiga 28,5 x 42,5 cm.<\/p>\n<p>All vasakul: &#8220;Saaremaa k\u00fcla&#8221; v. linool<br \/>\nAll paremal: H Eelma 66.<\/p>\n<p>1959. aastal ERKI l\u00f5petanud Herald Eelma alustas kohe peale kooli aktiivset kunstitegevust ning juba 1961. aastal sai temast Eesti Kunstnike Liidu liige. Lisaks arvukatele teistele tunnustustele on Eelmad lausa kahekordselt auhinnatud Kristjan Raua preemiaga.<\/p>\n","protected":false},"featured_media":40731,"template":"","meta":{"_acf_changed":false},"product_brand":[],"product_cat":[61,59],"product_tag":[60],"class_list":{"0":"post-40723","1":"product","2":"type-product","3":"status-publish","4":"has-post-thumbnail","6":"product_cat-graafika","7":"product_cat-e-pood","8":"product_tag-e-pood","10":"first","11":"instock","12":"sold-individually","13":"shipping-taxable","14":"purchasable","15":"product-type-simple"},"acf":[],"_links":{"self":[{"href":"https:\/\/alleegalerii.ee\/en\/wp-json\/wp\/v2\/product\/40723","targetHints":{"allow":["GET"]}}],"collection":[{"href":"https:\/\/alleegalerii.ee\/en\/wp-json\/wp\/v2\/product"}],"about":[{"href":"https:\/\/alleegalerii.ee\/en\/wp-json\/wp\/v2\/types\/product"}],"wp:featuredmedia":[{"embeddable":true,"href":"https:\/\/alleegalerii.ee\/en\/wp-json\/wp\/v2\/media\/40731"}],"wp:attachment":[{"href":"https:\/\/alleegalerii.ee\/en\/wp-json\/wp\/v2\/media?parent=40723"}],"wp:term":[{"taxonomy":"product_brand","embeddable":true,"href":"https:\/\/alleegalerii.ee\/en\/wp-json\/wp\/v2\/product_brand?post=40723"},{"taxonomy":"product_cat","embeddable":true,"href":"https:\/\/alleegalerii.ee\/en\/wp-json\/wp\/v2\/product_cat?post=40723"},{"taxonomy":"product_tag","embeddable":true,"href":"https:\/\/alleegalerii.ee\/en\/wp-json\/wp\/v2\/product_tag?post=40723"}],"curies":[{"name":"wp","href":"https:\/\/api.w.org\/{rel}","templated":true}]}}