{"id":38096,"date":"2026-03-13T00:12:07","date_gmt":"2026-03-12T22:12:07","guid":{"rendered":"https:\/\/alleegalerii.ee\/?post_type=product&#038;p=38096"},"modified":"2026-03-19T00:53:20","modified_gmt":"2026-03-18T22:53:20","slug":"andres-tolts-maastik-vii-2012","status":"publish","type":"product","link":"https:\/\/alleegalerii.ee\/en\/shop\/andres-tolts-maastik-vii-2012\/","title":{"rendered":"Andres Tolts &#8220;Maastik VII&#8221;, 2012"},"content":{"rendered":"","protected":false},"excerpt":{"rendered":"<p>Akr\u00fc\u00fcl l\u00f5uendil. Raamitud.<\/p>\n<p>M\u00f5\u00f5dud: 30 x 40 cm, raamiga 35,5 x 45 cm.<\/p>\n<p>All paremal: TOLTS 12<br \/>\nP\u00f6\u00f6rdel: Andres Tolts Maastik VII 2012 akr\u00fc\u00fcl\/l\u00f5uend 30&#215;40<\/p>\n<p>Legendaarse kunstir\u00fchmituse SOUP\u00b469 \u00fcks asutajaliikmeid, Andres Tolts (1949-2014) oli kontseptuaalse kunsti siinseid juhtfiguure. Argielulisi objekte oma kunsti tuues pani ta vaataja unustama nende praktilist t\u00e4hendust ja n\u00e4gema nende visuaalset v\u00e4\u00e4rtust.<\/p>\n<p data-path-to-node=\"3\">Teose &#8220;Maastik VII&#8221; kompositsioon on rangelt jaotatud vertikaalseteks tsoonideks, kus keskmine bee\u017eikas paneel toimib raamina kahele erinevale &#8220;pildile pildis&#8221;. Maali k\u00fcljepaneelid on kaetud Toltsile iseloomuliku t\u00e4pilise mustriga, mis loob kontrasti keskmise osa puhtusega. Nende osade vahel asuv ruudustik toimib r\u00fctmilise aktsendina, mis hoiab kogu visuaalset s\u00fcsteemi tasakaalus. Tolts on loonud siin intellektuaalse maastiku, kus kohtuvad kord ja kaos, graafiline joon ja maaliline faktuur.<\/p>\n","protected":false},"featured_media":38099,"template":"","meta":{"_acf_changed":false},"product_brand":[],"product_cat":[415,59,96],"product_tag":[60],"class_list":{"0":"post-38096","1":"product","2":"type-product","3":"status-publish","4":"has-post-thumbnail","6":"product_cat-maal","7":"product_cat-e-pood","8":"product_cat-akruul","9":"product_tag-e-pood","11":"first","12":"instock","13":"sold-individually","14":"shipping-taxable","15":"purchasable","16":"product-type-simple"},"acf":[],"_links":{"self":[{"href":"https:\/\/alleegalerii.ee\/en\/wp-json\/wp\/v2\/product\/38096","targetHints":{"allow":["GET"]}}],"collection":[{"href":"https:\/\/alleegalerii.ee\/en\/wp-json\/wp\/v2\/product"}],"about":[{"href":"https:\/\/alleegalerii.ee\/en\/wp-json\/wp\/v2\/types\/product"}],"wp:featuredmedia":[{"embeddable":true,"href":"https:\/\/alleegalerii.ee\/en\/wp-json\/wp\/v2\/media\/38099"}],"wp:attachment":[{"href":"https:\/\/alleegalerii.ee\/en\/wp-json\/wp\/v2\/media?parent=38096"}],"wp:term":[{"taxonomy":"product_brand","embeddable":true,"href":"https:\/\/alleegalerii.ee\/en\/wp-json\/wp\/v2\/product_brand?post=38096"},{"taxonomy":"product_cat","embeddable":true,"href":"https:\/\/alleegalerii.ee\/en\/wp-json\/wp\/v2\/product_cat?post=38096"},{"taxonomy":"product_tag","embeddable":true,"href":"https:\/\/alleegalerii.ee\/en\/wp-json\/wp\/v2\/product_tag?post=38096"}],"curies":[{"name":"wp","href":"https:\/\/api.w.org\/{rel}","templated":true}]}}