{"id":38095,"date":"2026-03-13T09:57:13","date_gmt":"2026-03-13T07:57:13","guid":{"rendered":"https:\/\/alleegalerii.ee\/?post_type=product&#038;p=38095"},"modified":"2026-04-28T22:17:17","modified_gmt":"2026-04-28T19:17:17","slug":"malle-leis-roomsaid-joule-1988","status":"publish","type":"product","link":"https:\/\/alleegalerii.ee\/en\/shop\/malle-leis-roomsaid-joule-1988\/","title":{"rendered":"BRON. Malle Leis &#8220;R\u00f5\u00f5msaid j\u00f5ule!&#8221;, 1988"},"content":{"rendered":"","protected":false},"excerpt":{"rendered":"<p>Serigraafia paberil. Raamitud.<\/p>\n<p>M\u00f5\u00f5dud: km 18 x 32,7 cm, raamiga 36 x 49 cm.<\/p>\n<p>All vasakul: R\u00f5\u00f5msaid j\u00f5ule!<br \/>\nAll keskel: 21\/100<br \/>\nAll paremal: M. Leis 1988.a.<\/p>\n<p>Malle Leisi (1940-2017) loomingut on m\u00f5jutanud nii s\u00fcrrealism kui popkunst. 1970. aastatel naases kunstnik h\u00fcperrealismi m\u00f5jul loodusl\u00e4hedase vormik\u00f5ne poole, milles ta sai inspiratsiooni klassikast \u2013 vanahiina kunstist ja\u00a0 17. sajandi hollandi lillemaalidest-nat\u00fc\u00fcrmortidest. Aja jooksul leidis kunstnik aina uusi botaanilisi liike, mis teda inspireerisid.<\/p>\n<p data-path-to-node=\"3\">Maasikataim, mida enamasti seostame ju suvega, on siin aga t\u00f5stetud talvise pidulikkuse s\u00fcmboliks. Nii on teos \u00a0on korraga karge ja soe, m\u00e4ngides kontrastil suvise motiivi ja talvise lume vahel. See s\u00fcrrealistlik nihe \u2013 maasikad keset talve \u2013 on autorile iseloomulik v\u00f5te, mis muudab argise motiivi s\u00fcgavaks ja poeetiliseks kunstiteoseks.<\/p>\n","protected":false},"featured_media":38108,"template":"","meta":{"_acf_changed":false},"product_brand":[],"product_cat":[61,59],"product_tag":[60],"class_list":{"0":"post-38095","1":"product","2":"type-product","3":"status-publish","4":"has-post-thumbnail","6":"product_cat-graafika","7":"product_cat-e-pood","8":"product_tag-e-pood","10":"first","11":"instock","12":"sold-individually","13":"shipping-taxable","14":"purchasable","15":"product-type-simple"},"acf":[],"_links":{"self":[{"href":"https:\/\/alleegalerii.ee\/en\/wp-json\/wp\/v2\/product\/38095","targetHints":{"allow":["GET"]}}],"collection":[{"href":"https:\/\/alleegalerii.ee\/en\/wp-json\/wp\/v2\/product"}],"about":[{"href":"https:\/\/alleegalerii.ee\/en\/wp-json\/wp\/v2\/types\/product"}],"wp:featuredmedia":[{"embeddable":true,"href":"https:\/\/alleegalerii.ee\/en\/wp-json\/wp\/v2\/media\/38108"}],"wp:attachment":[{"href":"https:\/\/alleegalerii.ee\/en\/wp-json\/wp\/v2\/media?parent=38095"}],"wp:term":[{"taxonomy":"product_brand","embeddable":true,"href":"https:\/\/alleegalerii.ee\/en\/wp-json\/wp\/v2\/product_brand?post=38095"},{"taxonomy":"product_cat","embeddable":true,"href":"https:\/\/alleegalerii.ee\/en\/wp-json\/wp\/v2\/product_cat?post=38095"},{"taxonomy":"product_tag","embeddable":true,"href":"https:\/\/alleegalerii.ee\/en\/wp-json\/wp\/v2\/product_tag?post=38095"}],"curies":[{"name":"wp","href":"https:\/\/api.w.org\/{rel}","templated":true}]}}