{"id":38074,"date":"2026-03-12T14:04:33","date_gmt":"2026-03-12T12:04:33","guid":{"rendered":"https:\/\/alleegalerii.ee\/?post_type=product&#038;p=38074"},"modified":"2026-04-23T22:38:52","modified_gmt":"2026-04-23T19:38:52","slug":"ott-kangilaski-laoba-1964","status":"publish","type":"product","link":"https:\/\/alleegalerii.ee\/en\/shop\/ott-kangilaski-laoba-1964\/","title":{"rendered":"Ott Kangilaski &#8220;Laoba&#8221;, 1964"},"content":{"rendered":"","protected":false},"excerpt":{"rendered":"<p>Kuivn\u00f5el paberil. Raamitud (soovitame raami vahetust, mille osas saame soovi korral abiks olla).<\/p>\n<p>M\u00f5\u00f5dud: plm 19,6 x 29,9 cm, raamiga 37 x 45 cm.<\/p>\n<p>All vasakul: Laoba (kuivn\u00f5el) 24\/40<br \/>\nAll paremal: Ott Kangilaski 1964<\/p>\n<p>Viljandimaal s\u00fcndinud Ott Kangilaski looming toetub suures osas rahvaluulele ja -p\u00e4rimustele, mida ta enne \u201cPallasesse\u201d \u00f5ppima asumist Tartu \u00dclikooli filosoofia osakonnas tudeeris, ent olulise osa tema teostest moodustavad ka Eestimaa kaunite paikade j\u00e4\u00e4dvustused. Virtuoosse joonistajana kuuluvad tema teosed eesti graafika raudvarasse.<\/p>\n<p>Kihnu saarel asuvat Laoba randa kujutaval teosel annab Kangilaski edasi rannamaastikule omast rahu ja ajatust.<\/p>\n<p>&nbsp;<\/p>\n","protected":false},"featured_media":38082,"template":"","meta":{"_acf_changed":false},"product_brand":[],"product_cat":[61,57,59],"product_tag":[60],"class_list":{"0":"post-38074","1":"product","2":"type-product","3":"status-publish","4":"has-post-thumbnail","6":"product_cat-graafika","7":"product_cat-muudud","8":"product_cat-e-pood","9":"product_tag-e-pood","11":"first","12":"outofstock","13":"sold-individually","14":"shipping-taxable","15":"purchasable","16":"product-type-simple"},"acf":[],"_links":{"self":[{"href":"https:\/\/alleegalerii.ee\/en\/wp-json\/wp\/v2\/product\/38074","targetHints":{"allow":["GET"]}}],"collection":[{"href":"https:\/\/alleegalerii.ee\/en\/wp-json\/wp\/v2\/product"}],"about":[{"href":"https:\/\/alleegalerii.ee\/en\/wp-json\/wp\/v2\/types\/product"}],"wp:featuredmedia":[{"embeddable":true,"href":"https:\/\/alleegalerii.ee\/en\/wp-json\/wp\/v2\/media\/38082"}],"wp:attachment":[{"href":"https:\/\/alleegalerii.ee\/en\/wp-json\/wp\/v2\/media?parent=38074"}],"wp:term":[{"taxonomy":"product_brand","embeddable":true,"href":"https:\/\/alleegalerii.ee\/en\/wp-json\/wp\/v2\/product_brand?post=38074"},{"taxonomy":"product_cat","embeddable":true,"href":"https:\/\/alleegalerii.ee\/en\/wp-json\/wp\/v2\/product_cat?post=38074"},{"taxonomy":"product_tag","embeddable":true,"href":"https:\/\/alleegalerii.ee\/en\/wp-json\/wp\/v2\/product_tag?post=38074"}],"curies":[{"name":"wp","href":"https:\/\/api.w.org\/{rel}","templated":true}]}}