{"id":38060,"date":"2026-03-12T13:41:39","date_gmt":"2026-03-12T11:41:39","guid":{"rendered":"https:\/\/alleegalerii.ee\/?post_type=product&#038;p=38060"},"modified":"2026-03-13T10:14:14","modified_gmt":"2026-03-13T08:14:14","slug":"mart-laarman-ahja-jogi-1964","status":"publish","type":"product","link":"https:\/\/alleegalerii.ee\/en\/shop\/mart-laarman-ahja-jogi-1964\/","title":{"rendered":"M\u00e4rt Laarman &#8220;Ahja j\u00f5gi&#8221;, 1964"},"content":{"rendered":"","protected":false},"excerpt":{"rendered":"<p>Vineerl\u00f5ige paberil. Raamitud.<\/p>\n<p>M\u00f5\u00f5dud: km 51,3 x 24 cm, raamiga 72 x 41 cm.<\/p>\n<p>All vasakul: Ahja j\u00f5gi Vineerl\u00f5ige 1964. II 59\/100<br \/>\nAll paremal: M. Laarman<\/p>\n<p>M\u00e4rt Laarman (1896-1979) m\u00e4ngis olulist rolli 1920. ja 1930. aastate kunsti uuendamisel ning v\u00e4rskendas oma ideedega eesti raamatu muidu \u00fcsna konservatiivset stiili. Nii maalija kui graafikuna tegutsenud kunstnik aitas kaasa graafikakunsti arengule ka \u00fcldisemalt v\u00f5ttes sel teemal avalikult s\u00f5na. Eesti Kunstnikkude Ryhma liikmena t\u00f5i ta siinsesse kunsti konstruktivistlikke ja kubistlikke m\u00f5jutusi, mis s\u00e4ilisid tema graafilises k\u00e4ekirjas ka hilisematel loomeperioodidel.<\/p>\n<p data-path-to-node=\"3\">Puul\u00f5ige &#8220;Ahja j\u00f5gi&#8221; on v\u00e4ljapaistev n\u00e4ide kunstniku oskusest stiliseerida loodusmotiiv \u00fchtseks r\u00fctmiliseks tervikuks.<\/p>\n","protected":false},"featured_media":38063,"template":"","meta":{"_acf_changed":false},"product_brand":[],"product_cat":[61,59],"product_tag":[60],"class_list":{"0":"post-38060","1":"product","2":"type-product","3":"status-publish","4":"has-post-thumbnail","6":"product_cat-graafika","7":"product_cat-e-pood","8":"product_tag-e-pood","10":"first","11":"instock","12":"sold-individually","13":"shipping-taxable","14":"purchasable","15":"product-type-simple"},"acf":[],"_links":{"self":[{"href":"https:\/\/alleegalerii.ee\/en\/wp-json\/wp\/v2\/product\/38060","targetHints":{"allow":["GET"]}}],"collection":[{"href":"https:\/\/alleegalerii.ee\/en\/wp-json\/wp\/v2\/product"}],"about":[{"href":"https:\/\/alleegalerii.ee\/en\/wp-json\/wp\/v2\/types\/product"}],"wp:featuredmedia":[{"embeddable":true,"href":"https:\/\/alleegalerii.ee\/en\/wp-json\/wp\/v2\/media\/38063"}],"wp:attachment":[{"href":"https:\/\/alleegalerii.ee\/en\/wp-json\/wp\/v2\/media?parent=38060"}],"wp:term":[{"taxonomy":"product_brand","embeddable":true,"href":"https:\/\/alleegalerii.ee\/en\/wp-json\/wp\/v2\/product_brand?post=38060"},{"taxonomy":"product_cat","embeddable":true,"href":"https:\/\/alleegalerii.ee\/en\/wp-json\/wp\/v2\/product_cat?post=38060"},{"taxonomy":"product_tag","embeddable":true,"href":"https:\/\/alleegalerii.ee\/en\/wp-json\/wp\/v2\/product_tag?post=38060"}],"curies":[{"name":"wp","href":"https:\/\/api.w.org\/{rel}","templated":true}]}}