{"id":38058,"date":"2026-03-13T10:30:32","date_gmt":"2026-03-13T08:30:32","guid":{"rendered":"https:\/\/alleegalerii.ee\/?post_type=product&#038;p=38058"},"modified":"2026-03-13T10:33:33","modified_gmt":"2026-03-13T08:33:33","slug":"sirje-eelma-valgustid-v-v-1996","status":"publish","type":"product","link":"https:\/\/alleegalerii.ee\/en\/shop\/sirje-eelma-valgustid-v-v-1996\/","title":{"rendered":"Sirje Eelma &#8220;Valgustid V\/V&#8221;, 1996"},"content":{"rendered":"","protected":false},"excerpt":{"rendered":"<p>Autoritehnika paberil. Raamitud.<\/p>\n<p>M\u00f5\u00f5dud: km 48,3 x 20,8 cm, raamiga 64 x 36 cm.<\/p>\n<p>All vasakul: XXIII sarjast &#8220;Valgustid&#8221; V\/V E.A. Tpl&#8217;a (carbo, plastik)<br \/>\nAll paremal: SEelma &#8217;96<\/p>\n<p>Nii Eduard Wiiralti preemiale nomineeritud kui mitmeid mainekaid rahvusvahelisi auhindu v\u00f5itnud graafik Sirje Eelma (s 1950) on oma loomingus pidevas muutumises. Diplomilt moekunstnik, l\u00f6\u00f6b Eelma abstraktse kujundikeelega t\u00f6\u00f6des l\u00e4bi elegants, konstruktiivsus ja v\u00e4rviaktsendid, mis tervikm\u00f5ju valitsevad.<\/p>\n<p>Eelma loomingut iseloomustab sarjalisus ja r\u00fctmilisus, kus korduvad motiivid muutuvad m\u00e4rkideks ja s\u00fcmboliteks, peegeldades autori huvi ruumi, valguse ja struktuuri vaheliste seoste vastu.<\/p>\n<p>&nbsp;<\/p>\n","protected":false},"featured_media":38069,"template":"","meta":{"_acf_changed":false},"product_brand":[],"product_cat":[61,59],"product_tag":[60],"class_list":{"0":"post-38058","1":"product","2":"type-product","3":"status-publish","4":"has-post-thumbnail","6":"product_cat-graafika","7":"product_cat-e-pood","8":"product_tag-e-pood","10":"first","11":"instock","12":"sold-individually","13":"shipping-taxable","14":"purchasable","15":"product-type-simple"},"acf":[],"_links":{"self":[{"href":"https:\/\/alleegalerii.ee\/en\/wp-json\/wp\/v2\/product\/38058","targetHints":{"allow":["GET"]}}],"collection":[{"href":"https:\/\/alleegalerii.ee\/en\/wp-json\/wp\/v2\/product"}],"about":[{"href":"https:\/\/alleegalerii.ee\/en\/wp-json\/wp\/v2\/types\/product"}],"wp:featuredmedia":[{"embeddable":true,"href":"https:\/\/alleegalerii.ee\/en\/wp-json\/wp\/v2\/media\/38069"}],"wp:attachment":[{"href":"https:\/\/alleegalerii.ee\/en\/wp-json\/wp\/v2\/media?parent=38058"}],"wp:term":[{"taxonomy":"product_brand","embeddable":true,"href":"https:\/\/alleegalerii.ee\/en\/wp-json\/wp\/v2\/product_brand?post=38058"},{"taxonomy":"product_cat","embeddable":true,"href":"https:\/\/alleegalerii.ee\/en\/wp-json\/wp\/v2\/product_cat?post=38058"},{"taxonomy":"product_tag","embeddable":true,"href":"https:\/\/alleegalerii.ee\/en\/wp-json\/wp\/v2\/product_tag?post=38058"}],"curies":[{"name":"wp","href":"https:\/\/api.w.org\/{rel}","templated":true}]}}