{"id":38047,"date":"2026-03-13T07:25:47","date_gmt":"2026-03-13T05:25:47","guid":{"rendered":"https:\/\/alleegalerii.ee\/?post_type=product&#038;p=38047"},"modified":"2026-03-13T10:48:02","modified_gmt":"2026-03-13T08:48:02","slug":"tiit-markin-rannikul-1991","status":"publish","type":"product","link":"https:\/\/alleegalerii.ee\/en\/shop\/tiit-markin-rannikul-1991\/","title":{"rendered":"Tiit Markin &#8220;Rannikul&#8221;, 1991"},"content":{"rendered":"","protected":false},"excerpt":{"rendered":"<p>\u00d5li masoniidil.<\/p>\n<p>M\u00f5\u00f5dud: 47,5 x 67,5 cm.<\/p>\n<p>All paremal: TMarkin 91<\/p>\n<p>Teos on m\u00fc\u00fcgil raamimata kujul. Soovi korral saame abiks olla raamimisel.<\/p>\n<p>August Janseni k\u00e4e all maalima \u00f5ppinud Tiit Markinist kujunes p\u00f5hjarannikul asuva rannak\u00fcla Eisma armastatumaid kunsti\u00f5petajaid. Selle kandi tuntuima kunstniku, Richard Uutmaa eeskujul paelusid tedagi enim just meri ja loodus laiemalt.<\/p>\n<p>Markini tundlikes maastikes on ta suutnud tabada p\u00f5hjamaise looduse kargust ja vaheldusrikkust. Kunstniku k\u00e4ekiri on \u00e4ratuntav oma aususe ja pretensioonituse poolest, eelistades vahetut muljet keerukatele kontseptsioonidele.<\/p>\n","protected":false},"featured_media":38048,"template":"","meta":{"_acf_changed":false},"product_brand":[],"product_cat":[415,56,59],"product_tag":[60],"class_list":{"0":"post-38047","1":"product","2":"type-product","3":"status-publish","4":"has-post-thumbnail","6":"product_cat-maal","7":"product_cat-olimaal","8":"product_cat-e-pood","9":"product_tag-e-pood","11":"first","12":"instock","13":"shipping-taxable","14":"purchasable","15":"product-type-simple"},"acf":[],"_links":{"self":[{"href":"https:\/\/alleegalerii.ee\/en\/wp-json\/wp\/v2\/product\/38047","targetHints":{"allow":["GET"]}}],"collection":[{"href":"https:\/\/alleegalerii.ee\/en\/wp-json\/wp\/v2\/product"}],"about":[{"href":"https:\/\/alleegalerii.ee\/en\/wp-json\/wp\/v2\/types\/product"}],"wp:featuredmedia":[{"embeddable":true,"href":"https:\/\/alleegalerii.ee\/en\/wp-json\/wp\/v2\/media\/38048"}],"wp:attachment":[{"href":"https:\/\/alleegalerii.ee\/en\/wp-json\/wp\/v2\/media?parent=38047"}],"wp:term":[{"taxonomy":"product_brand","embeddable":true,"href":"https:\/\/alleegalerii.ee\/en\/wp-json\/wp\/v2\/product_brand?post=38047"},{"taxonomy":"product_cat","embeddable":true,"href":"https:\/\/alleegalerii.ee\/en\/wp-json\/wp\/v2\/product_cat?post=38047"},{"taxonomy":"product_tag","embeddable":true,"href":"https:\/\/alleegalerii.ee\/en\/wp-json\/wp\/v2\/product_tag?post=38047"}],"curies":[{"name":"wp","href":"https:\/\/api.w.org\/{rel}","templated":true}]}}