{"id":38046,"date":"2026-03-12T13:05:01","date_gmt":"2026-03-12T11:05:01","guid":{"rendered":"https:\/\/alleegalerii.ee\/?post_type=product&#038;p=38046"},"modified":"2026-03-13T09:49:45","modified_gmt":"2026-03-13T07:49:45","slug":"vaino-paris-roosid-1975-kopeeri","status":"publish","type":"product","link":"https:\/\/alleegalerii.ee\/en\/shop\/vaino-paris-roosid-1975-kopeeri\/","title":{"rendered":"V\u00e4ino Paris &#8220;Roosid&#8221;, 1975"},"content":{"rendered":"","protected":false},"excerpt":{"rendered":"<p>\u00d5li kartongil. Raamitud.<\/p>\n<p>M\u00f5\u00f5dud: 31,5 x 29 cm, raamiga 34 x 32 cm.<\/p>\n<p>All paremal: V\u00e4ino Paris 75<br \/>\nP\u00f6\u00f6rdel: &#8220;Roosid&#8221; V\u00e4ino Paris 1975. Tallinn.<\/p>\n<p>Tartus kunstnike perre s\u00fcndinud ning Tallinnas kunstihariduse omandanud V\u00e4ino Parise (1921-2001) lopsakas pintslit\u00f6\u00f6 leidis koha nii tema maastikel kui lillemaalidel. Tema spontaanne, ent kontrollitud l\u00f6\u00f6k aitab modelleerida vormi puhtalt v\u00e4rvi ja faktuuri kaudu.<\/p>\n","protected":false},"featured_media":38052,"template":"","meta":{"_acf_changed":false},"product_brand":[],"product_cat":[415,56,59],"product_tag":[60],"class_list":{"0":"post-38046","1":"product","2":"type-product","3":"status-publish","4":"has-post-thumbnail","6":"product_cat-maal","7":"product_cat-olimaal","8":"product_cat-e-pood","9":"product_tag-e-pood","11":"first","12":"instock","13":"sold-individually","14":"shipping-taxable","15":"purchasable","16":"product-type-simple"},"acf":[],"_links":{"self":[{"href":"https:\/\/alleegalerii.ee\/en\/wp-json\/wp\/v2\/product\/38046","targetHints":{"allow":["GET"]}}],"collection":[{"href":"https:\/\/alleegalerii.ee\/en\/wp-json\/wp\/v2\/product"}],"about":[{"href":"https:\/\/alleegalerii.ee\/en\/wp-json\/wp\/v2\/types\/product"}],"wp:featuredmedia":[{"embeddable":true,"href":"https:\/\/alleegalerii.ee\/en\/wp-json\/wp\/v2\/media\/38052"}],"wp:attachment":[{"href":"https:\/\/alleegalerii.ee\/en\/wp-json\/wp\/v2\/media?parent=38046"}],"wp:term":[{"taxonomy":"product_brand","embeddable":true,"href":"https:\/\/alleegalerii.ee\/en\/wp-json\/wp\/v2\/product_brand?post=38046"},{"taxonomy":"product_cat","embeddable":true,"href":"https:\/\/alleegalerii.ee\/en\/wp-json\/wp\/v2\/product_cat?post=38046"},{"taxonomy":"product_tag","embeddable":true,"href":"https:\/\/alleegalerii.ee\/en\/wp-json\/wp\/v2\/product_tag?post=38046"}],"curies":[{"name":"wp","href":"https:\/\/api.w.org\/{rel}","templated":true}]}}